{"id":5317815,"date":"2026-01-19T14:56:29","date_gmt":"2026-01-19T12:56:29","guid":{"rendered":"https:\/\/gadgettravellers.eu\/shop\/melograno-ceramica-rosso-lucido-105x95cm-xmasfest-1133863\/"},"modified":"2026-04-22T22:57:54","modified_gmt":"2026-04-22T20:57:54","slug":"melograno-ceramica-rosso-lucido-105x95cm-xmasfest-1133863","status":"publish","type":"product","link":"https:\/\/gadgettravellers.eu\/it\/shop\/melograno-ceramica-rosso-lucido-105x95cm-xmasfest-1133863\/","title":{"rendered":"Melograno Ceramica Rosso Lucido 10,5&#215;9,5cm Xmasfest 1133863"},"content":{"rendered":"<p>Ceramica 10,5&#215;9,5cm<\/p>\n<div class='aiseo-faq-section' style='margin-top:30px; border-top:1px solid #eee; padding-top:20px;'>\n<h3>Domande Frequenti<\/h3>\n<details style='margin-bottom:10px; padding:10px; background:#f9f9f9; border-radius:5px;'>\n<summary style='font-weight:bold; cursor:pointer;'>Di che materiale \u00e8 il prodotto?<\/summary>\n<div style='margin-top:10px; color:#555;'>\u00c8 realizzato in ceramica.<\/div>\n<\/details>\n<details style='margin-bottom:10px; padding:10px; background:#f9f9f9; border-radius:5px;'>\n<summary style='font-weight:bold; cursor:pointer;'>Quali sono le dimensioni?<\/summary>\n<div style='margin-top:10px; color:#555;'>Le dimensioni sono 10,5&#215;9,5 cm.<\/div>\n<\/details>\n<details style='margin-bottom:10px; padding:10px; background:#f9f9f9; border-radius:5px;'>\n<summary style='font-weight:bold; cursor:pointer;'>Per quale uso \u00e8 destinato il prodotto?<\/summary>\n<div style='margin-top:10px; color:#555;'>Destinato all&#8217;uso natalizio come ornamento e per la decorazione della sala da pranzo.<\/div>\n<\/details>\n<details style='margin-bottom:10px; padding:10px; background:#f9f9f9; border-radius:5px;'>\n<summary style='font-weight:bold; cursor:pointer;'>Che tipo di finitura ha?<\/summary>\n<div style='margin-top:10px; color:#555;'>Ha una finitura lucida e resistente.<\/div>\n<\/details>\n<details style='margin-bottom:10px; padding:10px; background:#f9f9f9; border-radius:5px;'>\n<summary style='font-weight:bold; cursor:pointer;'>\u00c8 pronto per essere regalato?<\/summary>\n<div style='margin-top:10px; color:#555;'>S\u00ec, \u00e8 pronto per essere regalato grazie alla sua finitura e al suo aspetto.<\/div>\n<\/details>\n<\/div>\n","protected":false},"excerpt":{"rendered":"<p>Ceramica 10,5&#215;9,5cm Domande Frequenti Di che materiale \u00e8 il prodotto? \u00c8 realizzato in ceramica. Quali sono le dimensioni? Le dimensioni sono 10,5&#215;9,5 cm. Per quale uso \u00e8 destinato il prodotto? Destinato all&#8217;uso natalizio come ornamento e per la decorazione della sala da pranzo. Che tipo di finitura ha? Ha una finitura lucida e resistente. \u00c8 [&hellip;]<\/p>\n","protected":false},"featured_media":5184436,"comment_status":"closed","ping_status":"open","template":"","meta":[],"product_brand":[],"product_cat":[],"product_tag":[15],"class_list":{"0":"post-5317815","1":"product","2":"type-product","3":"status-publish","4":"has-post-thumbnail","6":"product_tag-uncategorized","8":"first","9":"onbackorder","10":"purchasable","11":"product-type-simple"},"jetpack_sharing_enabled":true,"_links":{"self":[{"href":"https:\/\/gadgettravellers.eu\/it\/wp-json\/wp\/v2\/product\/5317815","targetHints":{"allow":["GET"]}}],"collection":[{"href":"https:\/\/gadgettravellers.eu\/it\/wp-json\/wp\/v2\/product"}],"about":[{"href":"https:\/\/gadgettravellers.eu\/it\/wp-json\/wp\/v2\/types\/product"}],"replies":[{"embeddable":true,"href":"https:\/\/gadgettravellers.eu\/it\/wp-json\/wp\/v2\/comments?post=5317815"}],"wp:featuredmedia":[{"embeddable":true,"href":"https:\/\/gadgettravellers.eu\/it\/wp-json\/wp\/v2\/media\/5184436"}],"wp:attachment":[{"href":"https:\/\/gadgettravellers.eu\/it\/wp-json\/wp\/v2\/media?parent=5317815"}],"wp:term":[{"taxonomy":"product_brand","embeddable":true,"href":"https:\/\/gadgettravellers.eu\/it\/wp-json\/wp\/v2\/product_brand?post=5317815"},{"taxonomy":"product_cat","embeddable":true,"href":"https:\/\/gadgettravellers.eu\/it\/wp-json\/wp\/v2\/product_cat?post=5317815"},{"taxonomy":"product_tag","embeddable":true,"href":"https:\/\/gadgettravellers.eu\/it\/wp-json\/wp\/v2\/product_tag?post=5317815"}],"curies":[{"name":"wp","href":"https:\/\/api.w.org\/{rel}","templated":true}]}}