{"id":5317817,"date":"2026-01-19T14:56:30","date_gmt":"2026-01-19T12:56:30","guid":{"rendered":"https:\/\/gadgettravellers.eu\/shop\/piatto-di-plastica-dorato-o31cm-xmasfest-1133872\/"},"modified":"2026-05-05T06:04:08","modified_gmt":"2026-05-05T04:04:08","slug":"piatto-di-plastica-dorato-o31cm-xmasfest-1133872","status":"publish","type":"product","link":"https:\/\/gadgettravellers.eu\/it\/shop\/piatto-di-plastica-dorato-o31cm-xmasfest-1133872\/","title":{"rendered":"Piatto di plastica dorato \u00f831cm Xmasfest 1133872"},"content":{"rendered":"<p>\u00f831cm<\/p>\n<div class='aiseo-faq-section' style='margin-top:30px; border-top:1px solid #eee; padding-top:20px;'>\n<h3>Domande Frequenti<\/h3>\n<details style='margin-bottom:10px; padding:10px; background:#f9f9f9; border-radius:5px;'>\n<summary style='font-weight:bold; cursor:pointer;'>Di che materiale \u00e8 il vassoio?<\/summary>\n<div style='margin-top:10px; color:#555;'>\u00c8 realizzata in plastica con finitura dorata.<\/div>\n<\/details>\n<details style='margin-bottom:10px; padding:10px; background:#f9f9f9; border-radius:5px;'>\n<summary style='font-weight:bold; cursor:pointer;'>Qual \u00e8 il diametro del piatto?<\/summary>\n<div style='margin-top:10px; color:#555;'>Il diametro \u00e8 31 cm.<\/div>\n<\/details>\n<details style='margin-bottom:10px; padding:10px; background:#f9f9f9; border-radius:5px;'>\n<summary style='font-weight:bold; cursor:pointer;'>\u00c8 adatta per feste di Natale e buffet?<\/summary>\n<div style='margin-top:10px; color:#555;'>S\u00ec, \u00e8 ideale per feste di Natale, party e buffet aziendali.<\/div>\n<\/details>\n<details style='margin-bottom:10px; padding:10px; background:#f9f9f9; border-radius:5px;'>\n<summary style='font-weight:bold; cursor:pointer;'>Che tipi di cibo posso servire?<\/summary>\n<div style='margin-top:10px; color:#555;'>Adatta per dolci, salati e piccoli antipasti.<\/div>\n<\/details>\n<\/div>\n","protected":false},"excerpt":{"rendered":"<p>\u00f831cm Domande Frequenti Di che materiale \u00e8 il vassoio? \u00c8 realizzata in plastica con finitura dorata. Qual \u00e8 il diametro del piatto? Il diametro \u00e8 31 cm. \u00c8 adatta per feste di Natale e buffet? S\u00ec, \u00e8 ideale per feste di Natale, party e buffet aziendali. Che tipi di cibo posso servire? Adatta per dolci, [&hellip;]<\/p>\n","protected":false},"featured_media":5184456,"comment_status":"closed","ping_status":"open","template":"","meta":[],"product_brand":[],"product_cat":[],"product_tag":[15],"class_list":{"0":"post-5317817","1":"product","2":"type-product","3":"status-publish","4":"has-post-thumbnail","6":"product_tag-uncategorized","8":"first","9":"onbackorder","10":"purchasable","11":"product-type-simple"},"jetpack_sharing_enabled":true,"_links":{"self":[{"href":"https:\/\/gadgettravellers.eu\/it\/wp-json\/wp\/v2\/product\/5317817","targetHints":{"allow":["GET"]}}],"collection":[{"href":"https:\/\/gadgettravellers.eu\/it\/wp-json\/wp\/v2\/product"}],"about":[{"href":"https:\/\/gadgettravellers.eu\/it\/wp-json\/wp\/v2\/types\/product"}],"replies":[{"embeddable":true,"href":"https:\/\/gadgettravellers.eu\/it\/wp-json\/wp\/v2\/comments?post=5317817"}],"wp:featuredmedia":[{"embeddable":true,"href":"https:\/\/gadgettravellers.eu\/it\/wp-json\/wp\/v2\/media\/5184456"}],"wp:attachment":[{"href":"https:\/\/gadgettravellers.eu\/it\/wp-json\/wp\/v2\/media?parent=5317817"}],"wp:term":[{"taxonomy":"product_brand","embeddable":true,"href":"https:\/\/gadgettravellers.eu\/it\/wp-json\/wp\/v2\/product_brand?post=5317817"},{"taxonomy":"product_cat","embeddable":true,"href":"https:\/\/gadgettravellers.eu\/it\/wp-json\/wp\/v2\/product_cat?post=5317817"},{"taxonomy":"product_tag","embeddable":true,"href":"https:\/\/gadgettravellers.eu\/it\/wp-json\/wp\/v2\/product_tag?post=5317817"}],"curies":[{"name":"wp","href":"https:\/\/api.w.org\/{rel}","templated":true}]}}