{"id":5317818,"date":"2026-01-19T14:56:31","date_gmt":"2026-01-19T12:56:31","guid":{"rendered":"https:\/\/gadgettravellers.eu\/shop\/piatto-di-plastica-schiaccianoci-o31cm-xmasfest-1133873\/"},"modified":"2026-04-22T22:57:56","modified_gmt":"2026-04-22T20:57:56","slug":"piatto-di-plastica-schiaccianoci-o31cm-xmasfest-1133873","status":"publish","type":"product","link":"https:\/\/gadgettravellers.eu\/it\/shop\/piatto-di-plastica-schiaccianoci-o31cm-xmasfest-1133873\/","title":{"rendered":"Piatto di plastica Schiaccianoci \u00d831cm Xmasfest 1133873"},"content":{"rendered":"<p>\u03a631cm<\/p>\n<div class='aiseo-faq-section' style='margin-top:30px; border-top:1px solid #eee; padding-top:20px;'>\n<h3>Domande Frequenti<\/h3>\n<details style='margin-bottom:10px; padding:10px; background:#f9f9f9; border-radius:5px;'>\n<summary style='font-weight:bold; cursor:pointer;'>Di che materiale \u00e8 fatto il vassoio?<\/summary>\n<div style='margin-top:10px; color:#555;'>Il vassoio \u00e8 realizzato in plastica, come indicato nella descrizione.<\/div>\n<\/details>\n<details style='margin-bottom:10px; padding:10px; background:#f9f9f9; border-radius:5px;'>\n<summary style='font-weight:bold; cursor:pointer;'>Qual \u00e8 il diametro del piatto?<\/summary>\n<div style='margin-top:10px; color:#555;'>Il diametro \u00e8 31 cm (\u03a631cm).<\/div>\n<\/details>\n<details style='margin-bottom:10px; padding:10px; background:#f9f9f9; border-radius:5px;'>\n<summary style='font-weight:bold; cursor:pointer;'>Per quali tipi di servizio \u00e8 adatta?<\/summary>\n<div style='margin-top:10px; color:#555;'>\u00c8 ideale per dolci, antipasti e frutta, specialmente durante riunioni natalizie e festive.<\/div>\n<\/details>\n<details style='margin-bottom:10px; padding:10px; background:#f9f9f9; border-radius:5px;'>\n<summary style='font-weight:bold; cursor:pointer;'>Come si pulisce e se pu\u00f2 essere riutilizzato?<\/summary>\n<div style='margin-top:10px; color:#555;'>\u00c8 facile da pulire ed \u00e8 riutilizzabile; si lava con acqua e sapone o si pulisce rapidamente con un panno.<\/div>\n<\/details>\n<\/div>\n","protected":false},"excerpt":{"rendered":"<p>\u03a631cm Domande Frequenti Di che materiale \u00e8 fatto il vassoio? Il vassoio \u00e8 realizzato in plastica, come indicato nella descrizione. Qual \u00e8 il diametro del piatto? Il diametro \u00e8 31 cm (\u03a631cm). Per quali tipi di servizio \u00e8 adatta? \u00c8 ideale per dolci, antipasti e frutta, specialmente durante riunioni natalizie e festive. Come si pulisce [&hellip;]<\/p>\n","protected":false},"featured_media":5184460,"comment_status":"closed","ping_status":"open","template":"","meta":[],"product_brand":[],"product_cat":[],"product_tag":[15],"class_list":{"0":"post-5317818","1":"product","2":"type-product","3":"status-publish","4":"has-post-thumbnail","6":"product_tag-uncategorized","8":"first","9":"onbackorder","10":"purchasable","11":"product-type-simple"},"jetpack_sharing_enabled":true,"_links":{"self":[{"href":"https:\/\/gadgettravellers.eu\/it\/wp-json\/wp\/v2\/product\/5317818","targetHints":{"allow":["GET"]}}],"collection":[{"href":"https:\/\/gadgettravellers.eu\/it\/wp-json\/wp\/v2\/product"}],"about":[{"href":"https:\/\/gadgettravellers.eu\/it\/wp-json\/wp\/v2\/types\/product"}],"replies":[{"embeddable":true,"href":"https:\/\/gadgettravellers.eu\/it\/wp-json\/wp\/v2\/comments?post=5317818"}],"wp:featuredmedia":[{"embeddable":true,"href":"https:\/\/gadgettravellers.eu\/it\/wp-json\/wp\/v2\/media\/5184460"}],"wp:attachment":[{"href":"https:\/\/gadgettravellers.eu\/it\/wp-json\/wp\/v2\/media?parent=5317818"}],"wp:term":[{"taxonomy":"product_brand","embeddable":true,"href":"https:\/\/gadgettravellers.eu\/it\/wp-json\/wp\/v2\/product_brand?post=5317818"},{"taxonomy":"product_cat","embeddable":true,"href":"https:\/\/gadgettravellers.eu\/it\/wp-json\/wp\/v2\/product_cat?post=5317818"},{"taxonomy":"product_tag","embeddable":true,"href":"https:\/\/gadgettravellers.eu\/it\/wp-json\/wp\/v2\/product_tag?post=5317818"}],"curies":[{"name":"wp","href":"https:\/\/api.w.org\/{rel}","templated":true}]}}