{"id":5317820,"date":"2026-01-19T14:56:32","date_gmt":"2026-01-19T12:56:32","guid":{"rendered":"https:\/\/gadgettravellers.eu\/shop\/piatto-di-plastica-rosso-o35cm-xmasfest-1133875\/"},"modified":"2026-04-22T22:57:56","modified_gmt":"2026-04-22T20:57:56","slug":"piatto-di-plastica-rosso-o35cm-xmasfest-1133875","status":"publish","type":"product","link":"https:\/\/gadgettravellers.eu\/it\/shop\/piatto-di-plastica-rosso-o35cm-xmasfest-1133875\/","title":{"rendered":"Piatto di plastica rosso \u00f835cm Xmasfest 1133875"},"content":{"rendered":"<p>\u00f835cm<\/p>\n<div class='aiseo-faq-section' style='margin-top:30px; border-top:1px solid #eee; padding-top:20px;'>\n<h3>Domande Frequenti<\/h3>\n<details style='margin-bottom:10px; padding:10px; background:#f9f9f9; border-radius:5px;'>\n<summary style='font-weight:bold; cursor:pointer;'>Di che materiale \u00e8 il vassoio?<\/summary>\n<div style='margin-top:10px; color:#555;'>\u00c8 realizzata in plastica ed \u00e8 sicura per il contatto con gli alimenti.<\/div>\n<\/details>\n<details style='margin-bottom:10px; padding:10px; background:#f9f9f9; border-radius:5px;'>\n<summary style='font-weight:bold; cursor:pointer;'>Qual \u00e8 il diametro del piatto?<\/summary>\n<div style='margin-top:10px; color:#555;'>Il diametro \u00e8 35 cm.<\/div>\n<\/details>\n<details style='margin-bottom:10px; padding:10px; background:#f9f9f9; border-radius:5px;'>\n<summary style='font-weight:bold; cursor:pointer;'>\u00c8 adatta per feste e eventi di Natale?<\/summary>\n<div style='margin-top:10px; color:#555;'>S\u00ec, \u00e8 progettato per usi festivi come tavole di Natale, feste ed eventi.<\/div>\n<\/details>\n<details style='margin-bottom:10px; padding:10px; background:#f9f9f9; border-radius:5px;'>\n<summary style='font-weight:bold; cursor:pointer;'>Pu\u00f2 essere pulito o \u00e8 destinato allo smaltimento dopo l&#8217;uso?<\/summary>\n<div style='margin-top:10px; color:#555;'>Offre una facile pulizia e allo stesso tempo pu\u00f2 essere gettato dopo l&#8217;uso come opzione economica.<\/div>\n<\/details>\n<details style='margin-bottom:10px; padding:10px; background:#f9f9f9; border-radius:5px;'>\n<summary style='font-weight:bold; cursor:pointer;'>Impilato per risparmiare spazio?<\/summary>\n<div style='margin-top:10px; color:#555;'>S\u00ec, il vassoio si impila per risparmiare spazio di archiviazione.<\/div>\n<\/details>\n<\/div>\n","protected":false},"excerpt":{"rendered":"<p>\u00f835cm Domande Frequenti Di che materiale \u00e8 il vassoio? \u00c8 realizzata in plastica ed \u00e8 sicura per il contatto con gli alimenti. Qual \u00e8 il diametro del piatto? Il diametro \u00e8 35 cm. \u00c8 adatta per feste e eventi di Natale? S\u00ec, \u00e8 progettato per usi festivi come tavole di Natale, feste ed eventi. Pu\u00f2 [&hellip;]<\/p>\n","protected":false},"featured_media":5184468,"comment_status":"closed","ping_status":"open","template":"","meta":[],"product_brand":[],"product_cat":[],"product_tag":[15],"class_list":{"0":"post-5317820","1":"product","2":"type-product","3":"status-publish","4":"has-post-thumbnail","6":"product_tag-uncategorized","8":"first","9":"onbackorder","10":"purchasable","11":"product-type-simple"},"jetpack_sharing_enabled":true,"_links":{"self":[{"href":"https:\/\/gadgettravellers.eu\/it\/wp-json\/wp\/v2\/product\/5317820","targetHints":{"allow":["GET"]}}],"collection":[{"href":"https:\/\/gadgettravellers.eu\/it\/wp-json\/wp\/v2\/product"}],"about":[{"href":"https:\/\/gadgettravellers.eu\/it\/wp-json\/wp\/v2\/types\/product"}],"replies":[{"embeddable":true,"href":"https:\/\/gadgettravellers.eu\/it\/wp-json\/wp\/v2\/comments?post=5317820"}],"wp:featuredmedia":[{"embeddable":true,"href":"https:\/\/gadgettravellers.eu\/it\/wp-json\/wp\/v2\/media\/5184468"}],"wp:attachment":[{"href":"https:\/\/gadgettravellers.eu\/it\/wp-json\/wp\/v2\/media?parent=5317820"}],"wp:term":[{"taxonomy":"product_brand","embeddable":true,"href":"https:\/\/gadgettravellers.eu\/it\/wp-json\/wp\/v2\/product_brand?post=5317820"},{"taxonomy":"product_cat","embeddable":true,"href":"https:\/\/gadgettravellers.eu\/it\/wp-json\/wp\/v2\/product_cat?post=5317820"},{"taxonomy":"product_tag","embeddable":true,"href":"https:\/\/gadgettravellers.eu\/it\/wp-json\/wp\/v2\/product_tag?post=5317820"}],"curies":[{"name":"wp","href":"https:\/\/api.w.org\/{rel}","templated":true}]}}