{"id":5317821,"date":"2026-01-19T14:56:33","date_gmt":"2026-01-19T12:56:33","guid":{"rendered":"https:\/\/gadgettravellers.eu\/shop\/vassoio-di-plastica-biscotti-e-palline-o31cm-xmasfest-1133874\/"},"modified":"2026-04-22T22:57:57","modified_gmt":"2026-04-22T20:57:57","slug":"vassoio-di-plastica-biscotti-e-palline-o31cm-xmasfest-1133874","status":"publish","type":"product","link":"https:\/\/gadgettravellers.eu\/it\/shop\/vassoio-di-plastica-biscotti-e-palline-o31cm-xmasfest-1133874\/","title":{"rendered":"Vassoio di Plastica Biscotti e Palline \u00f831cm Xmasfest 1133874"},"content":{"rendered":"<p>\u00f831cm<\/p>\n<div class='aiseo-faq-section' style='margin-top:30px; border-top:1px solid #eee; padding-top:20px;'>\n<h3>Domande Frequenti<\/h3>\n<details style='margin-bottom:10px; padding:10px; background:#f9f9f9; border-radius:5px;'>\n<summary style='font-weight:bold; cursor:pointer;'>Qual \u00e8 il diametro del piatto?<\/summary>\n<div style='margin-top:10px; color:#555;'>Il piatto ha un diametro di 31 cm.<\/div>\n<\/details>\n<details style='margin-bottom:10px; padding:10px; background:#f9f9f9; border-radius:5px;'>\n<summary style='font-weight:bold; cursor:pointer;'>Di che materiale \u00e8 fatta?<\/summary>\n<div style='margin-top:10px; color:#555;'>\u00c8 di plastica, leggera e riutilizzabile.<\/div>\n<\/details>\n<details style='margin-bottom:10px; padding:10px; background:#f9f9f9; border-radius:5px;'>\n<summary style='font-weight:bold; cursor:pointer;'>Per quali tipi di dolci \u00e8 destinato?<\/summary>\n<div style='margin-top:10px; color:#555;'>Adatta per biscotti, piccoli dolci e stuzzichini.<\/div>\n<\/details>\n<details style='margin-bottom:10px; padding:10px; background:#f9f9f9; border-radius:5px;'>\n<summary style='font-weight:bold; cursor:pointer;'>Come si pulisce il piatto?<\/summary>\n<div style='margin-top:10px; color:#555;'>Si pulisce facilmente con acqua e sapone.<\/div>\n<\/details>\n<\/div>\n","protected":false},"excerpt":{"rendered":"<p>\u00f831cm Domande Frequenti Qual \u00e8 il diametro del piatto? Il piatto ha un diametro di 31 cm. Di che materiale \u00e8 fatta? \u00c8 di plastica, leggera e riutilizzabile. Per quali tipi di dolci \u00e8 destinato? Adatta per biscotti, piccoli dolci e stuzzichini. Come si pulisce il piatto? Si pulisce facilmente con acqua e sapone.<\/p>\n","protected":false},"featured_media":5184464,"comment_status":"closed","ping_status":"open","template":"","meta":[],"product_brand":[],"product_cat":[],"product_tag":[15],"class_list":{"0":"post-5317821","1":"product","2":"type-product","3":"status-publish","4":"has-post-thumbnail","6":"product_tag-uncategorized","8":"first","9":"onbackorder","10":"purchasable","11":"product-type-simple"},"jetpack_sharing_enabled":true,"_links":{"self":[{"href":"https:\/\/gadgettravellers.eu\/it\/wp-json\/wp\/v2\/product\/5317821","targetHints":{"allow":["GET"]}}],"collection":[{"href":"https:\/\/gadgettravellers.eu\/it\/wp-json\/wp\/v2\/product"}],"about":[{"href":"https:\/\/gadgettravellers.eu\/it\/wp-json\/wp\/v2\/types\/product"}],"replies":[{"embeddable":true,"href":"https:\/\/gadgettravellers.eu\/it\/wp-json\/wp\/v2\/comments?post=5317821"}],"wp:featuredmedia":[{"embeddable":true,"href":"https:\/\/gadgettravellers.eu\/it\/wp-json\/wp\/v2\/media\/5184464"}],"wp:attachment":[{"href":"https:\/\/gadgettravellers.eu\/it\/wp-json\/wp\/v2\/media?parent=5317821"}],"wp:term":[{"taxonomy":"product_brand","embeddable":true,"href":"https:\/\/gadgettravellers.eu\/it\/wp-json\/wp\/v2\/product_brand?post=5317821"},{"taxonomy":"product_cat","embeddable":true,"href":"https:\/\/gadgettravellers.eu\/it\/wp-json\/wp\/v2\/product_cat?post=5317821"},{"taxonomy":"product_tag","embeddable":true,"href":"https:\/\/gadgettravellers.eu\/it\/wp-json\/wp\/v2\/product_tag?post=5317821"}],"curies":[{"name":"wp","href":"https:\/\/api.w.org\/{rel}","templated":true}]}}