{"id":5317823,"date":"2026-01-19T14:56:34","date_gmt":"2026-01-19T12:56:34","guid":{"rendered":"https:\/\/gadgettravellers.eu\/shop\/tazza-in-vetro-borosilicato-babbo-natale-380ml-xmasfest-1133880\/"},"modified":"2026-04-22T22:57:58","modified_gmt":"2026-04-22T20:57:58","slug":"tazza-in-vetro-borosilicato-babbo-natale-380ml-xmasfest-1133880","status":"publish","type":"product","link":"https:\/\/gadgettravellers.eu\/it\/shop\/tazza-in-vetro-borosilicato-babbo-natale-380ml-xmasfest-1133880\/","title":{"rendered":"Tazza in Vetro Borosilicato Babbo Natale 380ml Xmasfest 1133880"},"content":{"rendered":"<p>Vetro borosilicato, ecologico, resiste da -20\u00b0C a 400\u00b0C 380ml<\/p>\n<div class='aiseo-faq-section' style='margin-top:30px; border-top:1px solid #eee; padding-top:20px;'>\n<h3>Domande Frequenti<\/h3>\n<details style='margin-bottom:10px; padding:10px; background:#f9f9f9; border-radius:5px;'>\n<summary style='font-weight:bold; cursor:pointer;'>Di che materiale \u00e8 la tazza?<\/summary>\n<div style='margin-top:10px; color:#555;'>La tazza \u00e8 realizzata in vetro borosilicato.<\/div>\n<\/details>\n<details style='margin-bottom:10px; padding:10px; background:#f9f9f9; border-radius:5px;'>\n<summary style='font-weight:bold; cursor:pointer;'>Qual \u00e8 la capacit\u00e0 della tazza?<\/summary>\n<div style='margin-top:10px; color:#555;'>La capacit\u00e0 \u00e8 di 380 ml.<\/div>\n<\/details>\n<details style='margin-bottom:10px; padding:10px; background:#f9f9f9; border-radius:5px;'>\n<summary style='font-weight:bold; cursor:pointer;'>A quali temperature resiste?<\/summary>\n<div style='margin-top:10px; color:#555;'>Resiste a temperature da -20\u00b0C a 400\u00b0C.<\/div>\n<\/details>\n<details style='margin-bottom:10px; padding:10px; background:#f9f9f9; border-radius:5px;'>\n<summary style='font-weight:bold; cursor:pointer;'>\u00c8 adatta per l&#8217;uso quotidiano o come regalo?<\/summary>\n<div style='margin-top:10px; color:#555;'>S\u00ec, \u00e8 ideale per l&#8217;uso quotidiano e come regalo grazie al design natalizio.<\/div>\n<\/details>\n<details style='margin-bottom:10px; padding:10px; background:#f9f9f9; border-radius:5px;'>\n<summary style='font-weight:bold; cursor:pointer;'>\u00c8 ecologica?<\/summary>\n<div style='margin-top:10px; color:#555;'>S\u00ec, secondo la descrizione si tratta di un prodotto ecologico.<\/div>\n<\/details>\n<\/div>\n","protected":false},"excerpt":{"rendered":"<p>Vetro borosilicato, ecologico, resiste da -20\u00b0C a 400\u00b0C 380ml Domande Frequenti Di che materiale \u00e8 la tazza? La tazza \u00e8 realizzata in vetro borosilicato. Qual \u00e8 la capacit\u00e0 della tazza? La capacit\u00e0 \u00e8 di 380 ml. A quali temperature resiste? Resiste a temperature da -20\u00b0C a 400\u00b0C. \u00c8 adatta per l&#8217;uso quotidiano o come regalo? [&hellip;]<\/p>\n","protected":false},"featured_media":5184488,"comment_status":"closed","ping_status":"open","template":"","meta":[],"product_brand":[],"product_cat":[],"product_tag":[15],"class_list":{"0":"post-5317823","1":"product","2":"type-product","3":"status-publish","4":"has-post-thumbnail","6":"product_tag-uncategorized","8":"first","9":"onbackorder","10":"purchasable","11":"product-type-simple"},"jetpack_sharing_enabled":true,"_links":{"self":[{"href":"https:\/\/gadgettravellers.eu\/it\/wp-json\/wp\/v2\/product\/5317823","targetHints":{"allow":["GET"]}}],"collection":[{"href":"https:\/\/gadgettravellers.eu\/it\/wp-json\/wp\/v2\/product"}],"about":[{"href":"https:\/\/gadgettravellers.eu\/it\/wp-json\/wp\/v2\/types\/product"}],"replies":[{"embeddable":true,"href":"https:\/\/gadgettravellers.eu\/it\/wp-json\/wp\/v2\/comments?post=5317823"}],"wp:featuredmedia":[{"embeddable":true,"href":"https:\/\/gadgettravellers.eu\/it\/wp-json\/wp\/v2\/media\/5184488"}],"wp:attachment":[{"href":"https:\/\/gadgettravellers.eu\/it\/wp-json\/wp\/v2\/media?parent=5317823"}],"wp:term":[{"taxonomy":"product_brand","embeddable":true,"href":"https:\/\/gadgettravellers.eu\/it\/wp-json\/wp\/v2\/product_brand?post=5317823"},{"taxonomy":"product_cat","embeddable":true,"href":"https:\/\/gadgettravellers.eu\/it\/wp-json\/wp\/v2\/product_cat?post=5317823"},{"taxonomy":"product_tag","embeddable":true,"href":"https:\/\/gadgettravellers.eu\/it\/wp-json\/wp\/v2\/product_tag?post=5317823"}],"curies":[{"name":"wp","href":"https:\/\/api.w.org\/{rel}","templated":true}]}}