{"id":5317826,"date":"2026-01-19T14:56:37","date_gmt":"2026-01-19T12:56:37","guid":{"rendered":"https:\/\/gadgettravellers.eu\/shop\/corona-con-decorazione-bianca-o40cm-xmasfest-1133883\/"},"modified":"2026-04-22T22:57:59","modified_gmt":"2026-04-22T20:57:59","slug":"corona-con-decorazione-bianca-o40cm-xmasfest-1133883","status":"publish","type":"product","link":"https:\/\/gadgettravellers.eu\/it\/shop\/corona-con-decorazione-bianca-o40cm-xmasfest-1133883\/","title":{"rendered":"Corona con Decorazione Bianca \u00f840cm Xmasfest 1133883"},"content":{"rendered":"<p>\u00f840cm<\/p>\n<div class='aiseo-faq-section' style='margin-top:30px; border-top:1px solid #eee; padding-top:20px;'>\n<h3>Domande Frequenti<\/h3>\n<details style='margin-bottom:10px; padding:10px; background:#f9f9f9; border-radius:5px;'>\n<summary style='font-weight:bold; cursor:pointer;'>Qual \u00e8 la dimensione della corona?<\/summary>\n<div style='margin-top:10px; color:#555;'>Il diametro \u00e8 \u00f840cm.<\/div>\n<\/details>\n<details style='margin-bottom:10px; padding:10px; background:#f9f9f9; border-radius:5px;'>\n<summary style='font-weight:bold; cursor:pointer;'>Posso appenderlo a una porta o a una parete?<\/summary>\n<div style='margin-top:10px; color:#555;'>S\u00ec, \u00e8 pronto per essere appeso a una porta o a una parete ed \u00e8 facile da usare.<\/div>\n<\/details>\n<details style='margin-bottom:10px; padding:10px; background:#f9f9f9; border-radius:5px;'>\n<summary style='font-weight:bold; cursor:pointer;'>In quali ambienti si adatta la corona?<\/summary>\n<div style='margin-top:10px; color:#555;'>Ideale per case, negozi ed eventi.<\/div>\n<\/details>\n<details style='margin-bottom:10px; padding:10px; background:#f9f9f9; border-radius:5px;'>\n<summary style='font-weight:bold; cursor:pointer;'>Quale stile offre la decorazione bianca?<\/summary>\n<div style='margin-top:10px; color:#555;'>Offre un&#8217;estetica elegante e festosa senza eccessi.<\/div>\n<\/details>\n<\/div>\n","protected":false},"excerpt":{"rendered":"<p>\u00f840cm Domande Frequenti Qual \u00e8 la dimensione della corona? Il diametro \u00e8 \u00f840cm. Posso appenderlo a una porta o a una parete? S\u00ec, \u00e8 pronto per essere appeso a una porta o a una parete ed \u00e8 facile da usare. In quali ambienti si adatta la corona? Ideale per case, negozi ed eventi. Quale stile [&hellip;]<\/p>\n","protected":false},"featured_media":5184496,"comment_status":"closed","ping_status":"open","template":"","meta":[],"product_brand":[],"product_cat":[],"product_tag":[15],"class_list":{"0":"post-5317826","1":"product","2":"type-product","3":"status-publish","4":"has-post-thumbnail","6":"product_tag-uncategorized","8":"first","9":"onbackorder","10":"purchasable","11":"product-type-simple"},"jetpack_sharing_enabled":true,"_links":{"self":[{"href":"https:\/\/gadgettravellers.eu\/it\/wp-json\/wp\/v2\/product\/5317826","targetHints":{"allow":["GET"]}}],"collection":[{"href":"https:\/\/gadgettravellers.eu\/it\/wp-json\/wp\/v2\/product"}],"about":[{"href":"https:\/\/gadgettravellers.eu\/it\/wp-json\/wp\/v2\/types\/product"}],"replies":[{"embeddable":true,"href":"https:\/\/gadgettravellers.eu\/it\/wp-json\/wp\/v2\/comments?post=5317826"}],"wp:featuredmedia":[{"embeddable":true,"href":"https:\/\/gadgettravellers.eu\/it\/wp-json\/wp\/v2\/media\/5184496"}],"wp:attachment":[{"href":"https:\/\/gadgettravellers.eu\/it\/wp-json\/wp\/v2\/media?parent=5317826"}],"wp:term":[{"taxonomy":"product_brand","embeddable":true,"href":"https:\/\/gadgettravellers.eu\/it\/wp-json\/wp\/v2\/product_brand?post=5317826"},{"taxonomy":"product_cat","embeddable":true,"href":"https:\/\/gadgettravellers.eu\/it\/wp-json\/wp\/v2\/product_cat?post=5317826"},{"taxonomy":"product_tag","embeddable":true,"href":"https:\/\/gadgettravellers.eu\/it\/wp-json\/wp\/v2\/product_tag?post=5317826"}],"curies":[{"name":"wp","href":"https:\/\/api.w.org\/{rel}","templated":true}]}}