{"id":5317834,"date":"2026-01-19T14:56:44","date_gmt":"2026-01-19T12:56:44","guid":{"rendered":"https:\/\/gadgettravellers.eu\/shop\/albero-bianco-con-689-led-bianco-caldo-a-luce-fissa-ip44-18m-xmasfest-1133891\/"},"modified":"2026-04-22T22:58:03","modified_gmt":"2026-04-22T20:58:03","slug":"albero-bianco-con-689-led-bianco-caldo-a-luce-fissa-ip44-18m-xmasfest-1133891","status":"publish","type":"product","link":"https:\/\/gadgettravellers.eu\/it\/shop\/albero-bianco-con-689-led-bianco-caldo-a-luce-fissa-ip44-18m-xmasfest-1133891\/","title":{"rendered":"Albero Bianco con 689 LED Bianco Caldo a Luce Fissa IP44 1,8m Xmasfest 1133891"},"content":{"rendered":"<p>689 LED bianco caldo a luce fissa. Per uso esterno e interno. Include il trasformatore IP44 1,8m<\/p>\n<div class='aiseo-faq-section' style='margin-top:30px; border-top:1px solid #eee; padding-top:20px;'>\n<h3>Domande Frequenti<\/h3>\n<details style='margin-bottom:10px; padding:10px; background:#f9f9f9; border-radius:5px;'>\n<summary style='font-weight:bold; cursor:pointer;'>Pu\u00f2 essere utilizzato all&#8217;aperto?<\/summary>\n<div style='margin-top:10px; color:#555;'>S\u00ec, \u00e8 adatto per uso esterno e interno.<\/div>\n<\/details>\n<details style='margin-bottom:10px; padding:10px; background:#f9f9f9; border-radius:5px;'>\n<summary style='font-weight:bold; cursor:pointer;'>Quanti LED ha e che colore di illuminazione offre?<\/summary>\n<div style='margin-top:10px; color:#555;'>Dispone di 689 LED in bianco caldo con illuminazione fissa.<\/div>\n<\/details>\n<details style='margin-bottom:10px; padding:10px; background:#f9f9f9; border-radius:5px;'>\n<summary style='font-weight:bold; cursor:pointer;'>\u00c8 incluso un trasformatore e qual \u00e8 il livello di protezione?<\/summary>\n<div style='margin-top:10px; color:#555;'>S\u00ec, il trasformatore \u00e8 incluso e ha protezione IP44.<\/div>\n<\/details>\n<details style='margin-bottom:10px; padding:10px; background:#f9f9f9; border-radius:5px;'>\n<summary style='font-weight:bold; cursor:pointer;'>Qual \u00e8 l&#8217;altezza dell&#8217;albero?<\/summary>\n<div style='margin-top:10px; color:#555;'>La lunghezza\/altezza dell&#8217;albero \u00e8 di 1,8 metri.<\/div>\n<\/details>\n<\/div>\n","protected":false},"excerpt":{"rendered":"<p>689 LED bianco caldo a luce fissa. Per uso esterno e interno. Include il trasformatore IP44 1,8m Domande Frequenti Pu\u00f2 essere utilizzato all&#8217;aperto? S\u00ec, \u00e8 adatto per uso esterno e interno. Quanti LED ha e che colore di illuminazione offre? Dispone di 689 LED in bianco caldo con illuminazione fissa. \u00c8 incluso un trasformatore e [&hellip;]<\/p>\n","protected":false},"featured_media":5184528,"comment_status":"closed","ping_status":"open","template":"","meta":[],"product_brand":[],"product_cat":[],"product_tag":[15],"class_list":{"0":"post-5317834","1":"product","2":"type-product","3":"status-publish","4":"has-post-thumbnail","6":"product_tag-uncategorized","8":"first","9":"onbackorder","10":"purchasable","11":"product-type-simple"},"jetpack_sharing_enabled":true,"_links":{"self":[{"href":"https:\/\/gadgettravellers.eu\/it\/wp-json\/wp\/v2\/product\/5317834","targetHints":{"allow":["GET"]}}],"collection":[{"href":"https:\/\/gadgettravellers.eu\/it\/wp-json\/wp\/v2\/product"}],"about":[{"href":"https:\/\/gadgettravellers.eu\/it\/wp-json\/wp\/v2\/types\/product"}],"replies":[{"embeddable":true,"href":"https:\/\/gadgettravellers.eu\/it\/wp-json\/wp\/v2\/comments?post=5317834"}],"wp:featuredmedia":[{"embeddable":true,"href":"https:\/\/gadgettravellers.eu\/it\/wp-json\/wp\/v2\/media\/5184528"}],"wp:attachment":[{"href":"https:\/\/gadgettravellers.eu\/it\/wp-json\/wp\/v2\/media?parent=5317834"}],"wp:term":[{"taxonomy":"product_brand","embeddable":true,"href":"https:\/\/gadgettravellers.eu\/it\/wp-json\/wp\/v2\/product_brand?post=5317834"},{"taxonomy":"product_cat","embeddable":true,"href":"https:\/\/gadgettravellers.eu\/it\/wp-json\/wp\/v2\/product_cat?post=5317834"},{"taxonomy":"product_tag","embeddable":true,"href":"https:\/\/gadgettravellers.eu\/it\/wp-json\/wp\/v2\/product_tag?post=5317834"}],"curies":[{"name":"wp","href":"https:\/\/api.w.org\/{rel}","templated":true}]}}