{"id":5317836,"date":"2026-01-19T14:56:45","date_gmt":"2026-01-19T12:56:45","guid":{"rendered":"https:\/\/gadgettravellers.eu\/shop\/palla-di-neve-babbo-natale-o10cm-xmasfest-1133893\/"},"modified":"2026-04-22T22:58:04","modified_gmt":"2026-04-22T20:58:04","slug":"palla-di-neve-babbo-natale-o10cm-xmasfest-1133893","status":"publish","type":"product","link":"https:\/\/gadgettravellers.eu\/it\/shop\/palla-di-neve-babbo-natale-o10cm-xmasfest-1133893\/","title":{"rendered":"Palla di neve Babbo Natale \u00f810cm Xmasfest 1133893"},"content":{"rendered":"<p>(abbina) \u00f810cm<\/p>\n<div class='aiseo-faq-section' style='margin-top:30px; border-top:1px solid #eee; padding-top:20px;'>\n<h3>Domande Frequenti<\/h3>\n<details style='margin-bottom:10px; padding:10px; background:#f9f9f9; border-radius:5px;'>\n<summary style='font-weight:bold; cursor:pointer;'>Qual \u00e8 il diametro della palla di neve?<\/summary>\n<div style='margin-top:10px; color:#555;'>Il diametro \u00e8 10 cm.<\/div>\n<\/details>\n<details style='margin-bottom:10px; padding:10px; background:#f9f9f9; border-radius:5px;'>\n<summary style='font-weight:bold; cursor:pointer;'>Quale tema rappresenta la palla di neve?<\/summary>\n<div style='margin-top:10px; color:#555;'>Raffigura Babbo Natale.<\/div>\n<\/details>\n<details style='margin-bottom:10px; padding:10px; background:#f9f9f9; border-radius:5px;'>\n<summary style='font-weight:bold; cursor:pointer;'>Dove si consiglia di utilizzare?<\/summary>\n<div style='margin-top:10px; color:#555;'>Ideale per decorare tavoli, scaffali e regali.<\/div>\n<\/details>\n<\/div>\n","protected":false},"excerpt":{"rendered":"<p>(abbina) \u00f810cm Domande Frequenti Qual \u00e8 il diametro della palla di neve? Il diametro \u00e8 10 cm. Quale tema rappresenta la palla di neve? Raffigura Babbo Natale. Dove si consiglia di utilizzare? Ideale per decorare tavoli, scaffali e regali.<\/p>\n","protected":false},"featured_media":5184536,"comment_status":"closed","ping_status":"open","template":"","meta":[],"product_brand":[],"product_cat":[],"product_tag":[15],"class_list":{"0":"post-5317836","1":"product","2":"type-product","3":"status-publish","4":"has-post-thumbnail","6":"product_tag-uncategorized","8":"first","9":"onbackorder","10":"purchasable","11":"product-type-simple"},"jetpack_sharing_enabled":true,"_links":{"self":[{"href":"https:\/\/gadgettravellers.eu\/it\/wp-json\/wp\/v2\/product\/5317836","targetHints":{"allow":["GET"]}}],"collection":[{"href":"https:\/\/gadgettravellers.eu\/it\/wp-json\/wp\/v2\/product"}],"about":[{"href":"https:\/\/gadgettravellers.eu\/it\/wp-json\/wp\/v2\/types\/product"}],"replies":[{"embeddable":true,"href":"https:\/\/gadgettravellers.eu\/it\/wp-json\/wp\/v2\/comments?post=5317836"}],"wp:featuredmedia":[{"embeddable":true,"href":"https:\/\/gadgettravellers.eu\/it\/wp-json\/wp\/v2\/media\/5184536"}],"wp:attachment":[{"href":"https:\/\/gadgettravellers.eu\/it\/wp-json\/wp\/v2\/media?parent=5317836"}],"wp:term":[{"taxonomy":"product_brand","embeddable":true,"href":"https:\/\/gadgettravellers.eu\/it\/wp-json\/wp\/v2\/product_brand?post=5317836"},{"taxonomy":"product_cat","embeddable":true,"href":"https:\/\/gadgettravellers.eu\/it\/wp-json\/wp\/v2\/product_cat?post=5317836"},{"taxonomy":"product_tag","embeddable":true,"href":"https:\/\/gadgettravellers.eu\/it\/wp-json\/wp\/v2\/product_tag?post=5317836"}],"curies":[{"name":"wp","href":"https:\/\/api.w.org\/{rel}","templated":true}]}}