{"id":5317837,"date":"2026-01-19T14:56:46","date_gmt":"2026-01-19T12:56:46","guid":{"rendered":"https:\/\/gadgettravellers.eu\/shop\/palla-di-neve-babbo-natale-o8cm-xmasfest-1133892\/"},"modified":"2026-04-22T22:58:04","modified_gmt":"2026-04-22T20:58:04","slug":"palla-di-neve-babbo-natale-o8cm-xmasfest-1133892","status":"publish","type":"product","link":"https:\/\/gadgettravellers.eu\/it\/shop\/palla-di-neve-babbo-natale-o8cm-xmasfest-1133892\/","title":{"rendered":"Palla di neve Babbo Natale \u00f88cm Xmasfest 1133892"},"content":{"rendered":"<p>(abbinate) \u00f88cm<\/p>\n<div class='aiseo-faq-section' style='margin-top:30px; border-top:1px solid #eee; padding-top:20px;'>\n<h3>Domande Frequenti<\/h3>\n<details style='margin-bottom:10px; padding:10px; background:#f9f9f9; border-radius:5px;'>\n<summary style='font-weight:bold; cursor:pointer;'>Qual \u00e8 il diametro della palla di neve?<\/summary>\n<div style='margin-top:10px; color:#555;'>Il diametro \u00e8 8 cm.<\/div>\n<\/details>\n<details style='margin-bottom:10px; padding:10px; background:#f9f9f9; border-radius:5px;'>\n<summary style='font-weight:bold; cursor:pointer;'>Quale tema rappresenta la palla di neve?<\/summary>\n<div style='margin-top:10px; color:#555;'>Raffigura Babbo Natale.<\/div>\n<\/details>\n<details style='margin-bottom:10px; padding:10px; background:#f9f9f9; border-radius:5px;'>\n<summary style='font-weight:bold; cursor:pointer;'>In quali ambienti si adatta la palla di neve?<\/summary>\n<div style='margin-top:10px; color:#555;'>Ideale per la decorazione di casa, ufficio o negozio.<\/div>\n<\/details>\n<details style='margin-bottom:10px; padding:10px; background:#f9f9f9; border-radius:5px;'>\n<summary style='font-weight:bold; cursor:pointer;'>Disponibile in diversi colori?<\/summary>\n<div style='margin-top:10px; color:#555;'>S\u00ec, \u00e8 disponibile in una variet\u00e0 di colori.<\/div>\n<\/details>\n<\/div>\n","protected":false},"excerpt":{"rendered":"<p>(abbinate) \u00f88cm Domande Frequenti Qual \u00e8 il diametro della palla di neve? Il diametro \u00e8 8 cm. Quale tema rappresenta la palla di neve? Raffigura Babbo Natale. In quali ambienti si adatta la palla di neve? Ideale per la decorazione di casa, ufficio o negozio. Disponibile in diversi colori? S\u00ec, \u00e8 disponibile in una variet\u00e0 [&hellip;]<\/p>\n","protected":false},"featured_media":5184532,"comment_status":"closed","ping_status":"open","template":"","meta":[],"product_brand":[],"product_cat":[],"product_tag":[15],"class_list":{"0":"post-5317837","1":"product","2":"type-product","3":"status-publish","4":"has-post-thumbnail","6":"product_tag-uncategorized","8":"first","9":"onbackorder","10":"purchasable","11":"product-type-simple"},"jetpack_sharing_enabled":true,"_links":{"self":[{"href":"https:\/\/gadgettravellers.eu\/it\/wp-json\/wp\/v2\/product\/5317837","targetHints":{"allow":["GET"]}}],"collection":[{"href":"https:\/\/gadgettravellers.eu\/it\/wp-json\/wp\/v2\/product"}],"about":[{"href":"https:\/\/gadgettravellers.eu\/it\/wp-json\/wp\/v2\/types\/product"}],"replies":[{"embeddable":true,"href":"https:\/\/gadgettravellers.eu\/it\/wp-json\/wp\/v2\/comments?post=5317837"}],"wp:featuredmedia":[{"embeddable":true,"href":"https:\/\/gadgettravellers.eu\/it\/wp-json\/wp\/v2\/media\/5184532"}],"wp:attachment":[{"href":"https:\/\/gadgettravellers.eu\/it\/wp-json\/wp\/v2\/media?parent=5317837"}],"wp:term":[{"taxonomy":"product_brand","embeddable":true,"href":"https:\/\/gadgettravellers.eu\/it\/wp-json\/wp\/v2\/product_brand?post=5317837"},{"taxonomy":"product_cat","embeddable":true,"href":"https:\/\/gadgettravellers.eu\/it\/wp-json\/wp\/v2\/product_cat?post=5317837"},{"taxonomy":"product_tag","embeddable":true,"href":"https:\/\/gadgettravellers.eu\/it\/wp-json\/wp\/v2\/product_tag?post=5317837"}],"curies":[{"name":"wp","href":"https:\/\/api.w.org\/{rel}","templated":true}]}}