{"id":5317838,"date":"2026-01-19T14:56:46","date_gmt":"2026-01-19T12:56:46","guid":{"rendered":"https:\/\/gadgettravellers.eu\/shop\/ramo-con-molti-vischio-72cm-xmasfest-1133894\/"},"modified":"2026-04-22T22:58:05","modified_gmt":"2026-04-22T20:58:05","slug":"ramo-con-molti-vischio-72cm-xmasfest-1133894","status":"publish","type":"product","link":"https:\/\/gadgettravellers.eu\/it\/shop\/ramo-con-molti-vischio-72cm-xmasfest-1133894\/","title":{"rendered":"Ramo con Molti vischio 72cm Xmasfest 1133894"},"content":{"rendered":"<p>72cm<\/p>\n<div class='aiseo-faq-section' style='margin-top:30px; border-top:1px solid #eee; padding-top:20px;'>\n<h3>Domande Frequenti<\/h3>\n<details style='margin-bottom:10px; padding:10px; background:#f9f9f9; border-radius:5px;'>\n<summary style='font-weight:bold; cursor:pointer;'>\u00c8 adatto per esterni?<\/summary>\n<div style='margin-top:10px; color:#555;'>S\u00ec, \u00e8 adatto per ambienti interni ed esterni.<\/div>\n<\/details>\n<details style='margin-bottom:10px; padding:10px; background:#f9f9f9; border-radius:5px;'>\n<summary style='font-weight:bold; cursor:pointer;'>Dove posso usarlo?<\/summary>\n<div style='margin-top:10px; color:#555;'>Ideale per decorare porte, ghirlande, finestre e tavoli.<\/div>\n<\/details>\n<details style='margin-bottom:10px; padding:10px; background:#f9f9f9; border-radius:5px;'>\n<summary style='font-weight:bold; cursor:pointer;'>Qual \u00e8 la lunghezza del ramo?<\/summary>\n<div style='margin-top:10px; color:#555;'>Il ramo ha una lunghezza di 72 cm.<\/div>\n<\/details>\n<details style='margin-bottom:10px; padding:10px; background:#f9f9f9; border-radius:5px;'>\n<summary style='font-weight:bold; cursor:pointer;'>Pu\u00f2 essere riutilizzato?<\/summary>\n<div style='margin-top:10px; color:#555;'>S\u00ec, pu\u00f2 essere utilizzato di nuovo ogni anno.<\/div>\n<\/details>\n<\/div>\n","protected":false},"excerpt":{"rendered":"<p>72cm Domande Frequenti \u00c8 adatto per esterni? S\u00ec, \u00e8 adatto per ambienti interni ed esterni. Dove posso usarlo? Ideale per decorare porte, ghirlande, finestre e tavoli. Qual \u00e8 la lunghezza del ramo? Il ramo ha una lunghezza di 72 cm. Pu\u00f2 essere riutilizzato? S\u00ec, pu\u00f2 essere utilizzato di nuovo ogni anno.<\/p>\n","protected":false},"featured_media":5184540,"comment_status":"closed","ping_status":"open","template":"","meta":[],"product_brand":[],"product_cat":[],"product_tag":[15],"class_list":{"0":"post-5317838","1":"product","2":"type-product","3":"status-publish","4":"has-post-thumbnail","6":"product_tag-uncategorized","8":"first","9":"onbackorder","10":"purchasable","11":"product-type-simple"},"jetpack_sharing_enabled":true,"_links":{"self":[{"href":"https:\/\/gadgettravellers.eu\/it\/wp-json\/wp\/v2\/product\/5317838","targetHints":{"allow":["GET"]}}],"collection":[{"href":"https:\/\/gadgettravellers.eu\/it\/wp-json\/wp\/v2\/product"}],"about":[{"href":"https:\/\/gadgettravellers.eu\/it\/wp-json\/wp\/v2\/types\/product"}],"replies":[{"embeddable":true,"href":"https:\/\/gadgettravellers.eu\/it\/wp-json\/wp\/v2\/comments?post=5317838"}],"wp:featuredmedia":[{"embeddable":true,"href":"https:\/\/gadgettravellers.eu\/it\/wp-json\/wp\/v2\/media\/5184540"}],"wp:attachment":[{"href":"https:\/\/gadgettravellers.eu\/it\/wp-json\/wp\/v2\/media?parent=5317838"}],"wp:term":[{"taxonomy":"product_brand","embeddable":true,"href":"https:\/\/gadgettravellers.eu\/it\/wp-json\/wp\/v2\/product_brand?post=5317838"},{"taxonomy":"product_cat","embeddable":true,"href":"https:\/\/gadgettravellers.eu\/it\/wp-json\/wp\/v2\/product_cat?post=5317838"},{"taxonomy":"product_tag","embeddable":true,"href":"https:\/\/gadgettravellers.eu\/it\/wp-json\/wp\/v2\/product_tag?post=5317838"}],"curies":[{"name":"wp","href":"https:\/\/api.w.org\/{rel}","templated":true}]}}