{"id":5317842,"date":"2026-01-19T14:56:49","date_gmt":"2026-01-19T12:56:49","guid":{"rendered":"https:\/\/gadgettravellers.eu\/shop\/ramo-con-vischio-pigna-72cm-xmasfest-1133899\/"},"modified":"2026-04-22T22:58:07","modified_gmt":"2026-04-22T20:58:07","slug":"ramo-con-vischio-pigna-72cm-xmasfest-1133899","status":"publish","type":"product","link":"https:\/\/gadgettravellers.eu\/it\/shop\/ramo-con-vischio-pigna-72cm-xmasfest-1133899\/","title":{"rendered":"Ramo con vischio &#038; pigna 72cm Xmasfest 1133899"},"content":{"rendered":"<p>72cm<\/p>\n<div class='aiseo-faq-section' style='margin-top:30px; border-top:1px solid #eee; padding-top:20px;'>\n<h3>Domande Frequenti<\/h3>\n<details style='margin-bottom:10px; padding:10px; background:#f9f9f9; border-radius:5px;'>\n<summary style='font-weight:bold; cursor:pointer;'>Dove \u00e8 destinato questo ramo?<\/summary>\n<div style='margin-top:10px; color:#555;'>\u00c8 adatto per uso interno, ideale per tende, ghirlande, scaffali e alberi.<\/div>\n<\/details>\n<details style='margin-bottom:10px; padding:10px; background:#f9f9f9; border-radius:5px;'>\n<summary style='font-weight:bold; cursor:pointer;'>Quanto \u00e8 grande?<\/summary>\n<div style='margin-top:10px; color:#555;'>Il ramo ha una lunghezza di 72 cm.<\/div>\n<\/details>\n<details style='margin-bottom:10px; padding:10px; background:#f9f9f9; border-radius:5px;'>\n<summary style='font-weight:bold; cursor:pointer;'>Richiede cure particolari?<\/summary>\n<div style='margin-top:10px; color:#555;'>Richiede poca cura e si conserva facilmente dopo le feste.<\/div>\n<\/details>\n<details style='margin-bottom:10px; padding:10px; background:#f9f9f9; border-radius:5px;'>\n<summary style='font-weight:bold; cursor:pointer;'>Posso abbinarlo con luci o altre decorazioni?<\/summary>\n<div style='margin-top:10px; color:#555;'>S\u00ec, pu\u00f2 essere abbinato a lucine luminose e altri ornamenti per un aspetto pi\u00f9 festoso.<\/div>\n<\/details>\n<\/div>\n","protected":false},"excerpt":{"rendered":"<p>72cm Domande Frequenti Dove \u00e8 destinato questo ramo? \u00c8 adatto per uso interno, ideale per tende, ghirlande, scaffali e alberi. Quanto \u00e8 grande? Il ramo ha una lunghezza di 72 cm. Richiede cure particolari? Richiede poca cura e si conserva facilmente dopo le feste. Posso abbinarlo con luci o altre decorazioni? S\u00ec, pu\u00f2 essere abbinato [&hellip;]<\/p>\n","protected":false},"featured_media":5184560,"comment_status":"closed","ping_status":"open","template":"","meta":[],"product_brand":[],"product_cat":[],"product_tag":[15],"class_list":{"0":"post-5317842","1":"product","2":"type-product","3":"status-publish","4":"has-post-thumbnail","6":"product_tag-uncategorized","8":"first","9":"onbackorder","10":"purchasable","11":"product-type-simple"},"jetpack_sharing_enabled":true,"_links":{"self":[{"href":"https:\/\/gadgettravellers.eu\/it\/wp-json\/wp\/v2\/product\/5317842","targetHints":{"allow":["GET"]}}],"collection":[{"href":"https:\/\/gadgettravellers.eu\/it\/wp-json\/wp\/v2\/product"}],"about":[{"href":"https:\/\/gadgettravellers.eu\/it\/wp-json\/wp\/v2\/types\/product"}],"replies":[{"embeddable":true,"href":"https:\/\/gadgettravellers.eu\/it\/wp-json\/wp\/v2\/comments?post=5317842"}],"wp:featuredmedia":[{"embeddable":true,"href":"https:\/\/gadgettravellers.eu\/it\/wp-json\/wp\/v2\/media\/5184560"}],"wp:attachment":[{"href":"https:\/\/gadgettravellers.eu\/it\/wp-json\/wp\/v2\/media?parent=5317842"}],"wp:term":[{"taxonomy":"product_brand","embeddable":true,"href":"https:\/\/gadgettravellers.eu\/it\/wp-json\/wp\/v2\/product_brand?post=5317842"},{"taxonomy":"product_cat","embeddable":true,"href":"https:\/\/gadgettravellers.eu\/it\/wp-json\/wp\/v2\/product_cat?post=5317842"},{"taxonomy":"product_tag","embeddable":true,"href":"https:\/\/gadgettravellers.eu\/it\/wp-json\/wp\/v2\/product_tag?post=5317842"}],"curies":[{"name":"wp","href":"https:\/\/api.w.org\/{rel}","templated":true}]}}