{"id":5317843,"date":"2026-01-19T14:56:49","date_gmt":"2026-01-19T12:56:49","guid":{"rendered":"https:\/\/gadgettravellers.eu\/shop\/ramo-con-pigna-vischio-innevato-72cm-xmasfest-1133901\/"},"modified":"2026-04-22T22:58:07","modified_gmt":"2026-04-22T20:58:07","slug":"ramo-con-pigna-vischio-innevato-72cm-xmasfest-1133901","status":"publish","type":"product","link":"https:\/\/gadgettravellers.eu\/it\/shop\/ramo-con-pigna-vischio-innevato-72cm-xmasfest-1133901\/","title":{"rendered":"Ramo con Pigna &#038; vischio innevato 72cm Xmasfest 1133901"},"content":{"rendered":"<p>72cm<\/p>\n<div class='aiseo-faq-section' style='margin-top:30px; border-top:1px solid #eee; padding-top:20px;'>\n<h3>Domande Frequenti<\/h3>\n<details style='margin-bottom:10px; padding:10px; background:#f9f9f9; border-radius:5px;'>\n<summary style='font-weight:bold; cursor:pointer;'>Qual \u00e8 la lunghezza del ramo?<\/summary>\n<div style='margin-top:10px; color:#555;'>Il ramo ha una lunghezza di 72 cm.<\/div>\n<\/details>\n<details style='margin-bottom:10px; padding:10px; background:#f9f9f9; border-radius:5px;'>\n<summary style='font-weight:bold; cursor:pointer;'>In quali ambienti \u00e8 adatto?<\/summary>\n<div style='margin-top:10px; color:#555;'>\u00c8 adatto per interni, come corone, alberi e ghirlande.<\/div>\n<\/details>\n<details style='margin-bottom:10px; padding:10px; background:#f9f9f9; border-radius:5px;'>\n<summary style='font-weight:bold; cursor:pointer;'>Ha bisogno di manutenzione?<\/summary>\n<div style='margin-top:10px; color:#555;'>No, non richiede manutenzione e mantiene un aspetto naturale senza ulteriori cure.<\/div>\n<\/details>\n<details style='margin-bottom:10px; padding:10px; background:#f9f9f9; border-radius:5px;'>\n<summary style='font-weight:bold; cursor:pointer;'>Quali sono i modi principali di utilizzo?<\/summary>\n<div style='margin-top:10px; color:#555;'>Pu\u00f2 essere posizionato su corone, alberi, ghirlande o in composizioni decorative con facile fissaggio.<\/div>\n<\/details>\n<\/div>\n","protected":false},"excerpt":{"rendered":"<p>72cm Domande Frequenti Qual \u00e8 la lunghezza del ramo? Il ramo ha una lunghezza di 72 cm. In quali ambienti \u00e8 adatto? \u00c8 adatto per interni, come corone, alberi e ghirlande. Ha bisogno di manutenzione? No, non richiede manutenzione e mantiene un aspetto naturale senza ulteriori cure. Quali sono i modi principali di utilizzo? Pu\u00f2 [&hellip;]<\/p>\n","protected":false},"featured_media":5184568,"comment_status":"closed","ping_status":"open","template":"","meta":[],"product_brand":[],"product_cat":[],"product_tag":[15],"class_list":{"0":"post-5317843","1":"product","2":"type-product","3":"status-publish","4":"has-post-thumbnail","6":"product_tag-uncategorized","8":"first","9":"onbackorder","10":"purchasable","11":"product-type-simple"},"jetpack_sharing_enabled":true,"_links":{"self":[{"href":"https:\/\/gadgettravellers.eu\/it\/wp-json\/wp\/v2\/product\/5317843","targetHints":{"allow":["GET"]}}],"collection":[{"href":"https:\/\/gadgettravellers.eu\/it\/wp-json\/wp\/v2\/product"}],"about":[{"href":"https:\/\/gadgettravellers.eu\/it\/wp-json\/wp\/v2\/types\/product"}],"replies":[{"embeddable":true,"href":"https:\/\/gadgettravellers.eu\/it\/wp-json\/wp\/v2\/comments?post=5317843"}],"wp:featuredmedia":[{"embeddable":true,"href":"https:\/\/gadgettravellers.eu\/it\/wp-json\/wp\/v2\/media\/5184568"}],"wp:attachment":[{"href":"https:\/\/gadgettravellers.eu\/it\/wp-json\/wp\/v2\/media?parent=5317843"}],"wp:term":[{"taxonomy":"product_brand","embeddable":true,"href":"https:\/\/gadgettravellers.eu\/it\/wp-json\/wp\/v2\/product_brand?post=5317843"},{"taxonomy":"product_cat","embeddable":true,"href":"https:\/\/gadgettravellers.eu\/it\/wp-json\/wp\/v2\/product_cat?post=5317843"},{"taxonomy":"product_tag","embeddable":true,"href":"https:\/\/gadgettravellers.eu\/it\/wp-json\/wp\/v2\/product_tag?post=5317843"}],"curies":[{"name":"wp","href":"https:\/\/api.w.org\/{rel}","templated":true}]}}