{"id":5317846,"date":"2026-01-19T14:56:50","date_gmt":"2026-01-19T12:56:50","guid":{"rendered":"https:\/\/gadgettravellers.eu\/shop\/ramo-con-vischio-innevato-72cm-xmasfest-1133898\/"},"modified":"2026-04-22T22:58:09","modified_gmt":"2026-04-22T20:58:09","slug":"ramo-con-vischio-innevato-72cm-xmasfest-1133898","status":"publish","type":"product","link":"https:\/\/gadgettravellers.eu\/it\/shop\/ramo-con-vischio-innevato-72cm-xmasfest-1133898\/","title":{"rendered":"Ramo con vischio innevato 72cm Xmasfest 1133898"},"content":{"rendered":"<p>72cm<\/p>\n<div class='aiseo-faq-section' style='margin-top:30px; border-top:1px solid #eee; padding-top:20px;'>\n<h3>Domande Frequenti<\/h3>\n<details style='margin-bottom:10px; padding:10px; background:#f9f9f9; border-radius:5px;'>\n<summary style='font-weight:bold; cursor:pointer;'>\u00c8 adatto per uso esterno?<\/summary>\n<div style='margin-top:10px; color:#555;'>No, il prodotto \u00e8 destinato all&#8217;uso interno.<\/div>\n<\/details>\n<details style='margin-bottom:10px; padding:10px; background:#f9f9f9; border-radius:5px;'>\n<summary style='font-weight:bold; cursor:pointer;'>Quanto \u00e8 lungo il ramo?<\/summary>\n<div style='margin-top:10px; color:#555;'>Il ramo ha una lunghezza di 72 cm.<\/div>\n<\/details>\n<details style='margin-bottom:10px; padding:10px; background:#f9f9f9; border-radius:5px;'>\n<summary style='font-weight:bold; cursor:pointer;'>Ha bisogno di manutenzione?<\/summary>\n<div style='margin-top:10px; color:#555;'>No, offre un aspetto realistico senza manutenzione.<\/div>\n<\/details>\n<details style='margin-bottom:10px; padding:10px; background:#f9f9f9; border-radius:5px;'>\n<summary style='font-weight:bold; cursor:pointer;'>Pu\u00f2 essere combinato con altri ornamenti?<\/summary>\n<div style='margin-top:10px; color:#555;'>S\u00ec, si abbina facilmente con lucine, nastri e altri ornamenti.<\/div>\n<\/details>\n<\/div>\n","protected":false},"excerpt":{"rendered":"<p>72cm Domande Frequenti \u00c8 adatto per uso esterno? No, il prodotto \u00e8 destinato all&#8217;uso interno. Quanto \u00e8 lungo il ramo? Il ramo ha una lunghezza di 72 cm. Ha bisogno di manutenzione? No, offre un aspetto realistico senza manutenzione. Pu\u00f2 essere combinato con altri ornamenti? S\u00ec, si abbina facilmente con lucine, nastri e altri ornamenti.<\/p>\n","protected":false},"featured_media":5184556,"comment_status":"closed","ping_status":"open","template":"","meta":[],"product_brand":[],"product_cat":[],"product_tag":[15],"class_list":{"0":"post-5317846","1":"product","2":"type-product","3":"status-publish","4":"has-post-thumbnail","6":"product_tag-uncategorized","8":"first","9":"onbackorder","10":"purchasable","11":"product-type-simple"},"jetpack_sharing_enabled":true,"_links":{"self":[{"href":"https:\/\/gadgettravellers.eu\/it\/wp-json\/wp\/v2\/product\/5317846","targetHints":{"allow":["GET"]}}],"collection":[{"href":"https:\/\/gadgettravellers.eu\/it\/wp-json\/wp\/v2\/product"}],"about":[{"href":"https:\/\/gadgettravellers.eu\/it\/wp-json\/wp\/v2\/types\/product"}],"replies":[{"embeddable":true,"href":"https:\/\/gadgettravellers.eu\/it\/wp-json\/wp\/v2\/comments?post=5317846"}],"wp:featuredmedia":[{"embeddable":true,"href":"https:\/\/gadgettravellers.eu\/it\/wp-json\/wp\/v2\/media\/5184556"}],"wp:attachment":[{"href":"https:\/\/gadgettravellers.eu\/it\/wp-json\/wp\/v2\/media?parent=5317846"}],"wp:term":[{"taxonomy":"product_brand","embeddable":true,"href":"https:\/\/gadgettravellers.eu\/it\/wp-json\/wp\/v2\/product_brand?post=5317846"},{"taxonomy":"product_cat","embeddable":true,"href":"https:\/\/gadgettravellers.eu\/it\/wp-json\/wp\/v2\/product_cat?post=5317846"},{"taxonomy":"product_tag","embeddable":true,"href":"https:\/\/gadgettravellers.eu\/it\/wp-json\/wp\/v2\/product_tag?post=5317846"}],"curies":[{"name":"wp","href":"https:\/\/api.w.org\/{rel}","templated":true}]}}