{"id":5317847,"date":"2026-01-19T14:56:51","date_gmt":"2026-01-19T12:56:51","guid":{"rendered":"https:\/\/gadgettravellers.eu\/shop\/fiocco-rosso-imbottito-gonfiabile-29x21x5cm-xmasfest-1133903\/"},"modified":"2026-04-22T22:58:09","modified_gmt":"2026-04-22T20:58:09","slug":"fiocco-rosso-imbottito-gonfiabile-29x21x5cm-xmasfest-1133903","status":"publish","type":"product","link":"https:\/\/gadgettravellers.eu\/it\/shop\/fiocco-rosso-imbottito-gonfiabile-29x21x5cm-xmasfest-1133903\/","title":{"rendered":"Fiocco Rosso Imbottito Gonfiabile 29x21x5cm Xmasfest 1133903"},"content":{"rendered":"<p>Fiocco imbottito 29x21x5cm<\/p>\n<div class='aiseo-faq-section' style='margin-top:30px; border-top:1px solid #eee; padding-top:20px;'>\n<h3>Domande Frequenti<\/h3>\n<details style='margin-bottom:10px; padding:10px; background:#f9f9f9; border-radius:5px;'>\n<summary style='font-weight:bold; cursor:pointer;'>Quali sono le dimensioni del fiocco?<\/summary>\n<div style='margin-top:10px; color:#555;'>Le dimensioni sono 29x21x5 cm.<\/div>\n<\/details>\n<details style='margin-bottom:10px; padding:10px; background:#f9f9f9; border-radius:5px;'>\n<summary style='font-weight:bold; cursor:pointer;'>\u00c8 pieno e che sensazione offre?<\/summary>\n<div style='margin-top:10px; color:#555;'>S\u00ec, \u00e8 imbottito e offre una sensazione morbida e cuscinoso.<\/div>\n<\/details>\n<details style='margin-bottom:10px; padding:10px; background:#f9f9f9; border-radius:5px;'>\n<summary style='font-weight:bold; cursor:pointer;'>Per quale uso \u00e8 destinato?<\/summary>\n<div style='margin-top:10px; color:#555;'>Ideale per decorazioni natalizie, confezionamento regali e ambienti interni.<\/div>\n<\/details>\n<details style='margin-bottom:10px; padding:10px; background:#f9f9f9; border-radius:5px;'>\n<summary style='font-weight:bold; cursor:pointer;'>Di che colore \u00e8 il fiocco?<\/summary>\n<div style='margin-top:10px; color:#555;'>Il fiocco \u00e8 rosso.<\/div>\n<\/details>\n<\/div>\n","protected":false},"excerpt":{"rendered":"<p>Fiocco imbottito 29x21x5cm Domande Frequenti Quali sono le dimensioni del fiocco? Le dimensioni sono 29x21x5 cm. \u00c8 pieno e che sensazione offre? S\u00ec, \u00e8 imbottito e offre una sensazione morbida e cuscinoso. Per quale uso \u00e8 destinato? Ideale per decorazioni natalizie, confezionamento regali e ambienti interni. Di che colore \u00e8 il fiocco? Il fiocco \u00e8 [&hellip;]<\/p>\n","protected":false},"featured_media":5184576,"comment_status":"closed","ping_status":"open","template":"","meta":[],"product_brand":[],"product_cat":[],"product_tag":[15],"class_list":{"0":"post-5317847","1":"product","2":"type-product","3":"status-publish","4":"has-post-thumbnail","6":"product_tag-uncategorized","8":"first","9":"onbackorder","10":"purchasable","11":"product-type-simple"},"jetpack_sharing_enabled":true,"_links":{"self":[{"href":"https:\/\/gadgettravellers.eu\/it\/wp-json\/wp\/v2\/product\/5317847","targetHints":{"allow":["GET"]}}],"collection":[{"href":"https:\/\/gadgettravellers.eu\/it\/wp-json\/wp\/v2\/product"}],"about":[{"href":"https:\/\/gadgettravellers.eu\/it\/wp-json\/wp\/v2\/types\/product"}],"replies":[{"embeddable":true,"href":"https:\/\/gadgettravellers.eu\/it\/wp-json\/wp\/v2\/comments?post=5317847"}],"wp:featuredmedia":[{"embeddable":true,"href":"https:\/\/gadgettravellers.eu\/it\/wp-json\/wp\/v2\/media\/5184576"}],"wp:attachment":[{"href":"https:\/\/gadgettravellers.eu\/it\/wp-json\/wp\/v2\/media?parent=5317847"}],"wp:term":[{"taxonomy":"product_brand","embeddable":true,"href":"https:\/\/gadgettravellers.eu\/it\/wp-json\/wp\/v2\/product_brand?post=5317847"},{"taxonomy":"product_cat","embeddable":true,"href":"https:\/\/gadgettravellers.eu\/it\/wp-json\/wp\/v2\/product_cat?post=5317847"},{"taxonomy":"product_tag","embeddable":true,"href":"https:\/\/gadgettravellers.eu\/it\/wp-json\/wp\/v2\/product_tag?post=5317847"}],"curies":[{"name":"wp","href":"https:\/\/api.w.org\/{rel}","templated":true}]}}