{"id":5317849,"date":"2026-01-19T14:56:52","date_gmt":"2026-01-19T12:56:52","guid":{"rendered":"https:\/\/gadgettravellers.eu\/shop\/corona-con-piume-piumini-rosso-o50cm-xmasfest-1133904\/"},"modified":"2026-04-22T22:58:10","modified_gmt":"2026-04-22T20:58:10","slug":"corona-con-piume-piumini-rosso-o50cm-xmasfest-1133904","status":"publish","type":"product","link":"https:\/\/gadgettravellers.eu\/it\/shop\/corona-con-piume-piumini-rosso-o50cm-xmasfest-1133904\/","title":{"rendered":"Corona con Piume &#038; Piumini Rosso \u00f850cm Xmasfest 1133904"},"content":{"rendered":"<p>Con ali &#038; piume \u00f850cm<\/p>\n<div class='aiseo-faq-section' style='margin-top:30px; border-top:1px solid #eee; padding-top:20px;'>\n<h3>Domande Frequenti<\/h3>\n<details style='margin-bottom:10px; padding:10px; background:#f9f9f9; border-radius:5px;'>\n<summary style='font-weight:bold; cursor:pointer;'>Di quali materiali \u00e8 composto la corona?<\/summary>\n<div style='margin-top:10px; color:#555;'>\u00c8 composto da piume e penne rosse, come indicato nella descrizione.<\/div>\n<\/details>\n<details style='margin-bottom:10px; padding:10px; background:#f9f9f9; border-radius:5px;'>\n<summary style='font-weight:bold; cursor:pointer;'>Qual \u00e8 il diametro della corona?<\/summary>\n<div style='margin-top:10px; color:#555;'>Il diametro \u00e8 50 cm (\u00f850cm).<\/div>\n<\/details>\n<details style='margin-bottom:10px; padding:10px; background:#f9f9f9; border-radius:5px;'>\n<summary style='font-weight:bold; cursor:pointer;'>Dove pu\u00f2 essere utilizzata la corona?<\/summary>\n<div style='margin-top:10px; color:#555;'>Ideale per porte, pareti e decorazioni festive generali.<\/div>\n<\/details>\n<\/div>\n","protected":false},"excerpt":{"rendered":"<p>Con ali &#038; piume \u00f850cm Domande Frequenti Di quali materiali \u00e8 composto la corona? \u00c8 composto da piume e penne rosse, come indicato nella descrizione. Qual \u00e8 il diametro della corona? Il diametro \u00e8 50 cm (\u00f850cm). Dove pu\u00f2 essere utilizzata la corona? Ideale per porte, pareti e decorazioni festive generali.<\/p>\n","protected":false},"featured_media":5184580,"comment_status":"closed","ping_status":"open","template":"","meta":[],"product_brand":[],"product_cat":[],"product_tag":[15],"class_list":{"0":"post-5317849","1":"product","2":"type-product","3":"status-publish","4":"has-post-thumbnail","6":"product_tag-uncategorized","8":"first","9":"onbackorder","10":"purchasable","11":"product-type-simple"},"jetpack_sharing_enabled":true,"_links":{"self":[{"href":"https:\/\/gadgettravellers.eu\/it\/wp-json\/wp\/v2\/product\/5317849","targetHints":{"allow":["GET"]}}],"collection":[{"href":"https:\/\/gadgettravellers.eu\/it\/wp-json\/wp\/v2\/product"}],"about":[{"href":"https:\/\/gadgettravellers.eu\/it\/wp-json\/wp\/v2\/types\/product"}],"replies":[{"embeddable":true,"href":"https:\/\/gadgettravellers.eu\/it\/wp-json\/wp\/v2\/comments?post=5317849"}],"wp:featuredmedia":[{"embeddable":true,"href":"https:\/\/gadgettravellers.eu\/it\/wp-json\/wp\/v2\/media\/5184580"}],"wp:attachment":[{"href":"https:\/\/gadgettravellers.eu\/it\/wp-json\/wp\/v2\/media?parent=5317849"}],"wp:term":[{"taxonomy":"product_brand","embeddable":true,"href":"https:\/\/gadgettravellers.eu\/it\/wp-json\/wp\/v2\/product_brand?post=5317849"},{"taxonomy":"product_cat","embeddable":true,"href":"https:\/\/gadgettravellers.eu\/it\/wp-json\/wp\/v2\/product_cat?post=5317849"},{"taxonomy":"product_tag","embeddable":true,"href":"https:\/\/gadgettravellers.eu\/it\/wp-json\/wp\/v2\/product_tag?post=5317849"}],"curies":[{"name":"wp","href":"https:\/\/api.w.org\/{rel}","templated":true}]}}