{"id":5317853,"date":"2026-01-19T14:56:55","date_gmt":"2026-01-19T12:56:55","guid":{"rendered":"https:\/\/gadgettravellers.eu\/shop\/palla-di-natale-con-piume-piumini-rosa-o10cm-xmasfest-1133909\/"},"modified":"2026-04-22T22:58:12","modified_gmt":"2026-04-22T20:58:12","slug":"palla-di-natale-con-piume-piumini-rosa-o10cm-xmasfest-1133909","status":"publish","type":"product","link":"https:\/\/gadgettravellers.eu\/it\/shop\/palla-di-natale-con-piume-piumini-rosa-o10cm-xmasfest-1133909\/","title":{"rendered":"Palla di Natale con Piume &#038; Piumini Rosa \u00f810cm Xmasfest 1133909"},"content":{"rendered":"<p>Con ali e piume \u00f810cm<\/p>\n<div class='aiseo-faq-section' style='margin-top:30px; border-top:1px solid #eee; padding-top:20px;'>\n<h3>Domande Frequenti<\/h3>\n<details style='margin-bottom:10px; padding:10px; background:#f9f9f9; border-radius:5px;'>\n<summary style='font-weight:bold; cursor:pointer;'>Qual \u00e8 il diametro della palla?<\/summary>\n<div style='margin-top:10px; color:#555;'>Il diametro \u00e8 di circa 10 cm.<\/div>\n<\/details>\n<details style='margin-bottom:10px; padding:10px; background:#f9f9f9; border-radius:5px;'>\n<summary style='font-weight:bold; cursor:pointer;'>Di cosa \u00e8 fatto l&#8217;ornamento?<\/summary>\n<div style='margin-top:10px; color:#555;'>Il gioiello ha piume decorative e piume secondo la descrizione.<\/div>\n<\/details>\n<details style='margin-bottom:10px; padding:10px; background:#f9f9f9; border-radius:5px;'>\n<summary style='font-weight:bold; cursor:pointer;'>Pu\u00f2 essere appeso all&#8217;albero di Natale?<\/summary>\n<div style='margin-top:10px; color:#555;'>S\u00ec, \u00e8 pronta per essere appesa all&#8217;albero o alla ghirlanda.<\/div>\n<\/details>\n<details style='margin-bottom:10px; padding:10px; background:#f9f9f9; border-radius:5px;'>\n<summary style='font-weight:bold; cursor:pointer;'>Sono pesanti o leggeri?<\/summary>\n<div style='margin-top:10px; color:#555;'>Sono leggeri, quindi si appendono facilmente senza appesantire i rami.<\/div>\n<\/details>\n<\/div>\n","protected":false},"excerpt":{"rendered":"<p>Con ali e piume \u00f810cm Domande Frequenti Qual \u00e8 il diametro della palla? Il diametro \u00e8 di circa 10 cm. Di cosa \u00e8 fatto l&#8217;ornamento? Il gioiello ha piume decorative e piume secondo la descrizione. Pu\u00f2 essere appeso all&#8217;albero di Natale? S\u00ec, \u00e8 pronta per essere appesa all&#8217;albero o alla ghirlanda. Sono pesanti o leggeri? [&hellip;]<\/p>\n","protected":false},"featured_media":5184600,"comment_status":"closed","ping_status":"open","template":"","meta":[],"product_brand":[],"product_cat":[],"product_tag":[15],"class_list":{"0":"post-5317853","1":"product","2":"type-product","3":"status-publish","4":"has-post-thumbnail","6":"product_tag-uncategorized","8":"first","9":"onbackorder","10":"purchasable","11":"product-type-simple"},"jetpack_sharing_enabled":true,"_links":{"self":[{"href":"https:\/\/gadgettravellers.eu\/it\/wp-json\/wp\/v2\/product\/5317853","targetHints":{"allow":["GET"]}}],"collection":[{"href":"https:\/\/gadgettravellers.eu\/it\/wp-json\/wp\/v2\/product"}],"about":[{"href":"https:\/\/gadgettravellers.eu\/it\/wp-json\/wp\/v2\/types\/product"}],"replies":[{"embeddable":true,"href":"https:\/\/gadgettravellers.eu\/it\/wp-json\/wp\/v2\/comments?post=5317853"}],"wp:featuredmedia":[{"embeddable":true,"href":"https:\/\/gadgettravellers.eu\/it\/wp-json\/wp\/v2\/media\/5184600"}],"wp:attachment":[{"href":"https:\/\/gadgettravellers.eu\/it\/wp-json\/wp\/v2\/media?parent=5317853"}],"wp:term":[{"taxonomy":"product_brand","embeddable":true,"href":"https:\/\/gadgettravellers.eu\/it\/wp-json\/wp\/v2\/product_brand?post=5317853"},{"taxonomy":"product_cat","embeddable":true,"href":"https:\/\/gadgettravellers.eu\/it\/wp-json\/wp\/v2\/product_cat?post=5317853"},{"taxonomy":"product_tag","embeddable":true,"href":"https:\/\/gadgettravellers.eu\/it\/wp-json\/wp\/v2\/product_tag?post=5317853"}],"curies":[{"name":"wp","href":"https:\/\/api.w.org\/{rel}","templated":true}]}}