{"id":5317854,"date":"2026-01-19T14:56:56","date_gmt":"2026-01-19T12:56:56","guid":{"rendered":"https:\/\/gadgettravellers.eu\/shop\/palla-di-natale-con-piume-piumini-bianca-o10cm-xmasfest-1133910\/"},"modified":"2026-04-22T22:58:12","modified_gmt":"2026-04-22T20:58:12","slug":"palla-di-natale-con-piume-piumini-bianca-o10cm-xmasfest-1133910","status":"publish","type":"product","link":"https:\/\/gadgettravellers.eu\/it\/shop\/palla-di-natale-con-piume-piumini-bianca-o10cm-xmasfest-1133910\/","title":{"rendered":"Palla di Natale con Piume &#038; Piumini Bianca \u00f810cm Xmasfest 1133910"},"content":{"rendered":"<p>Con ali &#038; piume \u00f810cm<\/p>\n<div class='aiseo-faq-section' style='margin-top:30px; border-top:1px solid #eee; padding-top:20px;'>\n<h3>Domande Frequenti<\/h3>\n<details style='margin-bottom:10px; padding:10px; background:#f9f9f9; border-radius:5px;'>\n<summary style='font-weight:bold; cursor:pointer;'>Qual \u00e8 il diametro della palla?<\/summary>\n<div style='margin-top:10px; color:#555;'>Il diametro \u00e8 \u00f810cm.<\/div>\n<\/details>\n<details style='margin-bottom:10px; padding:10px; background:#f9f9f9; border-radius:5px;'>\n<summary style='font-weight:bold; cursor:pointer;'>Di cosa \u00e8 decorata la palla?<\/summary>\n<div style='margin-top:10px; color:#555;'>\u00c8 decorata con piume morbide e piumini.<\/div>\n<\/details>\n<details style='margin-bottom:10px; padding:10px; background:#f9f9f9; border-radius:5px;'>\n<summary style='font-weight:bold; cursor:pointer;'>\u00c8 adatta per l&#8217;albero di Natale o per una ghirlanda?<\/summary>\n<div style='margin-top:10px; color:#555;'>S\u00ec, \u00e8 ideale per l&#8217;albero di Natale e per le ghirlande.<\/div>\n<\/details>\n<details style='margin-bottom:10px; padding:10px; background:#f9f9f9; border-radius:5px;'>\n<summary style='font-weight:bold; cursor:pointer;'>\u00c8 pesante o difficile da appendere?<\/summary>\n<div style='margin-top:10px; color:#555;'>Sono leggere e facili da appendere.<\/div>\n<\/details>\n<\/div>\n","protected":false},"excerpt":{"rendered":"<p>Con ali &#038; piume \u00f810cm Domande Frequenti Qual \u00e8 il diametro della palla? Il diametro \u00e8 \u00f810cm. Di cosa \u00e8 decorata la palla? \u00c8 decorata con piume morbide e piumini. \u00c8 adatta per l&#8217;albero di Natale o per una ghirlanda? S\u00ec, \u00e8 ideale per l&#8217;albero di Natale e per le ghirlande. \u00c8 pesante o difficile [&hellip;]<\/p>\n","protected":false},"featured_media":5184604,"comment_status":"closed","ping_status":"open","template":"","meta":[],"product_brand":[],"product_cat":[],"product_tag":[15],"class_list":{"0":"post-5317854","1":"product","2":"type-product","3":"status-publish","4":"has-post-thumbnail","6":"product_tag-uncategorized","8":"first","9":"onbackorder","10":"purchasable","11":"product-type-simple"},"jetpack_sharing_enabled":true,"_links":{"self":[{"href":"https:\/\/gadgettravellers.eu\/it\/wp-json\/wp\/v2\/product\/5317854","targetHints":{"allow":["GET"]}}],"collection":[{"href":"https:\/\/gadgettravellers.eu\/it\/wp-json\/wp\/v2\/product"}],"about":[{"href":"https:\/\/gadgettravellers.eu\/it\/wp-json\/wp\/v2\/types\/product"}],"replies":[{"embeddable":true,"href":"https:\/\/gadgettravellers.eu\/it\/wp-json\/wp\/v2\/comments?post=5317854"}],"wp:featuredmedia":[{"embeddable":true,"href":"https:\/\/gadgettravellers.eu\/it\/wp-json\/wp\/v2\/media\/5184604"}],"wp:attachment":[{"href":"https:\/\/gadgettravellers.eu\/it\/wp-json\/wp\/v2\/media?parent=5317854"}],"wp:term":[{"taxonomy":"product_brand","embeddable":true,"href":"https:\/\/gadgettravellers.eu\/it\/wp-json\/wp\/v2\/product_brand?post=5317854"},{"taxonomy":"product_cat","embeddable":true,"href":"https:\/\/gadgettravellers.eu\/it\/wp-json\/wp\/v2\/product_cat?post=5317854"},{"taxonomy":"product_tag","embeddable":true,"href":"https:\/\/gadgettravellers.eu\/it\/wp-json\/wp\/v2\/product_tag?post=5317854"}],"curies":[{"name":"wp","href":"https:\/\/api.w.org\/{rel}","templated":true}]}}