{"id":5317855,"date":"2026-01-19T14:56:56","date_gmt":"2026-01-19T12:56:56","guid":{"rendered":"https:\/\/gadgettravellers.eu\/shop\/angioletto-decorativo-pendolo-con-ali-piume-12cm-xmasfest-1133911\/"},"modified":"2026-04-22T22:58:13","modified_gmt":"2026-04-22T20:58:13","slug":"angioletto-decorativo-pendolo-con-ali-piume-12cm-xmasfest-1133911","status":"publish","type":"product","link":"https:\/\/gadgettravellers.eu\/it\/shop\/angioletto-decorativo-pendolo-con-ali-piume-12cm-xmasfest-1133911\/","title":{"rendered":"Angioletto Decorativo Pendolo con Ali &#038; Piume 12cm Xmasfest 1133911"},"content":{"rendered":"<p>Pendente con ali e piume 12cm<\/p>\n<div class='aiseo-faq-section' style='margin-top:30px; border-top:1px solid #eee; padding-top:20px;'>\n<h3>Domande Frequenti<\/h3>\n<details style='margin-bottom:10px; padding:10px; background:#f9f9f9; border-radius:5px;'>\n<summary style='font-weight:bold; cursor:pointer;'>Qual \u00e8 la dimensione dell&#8217;ornamento?<\/summary>\n<div style='margin-top:10px; color:#555;'>Dimensioni circa 12 cm.<\/div>\n<\/details>\n<details style='margin-bottom:10px; padding:10px; background:#f9f9f9; border-radius:5px;'>\n<summary style='font-weight:bold; cursor:pointer;'>Di quali materiali \u00e8 fatto l&#8217;ornamento?<\/summary>\n<div style='margin-top:10px; color:#555;'>Ha ali e piume secondo la descrizione.<\/div>\n<\/details>\n<details style='margin-bottom:10px; padding:10px; background:#f9f9f9; border-radius:5px;'>\n<summary style='font-weight:bold; cursor:pointer;'>\u00c8 adatto per l&#8217;albero di Natale?<\/summary>\n<div style='margin-top:10px; color:#555;'>S\u00ec, \u00e8 ideale per l&#8217;albero di Natale o per la decorazione festiva.<\/div>\n<\/details>\n<details style='margin-bottom:10px; padding:10px; background:#f9f9f9; border-radius:5px;'>\n<summary style='font-weight:bold; cursor:pointer;'>\u00c8 difficile da appendere?<\/summary>\n<div style='margin-top:10px; color:#555;'>No \u2014 \u00e8 leggero e facile da appendere.<\/div>\n<\/details>\n<\/div>\n","protected":false},"excerpt":{"rendered":"<p>Pendente con ali e piume 12cm Domande Frequenti Qual \u00e8 la dimensione dell&#8217;ornamento? Dimensioni circa 12 cm. Di quali materiali \u00e8 fatto l&#8217;ornamento? Ha ali e piume secondo la descrizione. \u00c8 adatto per l&#8217;albero di Natale? S\u00ec, \u00e8 ideale per l&#8217;albero di Natale o per la decorazione festiva. \u00c8 difficile da appendere? No \u2014 \u00e8 [&hellip;]<\/p>\n","protected":false},"featured_media":5184608,"comment_status":"closed","ping_status":"open","template":"","meta":[],"product_brand":[],"product_cat":[],"product_tag":[15],"class_list":{"0":"post-5317855","1":"product","2":"type-product","3":"status-publish","4":"has-post-thumbnail","6":"product_tag-uncategorized","8":"first","9":"onbackorder","10":"purchasable","11":"product-type-simple"},"jetpack_sharing_enabled":true,"_links":{"self":[{"href":"https:\/\/gadgettravellers.eu\/it\/wp-json\/wp\/v2\/product\/5317855","targetHints":{"allow":["GET"]}}],"collection":[{"href":"https:\/\/gadgettravellers.eu\/it\/wp-json\/wp\/v2\/product"}],"about":[{"href":"https:\/\/gadgettravellers.eu\/it\/wp-json\/wp\/v2\/types\/product"}],"replies":[{"embeddable":true,"href":"https:\/\/gadgettravellers.eu\/it\/wp-json\/wp\/v2\/comments?post=5317855"}],"wp:featuredmedia":[{"embeddable":true,"href":"https:\/\/gadgettravellers.eu\/it\/wp-json\/wp\/v2\/media\/5184608"}],"wp:attachment":[{"href":"https:\/\/gadgettravellers.eu\/it\/wp-json\/wp\/v2\/media?parent=5317855"}],"wp:term":[{"taxonomy":"product_brand","embeddable":true,"href":"https:\/\/gadgettravellers.eu\/it\/wp-json\/wp\/v2\/product_brand?post=5317855"},{"taxonomy":"product_cat","embeddable":true,"href":"https:\/\/gadgettravellers.eu\/it\/wp-json\/wp\/v2\/product_cat?post=5317855"},{"taxonomy":"product_tag","embeddable":true,"href":"https:\/\/gadgettravellers.eu\/it\/wp-json\/wp\/v2\/product_tag?post=5317855"}],"curies":[{"name":"wp","href":"https:\/\/api.w.org\/{rel}","templated":true}]}}