{"id":5317856,"date":"2026-01-19T14:56:56","date_gmt":"2026-01-19T12:56:56","guid":{"rendered":"https:\/\/gadgettravellers.eu\/shop\/palle-decor-rosse-ho-ho-ho-confezione4pz-o10cm-xmasfest-1133912\/"},"modified":"2026-04-22T22:58:13","modified_gmt":"2026-04-22T20:58:13","slug":"palle-decor-rosse-ho-ho-ho-confezione4pz-o10cm-xmasfest-1133912","status":"publish","type":"product","link":"https:\/\/gadgettravellers.eu\/it\/shop\/palle-decor-rosse-ho-ho-ho-confezione4pz-o10cm-xmasfest-1133912\/","title":{"rendered":"Palle Decor Rosse ho ho ho Confezione=4pz \u00f810cm Xmasfest 1133912"},"content":{"rendered":"<p>Pac=4pz \u00f810cm<\/p>\n<div class='aiseo-faq-section' style='margin-top:30px; border-top:1px solid #eee; padding-top:20px;'>\n<h3>Domande Frequenti<\/h3>\n<details style='margin-bottom:10px; padding:10px; background:#f9f9f9; border-radius:5px;'>\n<summary style='font-weight:bold; cursor:pointer;'>Quante palle sono incluse nel pacchetto?<\/summary>\n<div style='margin-top:10px; color:#555;'>Il set include 4 pezzi.<\/div>\n<\/details>\n<details style='margin-bottom:10px; padding:10px; background:#f9f9f9; border-radius:5px;'>\n<summary style='font-weight:bold; cursor:pointer;'>Qual \u00e8 il diametro delle palle?<\/summary>\n<div style='margin-top:10px; color:#555;'>Ogni palla ha un diametro di \u00f810cm.<\/div>\n<\/details>\n<details style='margin-bottom:10px; padding:10px; background:#f9f9f9; border-radius:5px;'>\n<summary style='font-weight:bold; cursor:pointer;'>Per quale uso sono destinati?<\/summary>\n<div style='margin-top:10px; color:#555;'>Ideali per decorare l&#8217;albero, le ghirlande e composizioni festive interne in casa.<\/div>\n<\/details>\n<details style='margin-bottom:10px; padding:10px; background:#f9f9f9; border-radius:5px;'>\n<summary style='font-weight:bold; cursor:pointer;'>Sono riutilizzabili e resistenti?<\/summary>\n<div style='margin-top:10px; color:#555;'>S\u00ec, sono leggere, resistenti e riutilizzabili ogni anno.<\/div>\n<\/details>\n<\/div>\n","protected":false},"excerpt":{"rendered":"<p>Pac=4pz \u00f810cm Domande Frequenti Quante palle sono incluse nel pacchetto? Il set include 4 pezzi. Qual \u00e8 il diametro delle palle? Ogni palla ha un diametro di \u00f810cm. Per quale uso sono destinati? Ideali per decorare l&#8217;albero, le ghirlande e composizioni festive interne in casa. Sono riutilizzabili e resistenti? S\u00ec, sono leggere, resistenti e riutilizzabili [&hellip;]<\/p>\n","protected":false},"featured_media":5184612,"comment_status":"closed","ping_status":"open","template":"","meta":[],"product_brand":[],"product_cat":[],"product_tag":[15],"class_list":{"0":"post-5317856","1":"product","2":"type-product","3":"status-publish","4":"has-post-thumbnail","6":"product_tag-uncategorized","8":"first","9":"onbackorder","10":"purchasable","11":"product-type-simple"},"jetpack_sharing_enabled":true,"_links":{"self":[{"href":"https:\/\/gadgettravellers.eu\/it\/wp-json\/wp\/v2\/product\/5317856","targetHints":{"allow":["GET"]}}],"collection":[{"href":"https:\/\/gadgettravellers.eu\/it\/wp-json\/wp\/v2\/product"}],"about":[{"href":"https:\/\/gadgettravellers.eu\/it\/wp-json\/wp\/v2\/types\/product"}],"replies":[{"embeddable":true,"href":"https:\/\/gadgettravellers.eu\/it\/wp-json\/wp\/v2\/comments?post=5317856"}],"wp:featuredmedia":[{"embeddable":true,"href":"https:\/\/gadgettravellers.eu\/it\/wp-json\/wp\/v2\/media\/5184612"}],"wp:attachment":[{"href":"https:\/\/gadgettravellers.eu\/it\/wp-json\/wp\/v2\/media?parent=5317856"}],"wp:term":[{"taxonomy":"product_brand","embeddable":true,"href":"https:\/\/gadgettravellers.eu\/it\/wp-json\/wp\/v2\/product_brand?post=5317856"},{"taxonomy":"product_cat","embeddable":true,"href":"https:\/\/gadgettravellers.eu\/it\/wp-json\/wp\/v2\/product_cat?post=5317856"},{"taxonomy":"product_tag","embeddable":true,"href":"https:\/\/gadgettravellers.eu\/it\/wp-json\/wp\/v2\/product_tag?post=5317856"}],"curies":[{"name":"wp","href":"https:\/\/api.w.org\/{rel}","templated":true}]}}