{"id":5317857,"date":"2026-01-19T14:56:57","date_gmt":"2026-01-19T12:56:57","guid":{"rendered":"https:\/\/gadgettravellers.eu\/shop\/decorativo-in-legno-letters-to-santa-40x17x6cm-xmasfest-1133913\/"},"modified":"2026-04-22T22:58:14","modified_gmt":"2026-04-22T20:58:14","slug":"decorativo-in-legno-letters-to-santa-40x17x6cm-xmasfest-1133913","status":"publish","type":"product","link":"https:\/\/gadgettravellers.eu\/it\/shop\/decorativo-in-legno-letters-to-santa-40x17x6cm-xmasfest-1133913\/","title":{"rendered":"Decorativo in Legno Letters to Santa 40x17x6cm Xmasfest 1133913"},"content":{"rendered":"<p>Legno 40x17x6cm<\/p>\n<div class='aiseo-faq-section' style='margin-top:30px; border-top:1px solid #eee; padding-top:20px;'>\n<h3>Domande Frequenti<\/h3>\n<details style='margin-bottom:10px; padding:10px; background:#f9f9f9; border-radius:5px;'>\n<summary style='font-weight:bold; cursor:pointer;'>Di che materiale \u00e8 il prodotto?<\/summary>\n<div style='margin-top:10px; color:#555;'>L&#8217;ornamento \u00e8 realizzato in legno.<\/div>\n<\/details>\n<details style='margin-bottom:10px; padding:10px; background:#f9f9f9; border-radius:5px;'>\n<summary style='font-weight:bold; cursor:pointer;'>Quali sono le sue dimensioni?<\/summary>\n<div style='margin-top:10px; color:#555;'>Le dimensioni sono 40 x 17 x 6 cm.<\/div>\n<\/details>\n<details style='margin-bottom:10px; padding:10px; background:#f9f9f9; border-radius:5px;'>\n<summary style='font-weight:bold; cursor:pointer;'>Pu\u00f2 essere posizionato su un tavolo o su una mensola?<\/summary>\n<div style='margin-top:10px; color:#555;'>S\u00ec, \u00e8 progettato per essere posizionato su un tavolo o una mensola ed \u00e8 facile da installare.<\/div>\n<\/details>\n<details style='margin-bottom:10px; padding:10px; background:#f9f9f9; border-radius:5px;'>\n<summary style='font-weight:bold; cursor:pointer;'>\u00c8 adatto come regalo?<\/summary>\n<div style='margin-top:10px; color:#555;'>S\u00ec, \u00e8 leggero e adatto come regalo di Natale.<\/div>\n<\/details>\n<\/div>\n","protected":false},"excerpt":{"rendered":"<p>Legno 40x17x6cm Domande Frequenti Di che materiale \u00e8 il prodotto? L&#8217;ornamento \u00e8 realizzato in legno. Quali sono le sue dimensioni? Le dimensioni sono 40 x 17 x 6 cm. Pu\u00f2 essere posizionato su un tavolo o su una mensola? S\u00ec, \u00e8 progettato per essere posizionato su un tavolo o una mensola ed \u00e8 facile da [&hellip;]<\/p>\n","protected":false},"featured_media":5184616,"comment_status":"closed","ping_status":"open","template":"","meta":[],"product_brand":[],"product_cat":[],"product_tag":[15],"class_list":{"0":"post-5317857","1":"product","2":"type-product","3":"status-publish","4":"has-post-thumbnail","6":"product_tag-uncategorized","8":"first","9":"onbackorder","10":"purchasable","11":"product-type-simple"},"jetpack_sharing_enabled":true,"_links":{"self":[{"href":"https:\/\/gadgettravellers.eu\/it\/wp-json\/wp\/v2\/product\/5317857","targetHints":{"allow":["GET"]}}],"collection":[{"href":"https:\/\/gadgettravellers.eu\/it\/wp-json\/wp\/v2\/product"}],"about":[{"href":"https:\/\/gadgettravellers.eu\/it\/wp-json\/wp\/v2\/types\/product"}],"replies":[{"embeddable":true,"href":"https:\/\/gadgettravellers.eu\/it\/wp-json\/wp\/v2\/comments?post=5317857"}],"wp:featuredmedia":[{"embeddable":true,"href":"https:\/\/gadgettravellers.eu\/it\/wp-json\/wp\/v2\/media\/5184616"}],"wp:attachment":[{"href":"https:\/\/gadgettravellers.eu\/it\/wp-json\/wp\/v2\/media?parent=5317857"}],"wp:term":[{"taxonomy":"product_brand","embeddable":true,"href":"https:\/\/gadgettravellers.eu\/it\/wp-json\/wp\/v2\/product_brand?post=5317857"},{"taxonomy":"product_cat","embeddable":true,"href":"https:\/\/gadgettravellers.eu\/it\/wp-json\/wp\/v2\/product_cat?post=5317857"},{"taxonomy":"product_tag","embeddable":true,"href":"https:\/\/gadgettravellers.eu\/it\/wp-json\/wp\/v2\/product_tag?post=5317857"}],"curies":[{"name":"wp","href":"https:\/\/api.w.org\/{rel}","templated":true}]}}