{"id":5317858,"date":"2026-01-19T14:56:57","date_gmt":"2026-01-19T12:56:57","guid":{"rendered":"https:\/\/gadgettravellers.eu\/shop\/babbo-natale-realistico-camicia-a-quadri-89cm-xmasfest-1133917\/"},"modified":"2026-05-05T06:04:24","modified_gmt":"2026-05-05T04:04:24","slug":"babbo-natale-realistico-camicia-a-quadri-89cm-xmasfest-1133917","status":"publish","type":"product","link":"https:\/\/gadgettravellers.eu\/it\/shop\/babbo-natale-realistico-camicia-a-quadri-89cm-xmasfest-1133917\/","title":{"rendered":"Babbo Natale Realistico Camicia a Quadri 89cm Xmasfest 1133917"},"content":{"rendered":"<p>Santo realistico 89cm<\/p>\n<div class='aiseo-faq-section' style='margin-top:30px; border-top:1px solid #eee; padding-top:20px;'>\n<h3>Domande Frequenti<\/h3>\n<details style='margin-bottom:10px; padding:10px; background:#f9f9f9; border-radius:5px;'>\n<summary style='font-weight:bold; cursor:pointer;'>Qual \u00e8 la dimensione della figura?<\/summary>\n<div style='margin-top:10px; color:#555;'>La figura ha un&#8217;altezza di 89 cm.<\/div>\n<\/details>\n<details style='margin-bottom:10px; padding:10px; background:#f9f9f9; border-radius:5px;'>\n<summary style='font-weight:bold; cursor:pointer;'>\u00c8 adatta per decorazioni esterne?<\/summary>\n<div style='margin-top:10px; color:#555;'>\u00c8 ideale per la decorazione interna e non \u00e8 consigliata per l&#8217;uso esterno.<\/div>\n<\/details>\n<details style='margin-bottom:10px; padding:10px; background:#f9f9f9; border-radius:5px;'>\n<summary style='font-weight:bold; cursor:pointer;'>Che tipo di vestito indossa la figura?<\/summary>\n<div style='margin-top:10px; color:#555;'>Indossa una camicia a quadri, come descritto.<\/div>\n<\/details>\n<details style='margin-bottom:10px; padding:10px; background:#f9f9f9; border-radius:5px;'>\n<summary style='font-weight:bold; cursor:pointer;'>La figura \u00e8 realistica?<\/summary>\n<div style='margin-top:10px; color:#555;'>S\u00ec, \u00e8 descritto come verosimile.<\/div>\n<\/details>\n<\/div>\n","protected":false},"excerpt":{"rendered":"<p>Santo realistico 89cm Domande Frequenti Qual \u00e8 la dimensione della figura? La figura ha un&#8217;altezza di 89 cm. \u00c8 adatta per decorazioni esterne? \u00c8 ideale per la decorazione interna e non \u00e8 consigliata per l&#8217;uso esterno. Che tipo di vestito indossa la figura? Indossa una camicia a quadri, come descritto. La figura \u00e8 realistica? S\u00ec, [&hellip;]<\/p>\n","protected":false},"featured_media":5184632,"comment_status":"closed","ping_status":"open","template":"","meta":[],"product_brand":[],"product_cat":[],"product_tag":[15],"class_list":{"0":"post-5317858","1":"product","2":"type-product","3":"status-publish","4":"has-post-thumbnail","6":"product_tag-uncategorized","8":"first","9":"onbackorder","10":"purchasable","11":"product-type-simple"},"jetpack_sharing_enabled":true,"_links":{"self":[{"href":"https:\/\/gadgettravellers.eu\/it\/wp-json\/wp\/v2\/product\/5317858","targetHints":{"allow":["GET"]}}],"collection":[{"href":"https:\/\/gadgettravellers.eu\/it\/wp-json\/wp\/v2\/product"}],"about":[{"href":"https:\/\/gadgettravellers.eu\/it\/wp-json\/wp\/v2\/types\/product"}],"replies":[{"embeddable":true,"href":"https:\/\/gadgettravellers.eu\/it\/wp-json\/wp\/v2\/comments?post=5317858"}],"wp:featuredmedia":[{"embeddable":true,"href":"https:\/\/gadgettravellers.eu\/it\/wp-json\/wp\/v2\/media\/5184632"}],"wp:attachment":[{"href":"https:\/\/gadgettravellers.eu\/it\/wp-json\/wp\/v2\/media?parent=5317858"}],"wp:term":[{"taxonomy":"product_brand","embeddable":true,"href":"https:\/\/gadgettravellers.eu\/it\/wp-json\/wp\/v2\/product_brand?post=5317858"},{"taxonomy":"product_cat","embeddable":true,"href":"https:\/\/gadgettravellers.eu\/it\/wp-json\/wp\/v2\/product_cat?post=5317858"},{"taxonomy":"product_tag","embeddable":true,"href":"https:\/\/gadgettravellers.eu\/it\/wp-json\/wp\/v2\/product_tag?post=5317858"}],"curies":[{"name":"wp","href":"https:\/\/api.w.org\/{rel}","templated":true}]}}