{"id":5317862,"date":"2026-01-19T14:57:00","date_gmt":"2026-01-19T12:57:00","guid":{"rendered":"https:\/\/gadgettravellers.eu\/shop\/babbo-natale-realistico-oro-bianco-60cm-xmasfest-1133918\/"},"modified":"2026-04-22T22:58:17","modified_gmt":"2026-04-22T20:58:17","slug":"babbo-natale-realistico-oro-bianco-60cm-xmasfest-1133918","status":"publish","type":"product","link":"https:\/\/gadgettravellers.eu\/it\/shop\/babbo-natale-realistico-oro-bianco-60cm-xmasfest-1133918\/","title":{"rendered":"Babbo Natale Realistico Oro Bianco 60cm Xmasfest 1133918"},"content":{"rendered":"<p>Santo realistico 60cm<\/p>\n<div class='aiseo-faq-section' style='margin-top:30px; border-top:1px solid #eee; padding-top:20px;'>\n<h3>Domande Frequenti<\/h3>\n<details style='margin-bottom:10px; padding:10px; background:#f9f9f9; border-radius:5px;'>\n<summary style='font-weight:bold; cursor:pointer;'>Quanto \u00e8 l&#8217;altezza della figura?<\/summary>\n<div style='margin-top:10px; color:#555;'>La figura ha un&#8217;altezza di 60 cm.<\/div>\n<\/details>\n<details style='margin-bottom:10px; padding:10px; background:#f9f9f9; border-radius:5px;'>\n<summary style='font-weight:bold; cursor:pointer;'>Di che colore o motivo \u00e8?<\/summary>\n<div style='margin-top:10px; color:#555;'>\u00c8 in design bianco-oro.<\/div>\n<\/details>\n<details style='margin-bottom:10px; padding:10px; background:#f9f9f9; border-radius:5px;'>\n<summary style='font-weight:bold; cursor:pointer;'>Dove \u00e8 destinato il suo utilizzo?<\/summary>\n<div style='margin-top:10px; color:#555;'>Ideale per la decorazione natalizia interna in case, negozi e come regalo stagionale.<\/div>\n<\/details>\n<details style='margin-bottom:10px; padding:10px; background:#f9f9f9; border-radius:5px;'>\n<summary style='font-weight:bold; cursor:pointer;'>Pu\u00f2 essere utilizzato all&#8217;aperto?<\/summary>\n<div style='margin-top:10px; color:#555;'>Non \u00e8 consigliato per uso esterno, \u00e8 adatto per la decorazione interna.<\/div>\n<\/details>\n<\/div>\n","protected":false},"excerpt":{"rendered":"<p>Santo realistico 60cm Domande Frequenti Quanto \u00e8 l&#8217;altezza della figura? La figura ha un&#8217;altezza di 60 cm. Di che colore o motivo \u00e8? \u00c8 in design bianco-oro. Dove \u00e8 destinato il suo utilizzo? Ideale per la decorazione natalizia interna in case, negozi e come regalo stagionale. Pu\u00f2 essere utilizzato all&#8217;aperto? Non \u00e8 consigliato per uso [&hellip;]<\/p>\n","protected":false},"featured_media":5184636,"comment_status":"closed","ping_status":"open","template":"","meta":[],"product_brand":[],"product_cat":[],"product_tag":[15],"class_list":{"0":"post-5317862","1":"product","2":"type-product","3":"status-publish","4":"has-post-thumbnail","6":"product_tag-uncategorized","8":"first","9":"onbackorder","10":"purchasable","11":"product-type-simple"},"jetpack_sharing_enabled":true,"_links":{"self":[{"href":"https:\/\/gadgettravellers.eu\/it\/wp-json\/wp\/v2\/product\/5317862","targetHints":{"allow":["GET"]}}],"collection":[{"href":"https:\/\/gadgettravellers.eu\/it\/wp-json\/wp\/v2\/product"}],"about":[{"href":"https:\/\/gadgettravellers.eu\/it\/wp-json\/wp\/v2\/types\/product"}],"replies":[{"embeddable":true,"href":"https:\/\/gadgettravellers.eu\/it\/wp-json\/wp\/v2\/comments?post=5317862"}],"wp:featuredmedia":[{"embeddable":true,"href":"https:\/\/gadgettravellers.eu\/it\/wp-json\/wp\/v2\/media\/5184636"}],"wp:attachment":[{"href":"https:\/\/gadgettravellers.eu\/it\/wp-json\/wp\/v2\/media?parent=5317862"}],"wp:term":[{"taxonomy":"product_brand","embeddable":true,"href":"https:\/\/gadgettravellers.eu\/it\/wp-json\/wp\/v2\/product_brand?post=5317862"},{"taxonomy":"product_cat","embeddable":true,"href":"https:\/\/gadgettravellers.eu\/it\/wp-json\/wp\/v2\/product_cat?post=5317862"},{"taxonomy":"product_tag","embeddable":true,"href":"https:\/\/gadgettravellers.eu\/it\/wp-json\/wp\/v2\/product_tag?post=5317862"}],"curies":[{"name":"wp","href":"https:\/\/api.w.org\/{rel}","templated":true}]}}