{"id":5317863,"date":"2026-01-19T14:57:00","date_gmt":"2026-01-19T12:57:00","guid":{"rendered":"https:\/\/gadgettravellers.eu\/shop\/babbo-natale-realistico-con-maglione-60cm-xmasfest-1133919\/"},"modified":"2026-04-22T22:58:17","modified_gmt":"2026-04-22T20:58:17","slug":"babbo-natale-realistico-con-maglione-60cm-xmasfest-1133919","status":"publish","type":"product","link":"https:\/\/gadgettravellers.eu\/it\/shop\/babbo-natale-realistico-con-maglione-60cm-xmasfest-1133919\/","title":{"rendered":"Babbo Natale Realistico con Maglione 60cm Xmasfest 1133919"},"content":{"rendered":"<p>Santo realistico 60cm<\/p>\n<div class='aiseo-faq-section' style='margin-top:30px; border-top:1px solid #eee; padding-top:20px;'>\n<h3>Domande Frequenti<\/h3>\n<details style='margin-bottom:10px; padding:10px; background:#f9f9f9; border-radius:5px;'>\n<summary style='font-weight:bold; cursor:pointer;'>Qual \u00e8 l&#8217;altezza del prodotto?<\/summary>\n<div style='margin-top:10px; color:#555;'>Ha un&#8217;altezza di 60 cm.<\/div>\n<\/details>\n<details style='margin-bottom:10px; padding:10px; background:#f9f9f9; border-radius:5px;'>\n<summary style='font-weight:bold; cursor:pointer;'>\u00c8 una figura verosimile?<\/summary>\n<div style='margin-top:10px; color:#555;'>S\u00ec, la descrizione dice che \u00e8 un Babbo Natale realistico.<\/div>\n<\/details>\n<details style='margin-bottom:10px; padding:10px; background:#f9f9f9; border-radius:5px;'>\n<summary style='font-weight:bold; cursor:pointer;'>Indossa un maglione?<\/summary>\n<div style='margin-top:10px; color:#555;'>S\u00ec, Babbo Natale indossa un maglione.<\/div>\n<\/details>\n<details style='margin-bottom:10px; padding:10px; background:#f9f9f9; border-radius:5px;'>\n<summary style='font-weight:bold; cursor:pointer;'>Adatto per uso interno e come regalo?<\/summary>\n<div style='margin-top:10px; color:#555;'>S\u00ec, \u00e8 ideale per la decorazione natalizia interna e come regalo.<\/div>\n<\/details>\n<\/div>\n","protected":false},"excerpt":{"rendered":"<p>Santo realistico 60cm Domande Frequenti Qual \u00e8 l&#8217;altezza del prodotto? Ha un&#8217;altezza di 60 cm. \u00c8 una figura verosimile? S\u00ec, la descrizione dice che \u00e8 un Babbo Natale realistico. Indossa un maglione? S\u00ec, Babbo Natale indossa un maglione. Adatto per uso interno e come regalo? S\u00ec, \u00e8 ideale per la decorazione natalizia interna e come [&hellip;]<\/p>\n","protected":false},"featured_media":5184640,"comment_status":"closed","ping_status":"open","template":"","meta":[],"product_brand":[],"product_cat":[],"product_tag":[15],"class_list":{"0":"post-5317863","1":"product","2":"type-product","3":"status-publish","4":"has-post-thumbnail","6":"product_tag-uncategorized","8":"first","9":"onbackorder","10":"purchasable","11":"product-type-simple"},"jetpack_sharing_enabled":true,"_links":{"self":[{"href":"https:\/\/gadgettravellers.eu\/it\/wp-json\/wp\/v2\/product\/5317863","targetHints":{"allow":["GET"]}}],"collection":[{"href":"https:\/\/gadgettravellers.eu\/it\/wp-json\/wp\/v2\/product"}],"about":[{"href":"https:\/\/gadgettravellers.eu\/it\/wp-json\/wp\/v2\/types\/product"}],"replies":[{"embeddable":true,"href":"https:\/\/gadgettravellers.eu\/it\/wp-json\/wp\/v2\/comments?post=5317863"}],"wp:featuredmedia":[{"embeddable":true,"href":"https:\/\/gadgettravellers.eu\/it\/wp-json\/wp\/v2\/media\/5184640"}],"wp:attachment":[{"href":"https:\/\/gadgettravellers.eu\/it\/wp-json\/wp\/v2\/media?parent=5317863"}],"wp:term":[{"taxonomy":"product_brand","embeddable":true,"href":"https:\/\/gadgettravellers.eu\/it\/wp-json\/wp\/v2\/product_brand?post=5317863"},{"taxonomy":"product_cat","embeddable":true,"href":"https:\/\/gadgettravellers.eu\/it\/wp-json\/wp\/v2\/product_cat?post=5317863"},{"taxonomy":"product_tag","embeddable":true,"href":"https:\/\/gadgettravellers.eu\/it\/wp-json\/wp\/v2\/product_tag?post=5317863"}],"curies":[{"name":"wp","href":"https:\/\/api.w.org\/{rel}","templated":true}]}}