{"id":5317864,"date":"2026-01-19T14:57:01","date_gmt":"2026-01-19T12:57:01","guid":{"rendered":"https:\/\/gadgettravellers.eu\/shop\/albero-di-natale-innevato-183cm-o81cm-xmasfest-1133920\/"},"modified":"2026-04-22T22:58:18","modified_gmt":"2026-04-22T20:58:18","slug":"albero-di-natale-innevato-183cm-o81cm-xmasfest-1133920","status":"publish","type":"product","link":"https:\/\/gadgettravellers.eu\/it\/shop\/albero-di-natale-innevato-183cm-o81cm-xmasfest-1133920\/","title":{"rendered":"Albero di Natale innevato 183cm ~\u00f881cm Xmasfest 1133920"},"content":{"rendered":"<p>Nevicato-impellicciato con base metallica. 378 rami 183cm ~\u00f881cm<\/p>\n<div class='aiseo-faq-section' style='margin-top:30px; border-top:1px solid #eee; padding-top:20px;'>\n<h3>Domande Frequenti<\/h3>\n<details style='margin-bottom:10px; padding:10px; background:#f9f9f9; border-radius:5px;'>\n<summary style='font-weight:bold; cursor:pointer;'>Qual \u00e8 l&#8217;altezza e il diametro dell&#8217;albero?<\/summary>\n<div style='margin-top:10px; color:#555;'>L&#8217;albero ha un&#8217;altezza di 183 cm e un diametro di circa \u00f881 cm.<\/div>\n<\/details>\n<details style='margin-bottom:10px; padding:10px; background:#f9f9f9; border-radius:5px;'>\n<summary style='font-weight:bold; cursor:pointer;'>Quanti rami ha l&#8217;albero?<\/summary>\n<div style='margin-top:10px; color:#555;'>Dispone di 378 filiali.<\/div>\n<\/details>\n<details style='margin-bottom:10px; padding:10px; background:#f9f9f9; border-radius:5px;'>\n<summary style='font-weight:bold; cursor:pointer;'>Cosa significa che l&#8217;albero \u00e8 \u00abinnevato-flocked\u00bb?<\/summary>\n<div style='margin-top:10px; color:#555;'>Ha una copertura di flock sui rami che crea l&#8217;aspetto di neve innevata.<\/div>\n<\/details>\n<details style='margin-bottom:10px; padding:10px; background:#f9f9f9; border-radius:5px;'>\n<summary style='font-weight:bold; cursor:pointer;'>Che tipo di base ha l&#8217;albero?<\/summary>\n<div style='margin-top:10px; color:#555;'>Dispone di una base metallica stabile per il supporto.<\/div>\n<\/details>\n<\/div>\n","protected":false},"excerpt":{"rendered":"<p>Nevicato-impellicciato con base metallica. 378 rami 183cm ~\u00f881cm Domande Frequenti Qual \u00e8 l&#8217;altezza e il diametro dell&#8217;albero? L&#8217;albero ha un&#8217;altezza di 183 cm e un diametro di circa \u00f881 cm. Quanti rami ha l&#8217;albero? Dispone di 378 filiali. Cosa significa che l&#8217;albero \u00e8 \u00abinnevato-flocked\u00bb? Ha una copertura di flock sui rami che crea l&#8217;aspetto di [&hellip;]<\/p>\n","protected":false},"featured_media":5184644,"comment_status":"closed","ping_status":"open","template":"","meta":[],"product_brand":[],"product_cat":[],"product_tag":[15],"class_list":{"0":"post-5317864","1":"product","2":"type-product","3":"status-publish","4":"has-post-thumbnail","6":"product_tag-uncategorized","8":"first","9":"onbackorder","10":"purchasable","11":"product-type-simple"},"jetpack_sharing_enabled":true,"_links":{"self":[{"href":"https:\/\/gadgettravellers.eu\/it\/wp-json\/wp\/v2\/product\/5317864","targetHints":{"allow":["GET"]}}],"collection":[{"href":"https:\/\/gadgettravellers.eu\/it\/wp-json\/wp\/v2\/product"}],"about":[{"href":"https:\/\/gadgettravellers.eu\/it\/wp-json\/wp\/v2\/types\/product"}],"replies":[{"embeddable":true,"href":"https:\/\/gadgettravellers.eu\/it\/wp-json\/wp\/v2\/comments?post=5317864"}],"wp:featuredmedia":[{"embeddable":true,"href":"https:\/\/gadgettravellers.eu\/it\/wp-json\/wp\/v2\/media\/5184644"}],"wp:attachment":[{"href":"https:\/\/gadgettravellers.eu\/it\/wp-json\/wp\/v2\/media?parent=5317864"}],"wp:term":[{"taxonomy":"product_brand","embeddable":true,"href":"https:\/\/gadgettravellers.eu\/it\/wp-json\/wp\/v2\/product_brand?post=5317864"},{"taxonomy":"product_cat","embeddable":true,"href":"https:\/\/gadgettravellers.eu\/it\/wp-json\/wp\/v2\/product_cat?post=5317864"},{"taxonomy":"product_tag","embeddable":true,"href":"https:\/\/gadgettravellers.eu\/it\/wp-json\/wp\/v2\/product_tag?post=5317864"}],"curies":[{"name":"wp","href":"https:\/\/api.w.org\/{rel}","templated":true}]}}