{"id":5317867,"date":"2026-01-19T14:57:02","date_gmt":"2026-01-19T12:57:02","guid":{"rendered":"https:\/\/gadgettravellers.eu\/shop\/borsa-regalo-per-bottiglia-carta-natalizia-355x115x115cm-xmasfest-1133922\/"},"modified":"2026-04-22T22:58:19","modified_gmt":"2026-04-22T20:58:19","slug":"borsa-regalo-per-bottiglia-carta-natalizia-355x115x115cm-xmasfest-1133922","status":"publish","type":"product","link":"https:\/\/gadgettravellers.eu\/it\/shop\/borsa-regalo-per-bottiglia-carta-natalizia-355x115x115cm-xmasfest-1133922\/","title":{"rendered":"Borsa Regalo per Bottiglia Carta Natalizia 35,5&#215;11,5&#215;11,5cm Xmasfest 1133922"},"content":{"rendered":"<p>(abbinate) 35,5&#215;11,5&#215;11,5cm<\/p>\n<div class='aiseo-faq-section' style='margin-top:30px; border-top:1px solid #eee; padding-top:20px;'>\n<h3>Domande Frequenti<\/h3>\n<details style='margin-bottom:10px; padding:10px; background:#f9f9f9; border-radius:5px;'>\n<summary style='font-weight:bold; cursor:pointer;'>Quali sono le dimensioni della borsa?<\/summary>\n<div style='margin-top:10px; color:#555;'>Le dimensioni sono 35,5 x 11,5 x 11,5 cm.<\/div>\n<\/details>\n<details style='margin-bottom:10px; padding:10px; background:#f9f9f9; border-radius:5px;'>\n<summary style='font-weight:bold; cursor:pointer;'>\u00c8 adatta per bottiglie di vino?<\/summary>\n<div style='margin-top:10px; color:#555;'>S\u00ec, la borsa \u00e8 progettata per la presentazione e la protezione di bottiglie di vino o altri alcolici.<\/div>\n<\/details>\n<details style='margin-bottom:10px; padding:10px; background:#f9f9f9; border-radius:5px;'>\n<summary style='font-weight:bold; cursor:pointer;'>Che disegni ha la borsa?<\/summary>\n<div style='margin-top:10px; color:#555;'>Disponibile in design natalizi assortiti.<\/div>\n<\/details>\n<\/div>\n","protected":false},"excerpt":{"rendered":"<p>(abbinate) 35,5&#215;11,5&#215;11,5cm Domande Frequenti Quali sono le dimensioni della borsa? Le dimensioni sono 35,5 x 11,5 x 11,5 cm. \u00c8 adatta per bottiglie di vino? S\u00ec, la borsa \u00e8 progettata per la presentazione e la protezione di bottiglie di vino o altri alcolici. Che disegni ha la borsa? Disponibile in design natalizi assortiti.<\/p>\n","protected":false},"featured_media":5184652,"comment_status":"closed","ping_status":"open","template":"","meta":[],"product_brand":[],"product_cat":[],"product_tag":[15],"class_list":{"0":"post-5317867","1":"product","2":"type-product","3":"status-publish","4":"has-post-thumbnail","6":"product_tag-uncategorized","8":"first","9":"onbackorder","10":"purchasable","11":"product-type-simple"},"jetpack_sharing_enabled":true,"_links":{"self":[{"href":"https:\/\/gadgettravellers.eu\/it\/wp-json\/wp\/v2\/product\/5317867","targetHints":{"allow":["GET"]}}],"collection":[{"href":"https:\/\/gadgettravellers.eu\/it\/wp-json\/wp\/v2\/product"}],"about":[{"href":"https:\/\/gadgettravellers.eu\/it\/wp-json\/wp\/v2\/types\/product"}],"replies":[{"embeddable":true,"href":"https:\/\/gadgettravellers.eu\/it\/wp-json\/wp\/v2\/comments?post=5317867"}],"wp:featuredmedia":[{"embeddable":true,"href":"https:\/\/gadgettravellers.eu\/it\/wp-json\/wp\/v2\/media\/5184652"}],"wp:attachment":[{"href":"https:\/\/gadgettravellers.eu\/it\/wp-json\/wp\/v2\/media?parent=5317867"}],"wp:term":[{"taxonomy":"product_brand","embeddable":true,"href":"https:\/\/gadgettravellers.eu\/it\/wp-json\/wp\/v2\/product_brand?post=5317867"},{"taxonomy":"product_cat","embeddable":true,"href":"https:\/\/gadgettravellers.eu\/it\/wp-json\/wp\/v2\/product_cat?post=5317867"},{"taxonomy":"product_tag","embeddable":true,"href":"https:\/\/gadgettravellers.eu\/it\/wp-json\/wp\/v2\/product_tag?post=5317867"}],"curies":[{"name":"wp","href":"https:\/\/api.w.org\/{rel}","templated":true}]}}