{"id":5317870,"date":"2026-01-19T14:57:04","date_gmt":"2026-01-19T12:57:04","guid":{"rendered":"https:\/\/gadgettravellers.eu\/shop\/figura-gnomo-elfo-con-baffi-47x28cm-xmasfest-1133926\/"},"modified":"2026-04-22T22:58:20","modified_gmt":"2026-04-22T20:58:20","slug":"figura-gnomo-elfo-con-baffi-47x28cm-xmasfest-1133926","status":"publish","type":"product","link":"https:\/\/gadgettravellers.eu\/it\/shop\/figura-gnomo-elfo-con-baffi-47x28cm-xmasfest-1133926\/","title":{"rendered":"Figura Gnomo Elfo con Baffi 47x28cm Xmasfest 1133926"},"content":{"rendered":"<p>Con gambe telescopiche 47x28cm<\/p>\n<div class='aiseo-faq-section' style='margin-top:30px; border-top:1px solid #eee; padding-top:20px;'>\n<h3>Domande Frequenti<\/h3>\n<details style='margin-bottom:10px; padding:10px; background:#f9f9f9; border-radius:5px;'>\n<summary style='font-weight:bold; cursor:pointer;'>\u00c8 adatta per uso esterno?<\/summary>\n<div style='margin-top:10px; color:#555;'>S\u00ec, \u00e8 adatta per la decorazione interna o esterna.<\/div>\n<\/details>\n<details style='margin-bottom:10px; padding:10px; background:#f9f9f9; border-radius:5px;'>\n<summary style='font-weight:bold; cursor:pointer;'>Quali sono le dimensioni della figura?<\/summary>\n<div style='margin-top:10px; color:#555;'>Le dimensioni sono 47&#215;28 cm.<\/div>\n<\/details>\n<details style='margin-bottom:10px; padding:10px; background:#f9f9f9; border-radius:5px;'>\n<summary style='font-weight:bold; cursor:pointer;'>Che tipo di gambe ha la figura?<\/summary>\n<div style='margin-top:10px; color:#555;'>Dispone di gambe telescopiche per la regolazione dell&#8217;altezza.<\/div>\n<\/details>\n<details style='margin-bottom:10px; padding:10px; background:#f9f9f9; border-radius:5px;'>\n<summary style='font-weight:bold; cursor:pointer;'>Pu\u00f2 essere usato come regalo?<\/summary>\n<div style='margin-top:10px; color:#555;'>S\u00ec, \u00e8 ideale come decorazione natalizia o regalo.<\/div>\n<\/details>\n<\/div>\n","protected":false},"excerpt":{"rendered":"<p>Con gambe telescopiche 47x28cm Domande Frequenti \u00c8 adatta per uso esterno? S\u00ec, \u00e8 adatta per la decorazione interna o esterna. Quali sono le dimensioni della figura? Le dimensioni sono 47&#215;28 cm. Che tipo di gambe ha la figura? Dispone di gambe telescopiche per la regolazione dell&#8217;altezza. Pu\u00f2 essere usato come regalo? S\u00ec, \u00e8 ideale come [&hellip;]<\/p>\n","protected":false},"featured_media":5184674,"comment_status":"closed","ping_status":"open","template":"","meta":[],"product_brand":[],"product_cat":[],"product_tag":[15],"class_list":{"0":"post-5317870","1":"product","2":"type-product","3":"status-publish","4":"has-post-thumbnail","6":"product_tag-uncategorized","8":"first","9":"onbackorder","10":"purchasable","11":"product-type-simple"},"jetpack_sharing_enabled":true,"_links":{"self":[{"href":"https:\/\/gadgettravellers.eu\/it\/wp-json\/wp\/v2\/product\/5317870","targetHints":{"allow":["GET"]}}],"collection":[{"href":"https:\/\/gadgettravellers.eu\/it\/wp-json\/wp\/v2\/product"}],"about":[{"href":"https:\/\/gadgettravellers.eu\/it\/wp-json\/wp\/v2\/types\/product"}],"replies":[{"embeddable":true,"href":"https:\/\/gadgettravellers.eu\/it\/wp-json\/wp\/v2\/comments?post=5317870"}],"wp:featuredmedia":[{"embeddable":true,"href":"https:\/\/gadgettravellers.eu\/it\/wp-json\/wp\/v2\/media\/5184674"}],"wp:attachment":[{"href":"https:\/\/gadgettravellers.eu\/it\/wp-json\/wp\/v2\/media?parent=5317870"}],"wp:term":[{"taxonomy":"product_brand","embeddable":true,"href":"https:\/\/gadgettravellers.eu\/it\/wp-json\/wp\/v2\/product_brand?post=5317870"},{"taxonomy":"product_cat","embeddable":true,"href":"https:\/\/gadgettravellers.eu\/it\/wp-json\/wp\/v2\/product_cat?post=5317870"},{"taxonomy":"product_tag","embeddable":true,"href":"https:\/\/gadgettravellers.eu\/it\/wp-json\/wp\/v2\/product_tag?post=5317870"}],"curies":[{"name":"wp","href":"https:\/\/api.w.org\/{rel}","templated":true}]}}