{"id":5317871,"date":"2026-01-19T14:57:04","date_gmt":"2026-01-19T12:57:04","guid":{"rendered":"https:\/\/gadgettravellers.eu\/shop\/palle-per-albero-di-natale-rosse-con-oro-set4pz-o4cm-xmasfest-1133928\/"},"modified":"2026-04-22T22:58:21","modified_gmt":"2026-04-22T20:58:21","slug":"palle-per-albero-di-natale-rosse-con-oro-set4pz-o4cm-xmasfest-1133928","status":"publish","type":"product","link":"https:\/\/gadgettravellers.eu\/it\/shop\/palle-per-albero-di-natale-rosse-con-oro-set4pz-o4cm-xmasfest-1133928\/","title":{"rendered":"Palle per Albero di Natale Rosse con Oro set=4pz \u00f84cm Xmasfest 1133928"},"content":{"rendered":"<p>set=4pz \u00f84cm<\/p>\n<div class='aiseo-faq-section' style='margin-top:30px; border-top:1px solid #eee; padding-top:20px;'>\n<h3>Domande Frequenti<\/h3>\n<details style='margin-bottom:10px; padding:10px; background:#f9f9f9; border-radius:5px;'>\n<summary style='font-weight:bold; cursor:pointer;'>Qual \u00e8 il diametro delle palle?<\/summary>\n<div style='margin-top:10px; color:#555;'>Il diametro di ogni palla \u00e8 di 4 cm.<\/div>\n<\/details>\n<details style='margin-bottom:10px; padding:10px; background:#f9f9f9; border-radius:5px;'>\n<summary style='font-weight:bold; cursor:pointer;'>Quanti pezzi include il set?<\/summary>\n<div style='margin-top:10px; color:#555;'>Il set include 4 pezzi.<\/div>\n<\/details>\n<details style='margin-bottom:10px; padding:10px; background:#f9f9f9; border-radius:5px;'>\n<summary style='font-weight:bold; cursor:pointer;'>Per quale ambiente sono destinate le palle?<\/summary>\n<div style='margin-top:10px; color:#555;'>Sono adatte per uso interno.<\/div>\n<\/details>\n<details style='margin-bottom:10px; padding:10px; background:#f9f9f9; border-radius:5px;'>\n<summary style='font-weight:bold; cursor:pointer;'>Sono facili da appendere?<\/summary>\n<div style='margin-top:10px; color:#555;'>S\u00ec, sono leggere e facili da appendere.<\/div>\n<\/details>\n<details style='margin-bottom:10px; padding:10px; background:#f9f9f9; border-radius:5px;'>\n<summary style='font-weight:bold; cursor:pointer;'>Con quali tonalit\u00e0 di colore si abbinano meglio?<\/summary>\n<div style='margin-top:10px; color:#555;'>Si abbinano perfettamente con lucine e decorazioni in tonalit\u00e0 dorate o verdi.<\/div>\n<\/details>\n<\/div>\n","protected":false},"excerpt":{"rendered":"<p>set=4pz \u00f84cm Domande Frequenti Qual \u00e8 il diametro delle palle? Il diametro di ogni palla \u00e8 di 4 cm. Quanti pezzi include il set? Il set include 4 pezzi. Per quale ambiente sono destinate le palle? Sono adatte per uso interno. Sono facili da appendere? S\u00ec, sono leggere e facili da appendere. Con quali tonalit\u00e0 [&hellip;]<\/p>\n","protected":false},"featured_media":5184682,"comment_status":"closed","ping_status":"open","template":"","meta":[],"product_brand":[],"product_cat":[],"product_tag":[15],"class_list":{"0":"post-5317871","1":"product","2":"type-product","3":"status-publish","4":"has-post-thumbnail","6":"product_tag-uncategorized","8":"first","9":"onbackorder","10":"purchasable","11":"product-type-simple"},"jetpack_sharing_enabled":true,"_links":{"self":[{"href":"https:\/\/gadgettravellers.eu\/it\/wp-json\/wp\/v2\/product\/5317871","targetHints":{"allow":["GET"]}}],"collection":[{"href":"https:\/\/gadgettravellers.eu\/it\/wp-json\/wp\/v2\/product"}],"about":[{"href":"https:\/\/gadgettravellers.eu\/it\/wp-json\/wp\/v2\/types\/product"}],"replies":[{"embeddable":true,"href":"https:\/\/gadgettravellers.eu\/it\/wp-json\/wp\/v2\/comments?post=5317871"}],"wp:featuredmedia":[{"embeddable":true,"href":"https:\/\/gadgettravellers.eu\/it\/wp-json\/wp\/v2\/media\/5184682"}],"wp:attachment":[{"href":"https:\/\/gadgettravellers.eu\/it\/wp-json\/wp\/v2\/media?parent=5317871"}],"wp:term":[{"taxonomy":"product_brand","embeddable":true,"href":"https:\/\/gadgettravellers.eu\/it\/wp-json\/wp\/v2\/product_brand?post=5317871"},{"taxonomy":"product_cat","embeddable":true,"href":"https:\/\/gadgettravellers.eu\/it\/wp-json\/wp\/v2\/product_cat?post=5317871"},{"taxonomy":"product_tag","embeddable":true,"href":"https:\/\/gadgettravellers.eu\/it\/wp-json\/wp\/v2\/product_tag?post=5317871"}],"curies":[{"name":"wp","href":"https:\/\/api.w.org\/{rel}","templated":true}]}}