{"id":5317874,"date":"2026-01-19T14:57:05","date_gmt":"2026-01-19T12:57:05","guid":{"rendered":"https:\/\/gadgettravellers.eu\/shop\/macchina-appesa-di-natale-13x11cm-xmasfest-1133932\/"},"modified":"2026-04-22T22:58:22","modified_gmt":"2026-04-22T20:58:22","slug":"macchina-appesa-di-natale-13x11cm-xmasfest-1133932","status":"publish","type":"product","link":"https:\/\/gadgettravellers.eu\/it\/shop\/macchina-appesa-di-natale-13x11cm-xmasfest-1133932\/","title":{"rendered":"Macchina Appesa di Natale 13x11cm Xmasfest 1133932"},"content":{"rendered":"<p>Acrilico appeso 13x11cm<\/p>\n<div class='aiseo-faq-section' style='margin-top:30px; border-top:1px solid #eee; padding-top:20px;'>\n<h3>Domande Frequenti<\/h3>\n<details style='margin-bottom:10px; padding:10px; background:#f9f9f9; border-radius:5px;'>\n<summary style='font-weight:bold; cursor:pointer;'>Di che materiale \u00e8 il gioiello?<\/summary>\n<div style='margin-top:10px; color:#555;'>\u00c8 realizzato in materiale acrilico.<\/div>\n<\/details>\n<details style='margin-bottom:10px; padding:10px; background:#f9f9f9; border-radius:5px;'>\n<summary style='font-weight:bold; cursor:pointer;'>Quali sono le sue dimensioni?<\/summary>\n<div style='margin-top:10px; color:#555;'>Le dimensioni sono 13x11cm.<\/div>\n<\/details>\n<details style='margin-bottom:10px; padding:10px; background:#f9f9f9; border-radius:5px;'>\n<summary style='font-weight:bold; cursor:pointer;'>Pu\u00f2 essere posizionato sull&#8217;albero di Natale e regalato?<\/summary>\n<div style='margin-top:10px; color:#555;'>S\u00ec, \u00e8 ideale per l&#8217;albero, come decorazione e per regali.<\/div>\n<\/details>\n<details style='margin-bottom:10px; padding:10px; background:#f9f9f9; border-radius:5px;'>\n<summary style='font-weight:bold; cursor:pointer;'>\u00c8 facile da appendere e resistente?<\/summary>\n<div style='margin-top:10px; color:#555;'>S\u00ec, \u00e8 leggero, resistente e facile da appendere.<\/div>\n<\/details>\n<\/div>\n","protected":false},"excerpt":{"rendered":"<p>Acrilico appeso 13x11cm Domande Frequenti Di che materiale \u00e8 il gioiello? \u00c8 realizzato in materiale acrilico. Quali sono le sue dimensioni? Le dimensioni sono 13x11cm. Pu\u00f2 essere posizionato sull&#8217;albero di Natale e regalato? S\u00ec, \u00e8 ideale per l&#8217;albero, come decorazione e per regali. \u00c8 facile da appendere e resistente? S\u00ec, \u00e8 leggero, resistente e facile [&hellip;]<\/p>\n","protected":false},"featured_media":5184701,"comment_status":"closed","ping_status":"open","template":"","meta":[],"product_brand":[],"product_cat":[],"product_tag":[15],"class_list":{"0":"post-5317874","1":"product","2":"type-product","3":"status-publish","4":"has-post-thumbnail","6":"product_tag-uncategorized","8":"first","9":"onbackorder","10":"purchasable","11":"product-type-simple"},"jetpack_sharing_enabled":true,"_links":{"self":[{"href":"https:\/\/gadgettravellers.eu\/it\/wp-json\/wp\/v2\/product\/5317874","targetHints":{"allow":["GET"]}}],"collection":[{"href":"https:\/\/gadgettravellers.eu\/it\/wp-json\/wp\/v2\/product"}],"about":[{"href":"https:\/\/gadgettravellers.eu\/it\/wp-json\/wp\/v2\/types\/product"}],"replies":[{"embeddable":true,"href":"https:\/\/gadgettravellers.eu\/it\/wp-json\/wp\/v2\/comments?post=5317874"}],"wp:featuredmedia":[{"embeddable":true,"href":"https:\/\/gadgettravellers.eu\/it\/wp-json\/wp\/v2\/media\/5184701"}],"wp:attachment":[{"href":"https:\/\/gadgettravellers.eu\/it\/wp-json\/wp\/v2\/media?parent=5317874"}],"wp:term":[{"taxonomy":"product_brand","embeddable":true,"href":"https:\/\/gadgettravellers.eu\/it\/wp-json\/wp\/v2\/product_brand?post=5317874"},{"taxonomy":"product_cat","embeddable":true,"href":"https:\/\/gadgettravellers.eu\/it\/wp-json\/wp\/v2\/product_cat?post=5317874"},{"taxonomy":"product_tag","embeddable":true,"href":"https:\/\/gadgettravellers.eu\/it\/wp-json\/wp\/v2\/product_tag?post=5317874"}],"curies":[{"name":"wp","href":"https:\/\/api.w.org\/{rel}","templated":true}]}}