{"id":5317880,"date":"2026-01-19T14:57:11","date_gmt":"2026-01-19T12:57:11","guid":{"rendered":"https:\/\/gadgettravellers.eu\/shop\/figura-gnomo-con-paillettes-29cm-xmasfest-1133942\/"},"modified":"2026-04-22T22:58:25","modified_gmt":"2026-04-22T20:58:25","slug":"figura-gnomo-con-paillettes-29cm-xmasfest-1133942","status":"publish","type":"product","link":"https:\/\/gadgettravellers.eu\/it\/shop\/figura-gnomo-con-paillettes-29cm-xmasfest-1133942\/","title":{"rendered":"Figura Gnomo con Paillettes 29cm Xmasfest 1133942"},"content":{"rendered":"<p>Sta in piedi 29cm<\/p>\n<div class='aiseo-faq-section' style='margin-top:30px; border-top:1px solid #eee; padding-top:20px;'>\n<h3>Domande Frequenti<\/h3>\n<details style='margin-bottom:10px; padding:10px; background:#f9f9f9; border-radius:5px;'>\n<summary style='font-weight:bold; cursor:pointer;'>Quanto \u00e8 l&#8217;altezza della figura?<\/summary>\n<div style='margin-top:10px; color:#555;'>29 cm e sta in piedi.<\/div>\n<\/details>\n<details style='margin-bottom:10px; padding:10px; background:#f9f9f9; border-radius:5px;'>\n<summary style='font-weight:bold; cursor:pointer;'>\u00c8 adatta per uso esterno?<\/summary>\n<div style='margin-top:10px; color:#555;'>No, \u00e8 destinato alla decorazione interna, idealmente su un tavolo o una mensola.<\/div>\n<\/details>\n<details style='margin-bottom:10px; padding:10px; background:#f9f9f9; border-radius:5px;'>\n<summary style='font-weight:bold; cursor:pointer;'>La figura ha paillettes?<\/summary>\n<div style='margin-top:10px; color:#555;'>S\u00ec, la figura \u00e8 con paillettes.<\/div>\n<\/details>\n<details style='margin-bottom:10px; padding:10px; background:#f9f9f9; border-radius:5px;'>\n<summary style='font-weight:bold; cursor:pointer;'>Pu\u00f2 essere usato come regalo?<\/summary>\n<div style='margin-top:10px; color:#555;'>S\u00ec, \u00e8 adatto come regalo e aggiunge un&#8217;atmosfera festosa all&#8217;ambiente.<\/div>\n<\/details>\n<\/div>\n","protected":false},"excerpt":{"rendered":"<p>Sta in piedi 29cm Domande Frequenti Quanto \u00e8 l&#8217;altezza della figura? 29 cm e sta in piedi. \u00c8 adatta per uso esterno? No, \u00e8 destinato alla decorazione interna, idealmente su un tavolo o una mensola. La figura ha paillettes? S\u00ec, la figura \u00e8 con paillettes. Pu\u00f2 essere usato come regalo? S\u00ec, \u00e8 adatto come regalo [&hellip;]<\/p>\n","protected":false},"featured_media":5184735,"comment_status":"closed","ping_status":"open","template":"","meta":[],"product_brand":[],"product_cat":[],"product_tag":[15],"class_list":{"0":"post-5317880","1":"product","2":"type-product","3":"status-publish","4":"has-post-thumbnail","6":"product_tag-uncategorized","8":"first","9":"onbackorder","10":"purchasable","11":"product-type-simple"},"jetpack_sharing_enabled":true,"_links":{"self":[{"href":"https:\/\/gadgettravellers.eu\/it\/wp-json\/wp\/v2\/product\/5317880","targetHints":{"allow":["GET"]}}],"collection":[{"href":"https:\/\/gadgettravellers.eu\/it\/wp-json\/wp\/v2\/product"}],"about":[{"href":"https:\/\/gadgettravellers.eu\/it\/wp-json\/wp\/v2\/types\/product"}],"replies":[{"embeddable":true,"href":"https:\/\/gadgettravellers.eu\/it\/wp-json\/wp\/v2\/comments?post=5317880"}],"wp:featuredmedia":[{"embeddable":true,"href":"https:\/\/gadgettravellers.eu\/it\/wp-json\/wp\/v2\/media\/5184735"}],"wp:attachment":[{"href":"https:\/\/gadgettravellers.eu\/it\/wp-json\/wp\/v2\/media?parent=5317880"}],"wp:term":[{"taxonomy":"product_brand","embeddable":true,"href":"https:\/\/gadgettravellers.eu\/it\/wp-json\/wp\/v2\/product_brand?post=5317880"},{"taxonomy":"product_cat","embeddable":true,"href":"https:\/\/gadgettravellers.eu\/it\/wp-json\/wp\/v2\/product_cat?post=5317880"},{"taxonomy":"product_tag","embeddable":true,"href":"https:\/\/gadgettravellers.eu\/it\/wp-json\/wp\/v2\/product_tag?post=5317880"}],"curies":[{"name":"wp","href":"https:\/\/api.w.org\/{rel}","templated":true}]}}