{"id":5317881,"date":"2026-01-19T14:57:12","date_gmt":"2026-01-19T12:57:12","guid":{"rendered":"https:\/\/gadgettravellers.eu\/shop\/figura-gnomo-con-treccine-cuore-34cm-xmasfest-1133939\/"},"modified":"2026-04-22T22:58:25","modified_gmt":"2026-04-22T20:58:25","slug":"figura-gnomo-con-treccine-cuore-34cm-xmasfest-1133939","status":"publish","type":"product","link":"https:\/\/gadgettravellers.eu\/it\/shop\/figura-gnomo-con-treccine-cuore-34cm-xmasfest-1133939\/","title":{"rendered":"Figura Gnomo con Treccine Cuore 34cm Xmasfest 1133939"},"content":{"rendered":"<p>Sta in piedi 34cm<\/p>\n<div class='aiseo-faq-section' style='margin-top:30px; border-top:1px solid #eee; padding-top:20px;'>\n<h3>Domande Frequenti<\/h3>\n<details style='margin-bottom:10px; padding:10px; background:#f9f9f9; border-radius:5px;'>\n<summary style='font-weight:bold; cursor:pointer;'>Qual \u00e8 l&#8217;altezza della figura?<\/summary>\n<div style='margin-top:10px; color:#555;'>L&#8217;altezza della figura \u00e8 di 34 cm.<\/div>\n<\/details>\n<details style='margin-bottom:10px; padding:10px; background:#f9f9f9; border-radius:5px;'>\n<summary style='font-weight:bold; cursor:pointer;'>La figura \u00e8 in piedi?<\/summary>\n<div style='margin-top:10px; color:#555;'>S\u00ec, la figura \u00e8 in piedi.<\/div>\n<\/details>\n<details style='margin-bottom:10px; padding:10px; background:#f9f9f9; border-radius:5px;'>\n<summary style='font-weight:bold; cursor:pointer;'>Dove \u00e8 destinato per la decorazione?<\/summary>\n<div style='margin-top:10px; color:#555;'>Ideale per decorare interni, tavoli e scaffali.<\/div>\n<\/details>\n<details style='margin-bottom:10px; padding:10px; background:#f9f9f9; border-radius:5px;'>\n<summary style='font-weight:bold; cursor:pointer;'>Ha trecce e cuore?<\/summary>\n<div style='margin-top:10px; color:#555;'>S\u00ec, ha trecce e un cuore come disegno.<\/div>\n<\/details>\n<details style='margin-bottom:10px; padding:10px; background:#f9f9f9; border-radius:5px;'>\n<summary style='font-weight:bold; cursor:pointer;'>\u00c8 una decorazione natalizia?<\/summary>\n<div style='margin-top:10px; color:#555;'>S\u00ec, si tratta di una figura natalizia di gnomo alta 34 cm.<\/div>\n<\/details>\n<\/div>\n","protected":false},"excerpt":{"rendered":"<p>Sta in piedi 34cm Domande Frequenti Qual \u00e8 l&#8217;altezza della figura? L&#8217;altezza della figura \u00e8 di 34 cm. La figura \u00e8 in piedi? S\u00ec, la figura \u00e8 in piedi. Dove \u00e8 destinato per la decorazione? Ideale per decorare interni, tavoli e scaffali. Ha trecce e cuore? S\u00ec, ha trecce e un cuore come disegno. \u00c8 [&hellip;]<\/p>\n","protected":false},"featured_media":5184724,"comment_status":"closed","ping_status":"open","template":"","meta":[],"product_brand":[],"product_cat":[],"product_tag":[15],"class_list":{"0":"post-5317881","1":"product","2":"type-product","3":"status-publish","4":"has-post-thumbnail","6":"product_tag-uncategorized","8":"first","9":"onbackorder","10":"purchasable","11":"product-type-simple"},"jetpack_sharing_enabled":true,"_links":{"self":[{"href":"https:\/\/gadgettravellers.eu\/it\/wp-json\/wp\/v2\/product\/5317881","targetHints":{"allow":["GET"]}}],"collection":[{"href":"https:\/\/gadgettravellers.eu\/it\/wp-json\/wp\/v2\/product"}],"about":[{"href":"https:\/\/gadgettravellers.eu\/it\/wp-json\/wp\/v2\/types\/product"}],"replies":[{"embeddable":true,"href":"https:\/\/gadgettravellers.eu\/it\/wp-json\/wp\/v2\/comments?post=5317881"}],"wp:featuredmedia":[{"embeddable":true,"href":"https:\/\/gadgettravellers.eu\/it\/wp-json\/wp\/v2\/media\/5184724"}],"wp:attachment":[{"href":"https:\/\/gadgettravellers.eu\/it\/wp-json\/wp\/v2\/media?parent=5317881"}],"wp:term":[{"taxonomy":"product_brand","embeddable":true,"href":"https:\/\/gadgettravellers.eu\/it\/wp-json\/wp\/v2\/product_brand?post=5317881"},{"taxonomy":"product_cat","embeddable":true,"href":"https:\/\/gadgettravellers.eu\/it\/wp-json\/wp\/v2\/product_cat?post=5317881"},{"taxonomy":"product_tag","embeddable":true,"href":"https:\/\/gadgettravellers.eu\/it\/wp-json\/wp\/v2\/product_tag?post=5317881"}],"curies":[{"name":"wp","href":"https:\/\/api.w.org\/{rel}","templated":true}]}}