{"id":5317883,"date":"2026-01-19T14:57:13","date_gmt":"2026-01-19T12:57:13","guid":{"rendered":"https:\/\/gadgettravellers.eu\/shop\/figura-gnomo-verde-con-treccine-34cm-xmasfest-1133943\/"},"modified":"2026-04-22T22:58:26","modified_gmt":"2026-04-22T20:58:26","slug":"figura-gnomo-verde-con-treccine-34cm-xmasfest-1133943","status":"publish","type":"product","link":"https:\/\/gadgettravellers.eu\/it\/shop\/figura-gnomo-verde-con-treccine-34cm-xmasfest-1133943\/","title":{"rendered":"Figura Gnomo Verde con Treccine 34cm Xmasfest 1133943"},"content":{"rendered":"<p>Sta in piedi 34cm<\/p>\n<div class='aiseo-faq-section' style='margin-top:30px; border-top:1px solid #eee; padding-top:20px;'>\n<h3>Domande Frequenti<\/h3>\n<details style='margin-bottom:10px; padding:10px; background:#f9f9f9; border-radius:5px;'>\n<summary style='font-weight:bold; cursor:pointer;'>Quanto \u00e8 alta la figura?<\/summary>\n<div style='margin-top:10px; color:#555;'>Ha un&#8217;altezza di 34 cm e sta in piedi.<\/div>\n<\/details>\n<details style='margin-bottom:10px; padding:10px; background:#f9f9f9; border-radius:5px;'>\n<summary style='font-weight:bold; cursor:pointer;'>Dove \u00e8 destinato all&#8217;uso?<\/summary>\n<div style='margin-top:10px; color:#555;'>Progettata per l&#8217;arredamento interno, adatta per soggiorno, camino o ingresso.<\/div>\n<\/details>\n<details style='margin-bottom:10px; padding:10px; background:#f9f9f9; border-radius:5px;'>\n<summary style='font-weight:bold; cursor:pointer;'>Qual \u00e8 il colore e i dettagli di essa?<\/summary>\n<div style='margin-top:10px; color:#555;'>Figura verde con trecce.<\/div>\n<\/details>\n<details style='margin-bottom:10px; padding:10px; background:#f9f9f9; border-radius:5px;'>\n<summary style='font-weight:bold; cursor:pointer;'>\u00c8 adatta per la decorazione natalizia?<\/summary>\n<div style='margin-top:10px; color:#555;'>S\u00ec, aggiunge un&#8217;atmosfera calda e festosa e si adatta alla decorazione interna stagionale.<\/div>\n<\/details>\n<\/div>\n","protected":false},"excerpt":{"rendered":"<p>Sta in piedi 34cm Domande Frequenti Quanto \u00e8 alta la figura? Ha un&#8217;altezza di 34 cm e sta in piedi. Dove \u00e8 destinato all&#8217;uso? Progettata per l&#8217;arredamento interno, adatta per soggiorno, camino o ingresso. Qual \u00e8 il colore e i dettagli di essa? Figura verde con trecce. \u00c8 adatta per la decorazione natalizia? S\u00ec, aggiunge [&hellip;]<\/p>\n","protected":false},"featured_media":5184739,"comment_status":"closed","ping_status":"open","template":"","meta":[],"product_brand":[],"product_cat":[],"product_tag":[15],"class_list":{"0":"post-5317883","1":"product","2":"type-product","3":"status-publish","4":"has-post-thumbnail","6":"product_tag-uncategorized","8":"first","9":"onbackorder","10":"purchasable","11":"product-type-simple"},"jetpack_sharing_enabled":true,"_links":{"self":[{"href":"https:\/\/gadgettravellers.eu\/it\/wp-json\/wp\/v2\/product\/5317883","targetHints":{"allow":["GET"]}}],"collection":[{"href":"https:\/\/gadgettravellers.eu\/it\/wp-json\/wp\/v2\/product"}],"about":[{"href":"https:\/\/gadgettravellers.eu\/it\/wp-json\/wp\/v2\/types\/product"}],"replies":[{"embeddable":true,"href":"https:\/\/gadgettravellers.eu\/it\/wp-json\/wp\/v2\/comments?post=5317883"}],"wp:featuredmedia":[{"embeddable":true,"href":"https:\/\/gadgettravellers.eu\/it\/wp-json\/wp\/v2\/media\/5184739"}],"wp:attachment":[{"href":"https:\/\/gadgettravellers.eu\/it\/wp-json\/wp\/v2\/media?parent=5317883"}],"wp:term":[{"taxonomy":"product_brand","embeddable":true,"href":"https:\/\/gadgettravellers.eu\/it\/wp-json\/wp\/v2\/product_brand?post=5317883"},{"taxonomy":"product_cat","embeddable":true,"href":"https:\/\/gadgettravellers.eu\/it\/wp-json\/wp\/v2\/product_cat?post=5317883"},{"taxonomy":"product_tag","embeddable":true,"href":"https:\/\/gadgettravellers.eu\/it\/wp-json\/wp\/v2\/product_tag?post=5317883"}],"curies":[{"name":"wp","href":"https:\/\/api.w.org\/{rel}","templated":true}]}}