{"id":5317884,"date":"2026-01-19T14:57:13","date_gmt":"2026-01-19T12:57:13","guid":{"rendered":"https:\/\/gadgettravellers.eu\/shop\/figura-gnomo-con-stella-33cm-xmasfest-1133938\/"},"modified":"2026-04-22T22:58:27","modified_gmt":"2026-04-22T20:58:27","slug":"figura-gnomo-con-stella-33cm-xmasfest-1133938","status":"publish","type":"product","link":"https:\/\/gadgettravellers.eu\/it\/shop\/figura-gnomo-con-stella-33cm-xmasfest-1133938\/","title":{"rendered":"Figura Gnomo con Stella 33cm Xmasfest 1133938"},"content":{"rendered":"<p>Sta in piedi 33cm<\/p>\n<div class='aiseo-faq-section' style='margin-top:30px; border-top:1px solid #eee; padding-top:20px;'>\n<h3>Domande Frequenti<\/h3>\n<details style='margin-bottom:10px; padding:10px; background:#f9f9f9; border-radius:5px;'>\n<summary style='font-weight:bold; cursor:pointer;'>Qual \u00e8 l&#8217;altezza della figura?<\/summary>\n<div style='margin-top:10px; color:#555;'>L&#8217;altezza della figura \u00e8 di 33 cm ed \u00e8 in piedi.<\/div>\n<\/details>\n<details style='margin-bottom:10px; padding:10px; background:#f9f9f9; border-radius:5px;'>\n<summary style='font-weight:bold; cursor:pointer;'>Dove posso posizionare questa figura?<\/summary>\n<div style='margin-top:10px; color:#555;'>\u00c8 ideale per tavolo, scaffale o ingresso di casa.<\/div>\n<\/details>\n<details style='margin-bottom:10px; padding:10px; background:#f9f9f9; border-radius:5px;'>\n<summary style='font-weight:bold; cursor:pointer;'>\u00c8 adatto come regalo?<\/summary>\n<div style='margin-top:10px; color:#555;'>S\u00ec, \u00e8 una bella idea per un regalo di Natale.<\/div>\n<\/details>\n<details style='margin-bottom:10px; padding:10px; background:#f9f9f9; border-radius:5px;'>\n<summary style='font-weight:bold; cursor:pointer;'>Quale effetto ha sulla decorazione?<\/summary>\n<div style='margin-top:10px; color:#555;'>Aggiunge un&#8217;atmosfera festosa e rafforza l&#8217;atmosfera natalizia.<\/div>\n<\/details>\n<\/div>\n","protected":false},"excerpt":{"rendered":"<p>Sta in piedi 33cm Domande Frequenti Qual \u00e8 l&#8217;altezza della figura? L&#8217;altezza della figura \u00e8 di 33 cm ed \u00e8 in piedi. Dove posso posizionare questa figura? \u00c8 ideale per tavolo, scaffale o ingresso di casa. \u00c8 adatto come regalo? S\u00ec, \u00e8 una bella idea per un regalo di Natale. Quale effetto ha sulla decorazione? [&hellip;]<\/p>\n","protected":false},"featured_media":5184720,"comment_status":"closed","ping_status":"open","template":"","meta":[],"product_brand":[],"product_cat":[],"product_tag":[15],"class_list":{"0":"post-5317884","1":"product","2":"type-product","3":"status-publish","4":"has-post-thumbnail","6":"product_tag-uncategorized","8":"first","9":"onbackorder","10":"purchasable","11":"product-type-simple"},"jetpack_sharing_enabled":true,"_links":{"self":[{"href":"https:\/\/gadgettravellers.eu\/it\/wp-json\/wp\/v2\/product\/5317884","targetHints":{"allow":["GET"]}}],"collection":[{"href":"https:\/\/gadgettravellers.eu\/it\/wp-json\/wp\/v2\/product"}],"about":[{"href":"https:\/\/gadgettravellers.eu\/it\/wp-json\/wp\/v2\/types\/product"}],"replies":[{"embeddable":true,"href":"https:\/\/gadgettravellers.eu\/it\/wp-json\/wp\/v2\/comments?post=5317884"}],"wp:featuredmedia":[{"embeddable":true,"href":"https:\/\/gadgettravellers.eu\/it\/wp-json\/wp\/v2\/media\/5184720"}],"wp:attachment":[{"href":"https:\/\/gadgettravellers.eu\/it\/wp-json\/wp\/v2\/media?parent=5317884"}],"wp:term":[{"taxonomy":"product_brand","embeddable":true,"href":"https:\/\/gadgettravellers.eu\/it\/wp-json\/wp\/v2\/product_brand?post=5317884"},{"taxonomy":"product_cat","embeddable":true,"href":"https:\/\/gadgettravellers.eu\/it\/wp-json\/wp\/v2\/product_cat?post=5317884"},{"taxonomy":"product_tag","embeddable":true,"href":"https:\/\/gadgettravellers.eu\/it\/wp-json\/wp\/v2\/product_tag?post=5317884"}],"curies":[{"name":"wp","href":"https:\/\/api.w.org\/{rel}","templated":true}]}}