{"id":5317885,"date":"2026-01-19T14:57:14","date_gmt":"2026-01-19T12:57:14","guid":{"rendered":"https:\/\/gadgettravellers.eu\/shop\/figura-elfo-con-mani-in-velcro-50cm-xmasfest-1133944\/"},"modified":"2026-04-22T22:58:27","modified_gmt":"2026-04-22T20:58:27","slug":"figura-elfo-con-mani-in-velcro-50cm-xmasfest-1133944","status":"publish","type":"product","link":"https:\/\/gadgettravellers.eu\/it\/shop\/figura-elfo-con-mani-in-velcro-50cm-xmasfest-1133944\/","title":{"rendered":"Figura Elfo con Mani in Velcro 50cm Xmasfest 1133944"},"content":{"rendered":"<p>Con mani in velcro (velcro) 50cm<\/p>\n<div class='aiseo-faq-section' style='margin-top:30px; border-top:1px solid #eee; padding-top:20px;'>\n<h3>Domande Frequenti<\/h3>\n<details style='margin-bottom:10px; padding:10px; background:#f9f9f9; border-radius:5px;'>\n<summary style='font-weight:bold; cursor:pointer;'>Quanto \u00e8 alto l&#8217;elfo?<\/summary>\n<div style='margin-top:10px; color:#555;'>L&#8217;elfo \u00e8 alto 50 cm.<\/div>\n<\/details>\n<details style='margin-bottom:10px; padding:10px; background:#f9f9f9; border-radius:5px;'>\n<summary style='font-weight:bold; cursor:pointer;'>Cosa si intende con &#8220;mani scratch (velcro)&#8221;?<\/summary>\n<div style='margin-top:10px; color:#555;'>Le mani hanno velcro per un facile posizionamento e fissaggio, permettendo diverse pose.<\/div>\n<\/details>\n<details style='margin-bottom:10px; padding:10px; background:#f9f9f9; border-radius:5px;'>\n<summary style='font-weight:bold; cursor:pointer;'>Posso usarlo per la decorazione della casa?<\/summary>\n<div style='margin-top:10px; color:#555;'>S\u00ec, \u00e8 ideale per la decorazione natalizia della casa.<\/div>\n<\/details>\n<details style='margin-bottom:10px; padding:10px; background:#f9f9f9; border-radius:5px;'>\n<summary style='font-weight:bold; cursor:pointer;'>\u00c8 adatto come regalo?<\/summary>\n<div style='margin-top:10px; color:#555;'>S\u00ec, \u00e8 consigliato come regalo originale per il periodo natalizio.<\/div>\n<\/details>\n<\/div>\n","protected":false},"excerpt":{"rendered":"<p>Con mani in velcro (velcro) 50cm Domande Frequenti Quanto \u00e8 alto l&#8217;elfo? L&#8217;elfo \u00e8 alto 50 cm. Cosa si intende con &#8220;mani scratch (velcro)&#8221;? Le mani hanno velcro per un facile posizionamento e fissaggio, permettendo diverse pose. Posso usarlo per la decorazione della casa? S\u00ec, \u00e8 ideale per la decorazione natalizia della casa. \u00c8 adatto [&hellip;]<\/p>\n","protected":false},"featured_media":5184743,"comment_status":"closed","ping_status":"open","template":"","meta":[],"product_brand":[],"product_cat":[],"product_tag":[15],"class_list":{"0":"post-5317885","1":"product","2":"type-product","3":"status-publish","4":"has-post-thumbnail","6":"product_tag-uncategorized","8":"first","9":"onbackorder","10":"purchasable","11":"product-type-simple"},"jetpack_sharing_enabled":true,"_links":{"self":[{"href":"https:\/\/gadgettravellers.eu\/it\/wp-json\/wp\/v2\/product\/5317885","targetHints":{"allow":["GET"]}}],"collection":[{"href":"https:\/\/gadgettravellers.eu\/it\/wp-json\/wp\/v2\/product"}],"about":[{"href":"https:\/\/gadgettravellers.eu\/it\/wp-json\/wp\/v2\/types\/product"}],"replies":[{"embeddable":true,"href":"https:\/\/gadgettravellers.eu\/it\/wp-json\/wp\/v2\/comments?post=5317885"}],"wp:featuredmedia":[{"embeddable":true,"href":"https:\/\/gadgettravellers.eu\/it\/wp-json\/wp\/v2\/media\/5184743"}],"wp:attachment":[{"href":"https:\/\/gadgettravellers.eu\/it\/wp-json\/wp\/v2\/media?parent=5317885"}],"wp:term":[{"taxonomy":"product_brand","embeddable":true,"href":"https:\/\/gadgettravellers.eu\/it\/wp-json\/wp\/v2\/product_brand?post=5317885"},{"taxonomy":"product_cat","embeddable":true,"href":"https:\/\/gadgettravellers.eu\/it\/wp-json\/wp\/v2\/product_cat?post=5317885"},{"taxonomy":"product_tag","embeddable":true,"href":"https:\/\/gadgettravellers.eu\/it\/wp-json\/wp\/v2\/product_tag?post=5317885"}],"curies":[{"name":"wp","href":"https:\/\/api.w.org\/{rel}","templated":true}]}}