{"id":5317886,"date":"2026-01-19T14:57:14","date_gmt":"2026-01-19T12:57:14","guid":{"rendered":"https:\/\/gadgettravellers.eu\/shop\/figura-gnomo-con-cappello-di-lana-37cm-xmasfest-1133947\/"},"modified":"2026-04-22T22:58:27","modified_gmt":"2026-04-22T20:58:27","slug":"figura-gnomo-con-cappello-di-lana-37cm-xmasfest-1133947","status":"publish","type":"product","link":"https:\/\/gadgettravellers.eu\/it\/shop\/figura-gnomo-con-cappello-di-lana-37cm-xmasfest-1133947\/","title":{"rendered":"Figura Gnomo con Cappello di Lana 37cm Xmasfest 1133947"},"content":{"rendered":"<p>Sta in piedi 37cm<\/p>\n<div class='aiseo-faq-section' style='margin-top:30px; border-top:1px solid #eee; padding-top:20px;'>\n<h3>Domande Frequenti<\/h3>\n<details style='margin-bottom:10px; padding:10px; background:#f9f9f9; border-radius:5px;'>\n<summary style='font-weight:bold; cursor:pointer;'>Qual \u00e8 l&#8217;altezza della figura?<\/summary>\n<div style='margin-top:10px; color:#555;'>L&#8217;altezza \u00e8 di 37 cm e la figura \u00e8 in piedi.<\/div>\n<\/details>\n<details style='margin-bottom:10px; padding:10px; background:#f9f9f9; border-radius:5px;'>\n<summary style='font-weight:bold; cursor:pointer;'>Di cosa \u00e8 fatto il berretto?<\/summary>\n<div style='margin-top:10px; color:#555;'>Il berretto \u00e8 di lana.<\/div>\n<\/details>\n<details style='margin-bottom:10px; padding:10px; background:#f9f9f9; border-radius:5px;'>\n<summary style='font-weight:bold; cursor:pointer;'>Dove si consiglia di posizionare questa figura?<\/summary>\n<div style='margin-top:10px; color:#555;'>Adatta per essere posizionata su tavoli e angoli della casa per un&#8217;atmosfera natalizia.<\/div>\n<\/details>\n<details style='margin-bottom:10px; padding:10px; background:#f9f9f9; border-radius:5px;'>\n<summary style='font-weight:bold; cursor:pointer;'>\u00c8 adatta per ambienti interni?<\/summary>\n<div style='margin-top:10px; color:#555;'>S\u00ec, si tratta di un elemento decorativo per interni.<\/div>\n<\/details>\n<\/div>\n","protected":false},"excerpt":{"rendered":"<p>Sta in piedi 37cm Domande Frequenti Qual \u00e8 l&#8217;altezza della figura? L&#8217;altezza \u00e8 di 37 cm e la figura \u00e8 in piedi. Di cosa \u00e8 fatto il berretto? Il berretto \u00e8 di lana. Dove si consiglia di posizionare questa figura? Adatta per essere posizionata su tavoli e angoli della casa per un&#8217;atmosfera natalizia. \u00c8 adatta [&hellip;]<\/p>\n","protected":false},"featured_media":5184758,"comment_status":"closed","ping_status":"open","template":"","meta":[],"product_brand":[],"product_cat":[],"product_tag":[15],"class_list":{"0":"post-5317886","1":"product","2":"type-product","3":"status-publish","4":"has-post-thumbnail","6":"product_tag-uncategorized","8":"first","9":"onbackorder","10":"purchasable","11":"product-type-simple"},"jetpack_sharing_enabled":true,"_links":{"self":[{"href":"https:\/\/gadgettravellers.eu\/it\/wp-json\/wp\/v2\/product\/5317886","targetHints":{"allow":["GET"]}}],"collection":[{"href":"https:\/\/gadgettravellers.eu\/it\/wp-json\/wp\/v2\/product"}],"about":[{"href":"https:\/\/gadgettravellers.eu\/it\/wp-json\/wp\/v2\/types\/product"}],"replies":[{"embeddable":true,"href":"https:\/\/gadgettravellers.eu\/it\/wp-json\/wp\/v2\/comments?post=5317886"}],"wp:featuredmedia":[{"embeddable":true,"href":"https:\/\/gadgettravellers.eu\/it\/wp-json\/wp\/v2\/media\/5184758"}],"wp:attachment":[{"href":"https:\/\/gadgettravellers.eu\/it\/wp-json\/wp\/v2\/media?parent=5317886"}],"wp:term":[{"taxonomy":"product_brand","embeddable":true,"href":"https:\/\/gadgettravellers.eu\/it\/wp-json\/wp\/v2\/product_brand?post=5317886"},{"taxonomy":"product_cat","embeddable":true,"href":"https:\/\/gadgettravellers.eu\/it\/wp-json\/wp\/v2\/product_cat?post=5317886"},{"taxonomy":"product_tag","embeddable":true,"href":"https:\/\/gadgettravellers.eu\/it\/wp-json\/wp\/v2\/product_tag?post=5317886"}],"curies":[{"name":"wp","href":"https:\/\/api.w.org\/{rel}","templated":true}]}}