{"id":5317887,"date":"2026-01-19T14:57:15","date_gmt":"2026-01-19T12:57:15","guid":{"rendered":"https:\/\/gadgettravellers.eu\/shop\/babbo-natale-realistico-con-zucca-31cm-xmasfest-1133946\/"},"modified":"2026-04-22T22:58:28","modified_gmt":"2026-04-22T20:58:28","slug":"babbo-natale-realistico-con-zucca-31cm-xmasfest-1133946","status":"publish","type":"product","link":"https:\/\/gadgettravellers.eu\/it\/shop\/babbo-natale-realistico-con-zucca-31cm-xmasfest-1133946\/","title":{"rendered":"Babbo Natale Realistico con Zucca 31cm Xmasfest 1133946"},"content":{"rendered":"<p>31cm<\/p>\n<div class='aiseo-faq-section' style='margin-top:30px; border-top:1px solid #eee; padding-top:20px;'>\n<h3>Domande Frequenti<\/h3>\n<details style='margin-bottom:10px; padding:10px; background:#f9f9f9; border-radius:5px;'>\n<summary style='font-weight:bold; cursor:pointer;'>Qual \u00e8 l&#8217;altezza della figura?<\/summary>\n<div style='margin-top:10px; color:#555;'>La figura ha un&#8217;altezza di 31 cm.<\/div>\n<\/details>\n<details style='margin-bottom:10px; padding:10px; background:#f9f9f9; border-radius:5px;'>\n<summary style='font-weight:bold; cursor:pointer;'>\u00c8 adatta per uso interno?<\/summary>\n<div style='margin-top:10px; color:#555;'>S\u00ec, \u00e8 ideale per la decorazione natalizia degli interni.<\/div>\n<\/details>\n<details style='margin-bottom:10px; padding:10px; background:#f9f9f9; border-radius:5px;'>\n<summary style='font-weight:bold; cursor:pointer;'>Dove posso posizionare questo ornamento?<\/summary>\n<div style='margin-top:10px; color:#555;'>Pu\u00f2 essere posizionato su tavoli, scaffali, vetrine e installazioni tematiche in case o negozi.<\/div>\n<\/details>\n<details style='margin-bottom:10px; padding:10px; background:#f9f9f9; border-radius:5px;'>\n<summary style='font-weight:bold; cursor:pointer;'>\u00c8 facile da posizionare e da combinare con altri ornamenti?<\/summary>\n<div style='margin-top:10px; color:#555;'>S\u00ec, \u00e8 facile da installare e adatta per essere combinata con altre decorazioni.<\/div>\n<\/details>\n<\/div>\n","protected":false},"excerpt":{"rendered":"<p>31cm Domande Frequenti Qual \u00e8 l&#8217;altezza della figura? La figura ha un&#8217;altezza di 31 cm. \u00c8 adatta per uso interno? S\u00ec, \u00e8 ideale per la decorazione natalizia degli interni. Dove posso posizionare questo ornamento? Pu\u00f2 essere posizionato su tavoli, scaffali, vetrine e installazioni tematiche in case o negozi. \u00c8 facile da posizionare e da combinare [&hellip;]<\/p>\n","protected":false},"featured_media":5184754,"comment_status":"closed","ping_status":"open","template":"","meta":[],"product_brand":[],"product_cat":[],"product_tag":[15],"class_list":{"0":"post-5317887","1":"product","2":"type-product","3":"status-publish","4":"has-post-thumbnail","6":"product_tag-uncategorized","8":"first","9":"onbackorder","10":"purchasable","11":"product-type-simple"},"jetpack_sharing_enabled":true,"_links":{"self":[{"href":"https:\/\/gadgettravellers.eu\/it\/wp-json\/wp\/v2\/product\/5317887","targetHints":{"allow":["GET"]}}],"collection":[{"href":"https:\/\/gadgettravellers.eu\/it\/wp-json\/wp\/v2\/product"}],"about":[{"href":"https:\/\/gadgettravellers.eu\/it\/wp-json\/wp\/v2\/types\/product"}],"replies":[{"embeddable":true,"href":"https:\/\/gadgettravellers.eu\/it\/wp-json\/wp\/v2\/comments?post=5317887"}],"wp:featuredmedia":[{"embeddable":true,"href":"https:\/\/gadgettravellers.eu\/it\/wp-json\/wp\/v2\/media\/5184754"}],"wp:attachment":[{"href":"https:\/\/gadgettravellers.eu\/it\/wp-json\/wp\/v2\/media?parent=5317887"}],"wp:term":[{"taxonomy":"product_brand","embeddable":true,"href":"https:\/\/gadgettravellers.eu\/it\/wp-json\/wp\/v2\/product_brand?post=5317887"},{"taxonomy":"product_cat","embeddable":true,"href":"https:\/\/gadgettravellers.eu\/it\/wp-json\/wp\/v2\/product_cat?post=5317887"},{"taxonomy":"product_tag","embeddable":true,"href":"https:\/\/gadgettravellers.eu\/it\/wp-json\/wp\/v2\/product_tag?post=5317887"}],"curies":[{"name":"wp","href":"https:\/\/api.w.org\/{rel}","templated":true}]}}