{"id":5317892,"date":"2026-01-19T14:57:17","date_gmt":"2026-01-19T12:57:17","guid":{"rendered":"https:\/\/gadgettravellers.eu\/shop\/gnomo-di-natale-con-cappello-rosa-50cm-xmasfest-1133949\/"},"modified":"2026-04-22T22:58:30","modified_gmt":"2026-04-22T20:58:30","slug":"gnomo-di-natale-con-cappello-rosa-50cm-xmasfest-1133949","status":"publish","type":"product","link":"https:\/\/gadgettravellers.eu\/it\/shop\/gnomo-di-natale-con-cappello-rosa-50cm-xmasfest-1133949\/","title":{"rendered":"Gnomo di Natale con cappello rosa 50cm Xmasfest 1133949"},"content":{"rendered":"<p>Sta in piedi. Gambe telescopiche 50cm<\/p>\n<div class='aiseo-faq-section' style='margin-top:30px; border-top:1px solid #eee; padding-top:20px;'>\n<h3>Domande Frequenti<\/h3>\n<details style='margin-bottom:10px; padding:10px; background:#f9f9f9; border-radius:5px;'>\n<summary style='font-weight:bold; cursor:pointer;'>Qual \u00e8 l&#8217;altezza del Santo Gnome?<\/summary>\n<div style='margin-top:10px; color:#555;'>L&#8217;altezza \u00e8 di 50 cm in totale.<\/div>\n<\/details>\n<details style='margin-bottom:10px; padding:10px; background:#f9f9f9; border-radius:5px;'>\n<summary style='font-weight:bold; cursor:pointer;'>Cosa significano i piedi telescopici?<\/summary>\n<div style='margin-top:10px; color:#555;'>I piedi si adattano telescopicamente per una facile regolazione e conservazione.<\/div>\n<\/details>\n<details style='margin-bottom:10px; padding:10px; background:#f9f9f9; border-radius:5px;'>\n<summary style='font-weight:bold; cursor:pointer;'>Pu\u00f2 essere utilizzato in ambienti interni?<\/summary>\n<div style='margin-top:10px; color:#555;'>S\u00ec, \u00e8 ideale per la decorazione natalizia degli interni.<\/div>\n<\/details>\n<\/div>\n","protected":false},"excerpt":{"rendered":"<p>Sta in piedi. Gambe telescopiche 50cm Domande Frequenti Qual \u00e8 l&#8217;altezza del Santo Gnome? L&#8217;altezza \u00e8 di 50 cm in totale. Cosa significano i piedi telescopici? I piedi si adattano telescopicamente per una facile regolazione e conservazione. Pu\u00f2 essere utilizzato in ambienti interni? S\u00ec, \u00e8 ideale per la decorazione natalizia degli interni.<\/p>\n","protected":false},"featured_media":5184769,"comment_status":"closed","ping_status":"open","template":"","meta":[],"product_brand":[],"product_cat":[],"product_tag":[15],"class_list":{"0":"post-5317892","1":"product","2":"type-product","3":"status-publish","4":"has-post-thumbnail","6":"product_tag-uncategorized","8":"first","9":"onbackorder","10":"purchasable","11":"product-type-simple"},"jetpack_sharing_enabled":true,"_links":{"self":[{"href":"https:\/\/gadgettravellers.eu\/it\/wp-json\/wp\/v2\/product\/5317892","targetHints":{"allow":["GET"]}}],"collection":[{"href":"https:\/\/gadgettravellers.eu\/it\/wp-json\/wp\/v2\/product"}],"about":[{"href":"https:\/\/gadgettravellers.eu\/it\/wp-json\/wp\/v2\/types\/product"}],"replies":[{"embeddable":true,"href":"https:\/\/gadgettravellers.eu\/it\/wp-json\/wp\/v2\/comments?post=5317892"}],"wp:featuredmedia":[{"embeddable":true,"href":"https:\/\/gadgettravellers.eu\/it\/wp-json\/wp\/v2\/media\/5184769"}],"wp:attachment":[{"href":"https:\/\/gadgettravellers.eu\/it\/wp-json\/wp\/v2\/media?parent=5317892"}],"wp:term":[{"taxonomy":"product_brand","embeddable":true,"href":"https:\/\/gadgettravellers.eu\/it\/wp-json\/wp\/v2\/product_brand?post=5317892"},{"taxonomy":"product_cat","embeddable":true,"href":"https:\/\/gadgettravellers.eu\/it\/wp-json\/wp\/v2\/product_cat?post=5317892"},{"taxonomy":"product_tag","embeddable":true,"href":"https:\/\/gadgettravellers.eu\/it\/wp-json\/wp\/v2\/product_tag?post=5317892"}],"curies":[{"name":"wp","href":"https:\/\/api.w.org\/{rel}","templated":true}]}}