{"id":5317893,"date":"2026-01-19T14:57:18","date_gmt":"2026-01-19T12:57:18","guid":{"rendered":"https:\/\/gadgettravellers.eu\/shop\/portabottiglie-di-vino-xmas-in-juta-34x16cm-xmasfest-1133951\/"},"modified":"2026-04-22T22:58:31","modified_gmt":"2026-04-22T20:58:31","slug":"portabottiglie-di-vino-xmas-in-juta-34x16cm-xmasfest-1133951","status":"publish","type":"product","link":"https:\/\/gadgettravellers.eu\/it\/shop\/portabottiglie-di-vino-xmas-in-juta-34x16cm-xmasfest-1133951\/","title":{"rendered":"Portabottiglie di Vino Xmas in Juta 34x16cm Xmasfest 1133951"},"content":{"rendered":"<p>Portabottiglie 34x16cm<\/p>\n<div class='aiseo-faq-section' style='margin-top:30px; border-top:1px solid #eee; padding-top:20px;'>\n<h3>Domande Frequenti<\/h3>\n<details style='margin-bottom:10px; padding:10px; background:#f9f9f9; border-radius:5px;'>\n<summary style='font-weight:bold; cursor:pointer;'>Di che materiale \u00e8 la custodia?<\/summary>\n<div style='margin-top:10px; color:#555;'>La custodia \u00e8 di juta.<\/div>\n<\/details>\n<details style='margin-bottom:10px; padding:10px; background:#f9f9f9; border-radius:5px;'>\n<summary style='font-weight:bold; cursor:pointer;'>Quali sono le dimensioni della custodia?<\/summary>\n<div style='margin-top:10px; color:#555;'>Ha dimensioni 34&#215;16 cm ed \u00e8 progettata per bottiglie di vino standard.<\/div>\n<\/details>\n<details style='margin-bottom:10px; padding:10px; background:#f9f9f9; border-radius:5px;'>\n<summary style='font-weight:bold; cursor:pointer;'>\u00c8 riutilizzabile e resistente?<\/summary>\n<div style='margin-top:10px; color:#555;'>S\u00ec \u2014 la descrizione indica che \u00e8 riutilizzabile e resistente.<\/div>\n<\/details>\n<details style='margin-bottom:10px; padding:10px; background:#f9f9f9; border-radius:5px;'>\n<summary style='font-weight:bold; cursor:pointer;'>Adatta per regali di Natale?<\/summary>\n<div style='margin-top:10px; color:#555;'>S\u00ec, \u00e8 particolarmente consigliato per regali di Natale e presentazioni eleganti di bottiglie.<\/div>\n<\/details>\n<\/div>\n","protected":false},"excerpt":{"rendered":"<p>Portabottiglie 34x16cm Domande Frequenti Di che materiale \u00e8 la custodia? La custodia \u00e8 di juta. Quali sono le dimensioni della custodia? Ha dimensioni 34&#215;16 cm ed \u00e8 progettata per bottiglie di vino standard. \u00c8 riutilizzabile e resistente? S\u00ec \u2014 la descrizione indica che \u00e8 riutilizzabile e resistente. Adatta per regali di Natale? S\u00ec, \u00e8 particolarmente [&hellip;]<\/p>\n","protected":false},"featured_media":5184784,"comment_status":"closed","ping_status":"open","template":"","meta":[],"product_brand":[],"product_cat":[],"product_tag":[15],"class_list":{"0":"post-5317893","1":"product","2":"type-product","3":"status-publish","4":"has-post-thumbnail","6":"product_tag-uncategorized","8":"first","9":"onbackorder","10":"purchasable","11":"product-type-simple"},"jetpack_sharing_enabled":true,"_links":{"self":[{"href":"https:\/\/gadgettravellers.eu\/it\/wp-json\/wp\/v2\/product\/5317893","targetHints":{"allow":["GET"]}}],"collection":[{"href":"https:\/\/gadgettravellers.eu\/it\/wp-json\/wp\/v2\/product"}],"about":[{"href":"https:\/\/gadgettravellers.eu\/it\/wp-json\/wp\/v2\/types\/product"}],"replies":[{"embeddable":true,"href":"https:\/\/gadgettravellers.eu\/it\/wp-json\/wp\/v2\/comments?post=5317893"}],"wp:featuredmedia":[{"embeddable":true,"href":"https:\/\/gadgettravellers.eu\/it\/wp-json\/wp\/v2\/media\/5184784"}],"wp:attachment":[{"href":"https:\/\/gadgettravellers.eu\/it\/wp-json\/wp\/v2\/media?parent=5317893"}],"wp:term":[{"taxonomy":"product_brand","embeddable":true,"href":"https:\/\/gadgettravellers.eu\/it\/wp-json\/wp\/v2\/product_brand?post=5317893"},{"taxonomy":"product_cat","embeddable":true,"href":"https:\/\/gadgettravellers.eu\/it\/wp-json\/wp\/v2\/product_cat?post=5317893"},{"taxonomy":"product_tag","embeddable":true,"href":"https:\/\/gadgettravellers.eu\/it\/wp-json\/wp\/v2\/product_tag?post=5317893"}],"curies":[{"name":"wp","href":"https:\/\/api.w.org\/{rel}","templated":true}]}}