{"id":5317894,"date":"2026-01-19T14:57:18","date_gmt":"2026-01-19T12:57:18","guid":{"rendered":"https:\/\/gadgettravellers.eu\/shop\/portabottiglie-con-santo-3d-29x13cm-xmasfest-1133953\/"},"modified":"2026-04-22T22:58:31","modified_gmt":"2026-04-22T20:58:31","slug":"portabottiglie-con-santo-3d-29x13cm-xmasfest-1133953","status":"publish","type":"product","link":"https:\/\/gadgettravellers.eu\/it\/shop\/portabottiglie-con-santo-3d-29x13cm-xmasfest-1133953\/","title":{"rendered":"Portabottiglie con Santo 3D 29x13cm Xmasfest 1133953"},"content":{"rendered":"<p>Portabottiglie 29x13cm<\/p>\n<div class='aiseo-faq-section' style='margin-top:30px; border-top:1px solid #eee; padding-top:20px;'>\n<h3>Domande Frequenti<\/h3>\n<details style='margin-bottom:10px; padding:10px; background:#f9f9f9; border-radius:5px;'>\n<summary style='font-weight:bold; cursor:pointer;'>Quali sono le dimensioni della custodia?<\/summary>\n<div style='margin-top:10px; color:#555;'>La custodia ha dimensioni 29x13cm.<\/div>\n<\/details>\n<details style='margin-bottom:10px; padding:10px; background:#f9f9f9; border-radius:5px;'>\n<summary style='font-weight:bold; cursor:pointer;'>C&#8217;\u00e8 qualche decorazione?<\/summary>\n<div style='margin-top:10px; color:#555;'>S\u00ec, dispone di un Santo decorativo 3D secondo la descrizione.<\/div>\n<\/details>\n<details style='margin-bottom:10px; padding:10px; background:#f9f9f9; border-radius:5px;'>\n<summary style='font-weight:bold; cursor:pointer;'>\u00c8 riutilizzabile?<\/summary>\n<div style='margin-top:10px; color:#555;'>S\u00ec, la descrizione indica che \u00e8 riutilizzabile.<\/div>\n<\/details>\n<details style='margin-bottom:10px; padding:10px; background:#f9f9f9; border-radius:5px;'>\n<summary style='font-weight:bold; cursor:pointer;'>Qual \u00e8 l&#8217;uso consigliato?<\/summary>\n<div style='margin-top:10px; color:#555;'>Ideale come regalo di Natale e per una bella presentazione della bottiglia.<\/div>\n<\/details>\n<\/div>\n","protected":false},"excerpt":{"rendered":"<p>Portabottiglie 29x13cm Domande Frequenti Quali sono le dimensioni della custodia? La custodia ha dimensioni 29x13cm. C&#8217;\u00e8 qualche decorazione? S\u00ec, dispone di un Santo decorativo 3D secondo la descrizione. \u00c8 riutilizzabile? S\u00ec, la descrizione indica che \u00e8 riutilizzabile. Qual \u00e8 l&#8217;uso consigliato? Ideale come regalo di Natale e per una bella presentazione della bottiglia.<\/p>\n","protected":false},"featured_media":5184798,"comment_status":"closed","ping_status":"open","template":"","meta":[],"product_brand":[],"product_cat":[],"product_tag":[15],"class_list":{"0":"post-5317894","1":"product","2":"type-product","3":"status-publish","4":"has-post-thumbnail","6":"product_tag-uncategorized","8":"first","9":"onbackorder","10":"purchasable","11":"product-type-simple"},"jetpack_sharing_enabled":true,"_links":{"self":[{"href":"https:\/\/gadgettravellers.eu\/it\/wp-json\/wp\/v2\/product\/5317894","targetHints":{"allow":["GET"]}}],"collection":[{"href":"https:\/\/gadgettravellers.eu\/it\/wp-json\/wp\/v2\/product"}],"about":[{"href":"https:\/\/gadgettravellers.eu\/it\/wp-json\/wp\/v2\/types\/product"}],"replies":[{"embeddable":true,"href":"https:\/\/gadgettravellers.eu\/it\/wp-json\/wp\/v2\/comments?post=5317894"}],"wp:featuredmedia":[{"embeddable":true,"href":"https:\/\/gadgettravellers.eu\/it\/wp-json\/wp\/v2\/media\/5184798"}],"wp:attachment":[{"href":"https:\/\/gadgettravellers.eu\/it\/wp-json\/wp\/v2\/media?parent=5317894"}],"wp:term":[{"taxonomy":"product_brand","embeddable":true,"href":"https:\/\/gadgettravellers.eu\/it\/wp-json\/wp\/v2\/product_brand?post=5317894"},{"taxonomy":"product_cat","embeddable":true,"href":"https:\/\/gadgettravellers.eu\/it\/wp-json\/wp\/v2\/product_cat?post=5317894"},{"taxonomy":"product_tag","embeddable":true,"href":"https:\/\/gadgettravellers.eu\/it\/wp-json\/wp\/v2\/product_tag?post=5317894"}],"curies":[{"name":"wp","href":"https:\/\/api.w.org\/{rel}","templated":true}]}}