{"id":5317896,"date":"2026-01-19T14:57:19","date_gmt":"2026-01-19T12:57:19","guid":{"rendered":"https:\/\/gadgettravellers.eu\/shop\/grembiule-albero-tela-di-juta-con-decorazione-o120cm-xmasfest-1133955\/"},"modified":"2026-04-22T22:58:32","modified_gmt":"2026-04-22T20:58:32","slug":"grembiule-albero-tela-di-juta-con-decorazione-o120cm-xmasfest-1133955","status":"publish","type":"product","link":"https:\/\/gadgettravellers.eu\/it\/shop\/grembiule-albero-tela-di-juta-con-decorazione-o120cm-xmasfest-1133955\/","title":{"rendered":"Grembiule Albero Tela di Juta con Decorazione \u00f8120cm Xmasfest 1133955"},"content":{"rendered":"<p>Grembiule per albero \u00f8120cm<\/p>\n<div class='aiseo-faq-section' style='margin-top:30px; border-top:1px solid #eee; padding-top:20px;'>\n<h3>Domande Frequenti<\/h3>\n<details style='margin-bottom:10px; padding:10px; background:#f9f9f9; border-radius:5px;'>\n<summary style='font-weight:bold; cursor:pointer;'>Qual \u00e8 la dimensione del grembiule?<\/summary>\n<div style='margin-top:10px; color:#555;'>Diametro 120 cm.<\/div>\n<\/details>\n<details style='margin-bottom:10px; padding:10px; background:#f9f9f9; border-radius:5px;'>\n<summary style='font-weight:bold; cursor:pointer;'>Di che materiale \u00e8 fatta?<\/summary>\n<div style='margin-top:10px; color:#555;'>Di juta.<\/div>\n<\/details>\n<details style='margin-bottom:10px; padding:10px; background:#f9f9f9; border-radius:5px;'>\n<summary style='font-weight:bold; cursor:pointer;'>Quale vantaggio offre nella decorazione?<\/summary>\n<div style='margin-top:10px; color:#555;'>Copre e protegge la base dell&#8217;albero, offrendo un aspetto naturale e rustico.<\/div>\n<\/details>\n<details style='margin-bottom:10px; padding:10px; background:#f9f9f9; border-radius:5px;'>\n<summary style='font-weight:bold; cursor:pointer;'>Ha un design festivo?<\/summary>\n<div style='margin-top:10px; color:#555;'>S\u00ec, ha un design festivo adatto per la decorazione natalizia.<\/div>\n<\/details>\n<\/div>\n","protected":false},"excerpt":{"rendered":"<p>Grembiule per albero \u00f8120cm Domande Frequenti Qual \u00e8 la dimensione del grembiule? Diametro 120 cm. Di che materiale \u00e8 fatta? Di juta. Quale vantaggio offre nella decorazione? Copre e protegge la base dell&#8217;albero, offrendo un aspetto naturale e rustico. Ha un design festivo? S\u00ec, ha un design festivo adatto per la decorazione natalizia.<\/p>\n","protected":false},"featured_media":5184809,"comment_status":"closed","ping_status":"open","template":"","meta":[],"product_brand":[],"product_cat":[],"product_tag":[15],"class_list":{"0":"post-5317896","1":"product","2":"type-product","3":"status-publish","4":"has-post-thumbnail","6":"product_tag-uncategorized","8":"first","9":"onbackorder","10":"purchasable","11":"product-type-simple"},"jetpack_sharing_enabled":true,"_links":{"self":[{"href":"https:\/\/gadgettravellers.eu\/it\/wp-json\/wp\/v2\/product\/5317896","targetHints":{"allow":["GET"]}}],"collection":[{"href":"https:\/\/gadgettravellers.eu\/it\/wp-json\/wp\/v2\/product"}],"about":[{"href":"https:\/\/gadgettravellers.eu\/it\/wp-json\/wp\/v2\/types\/product"}],"replies":[{"embeddable":true,"href":"https:\/\/gadgettravellers.eu\/it\/wp-json\/wp\/v2\/comments?post=5317896"}],"wp:featuredmedia":[{"embeddable":true,"href":"https:\/\/gadgettravellers.eu\/it\/wp-json\/wp\/v2\/media\/5184809"}],"wp:attachment":[{"href":"https:\/\/gadgettravellers.eu\/it\/wp-json\/wp\/v2\/media?parent=5317896"}],"wp:term":[{"taxonomy":"product_brand","embeddable":true,"href":"https:\/\/gadgettravellers.eu\/it\/wp-json\/wp\/v2\/product_brand?post=5317896"},{"taxonomy":"product_cat","embeddable":true,"href":"https:\/\/gadgettravellers.eu\/it\/wp-json\/wp\/v2\/product_cat?post=5317896"},{"taxonomy":"product_tag","embeddable":true,"href":"https:\/\/gadgettravellers.eu\/it\/wp-json\/wp\/v2\/product_tag?post=5317896"}],"curies":[{"name":"wp","href":"https:\/\/api.w.org\/{rel}","templated":true}]}}