{"id":5317897,"date":"2026-01-19T14:57:20","date_gmt":"2026-01-19T12:57:20","guid":{"rendered":"https:\/\/gadgettravellers.eu\/shop\/grembiule-albero-lucido-oro-rosso-o90cm-xmasfest-1133954\/"},"modified":"2026-04-22T22:58:32","modified_gmt":"2026-04-22T20:58:32","slug":"grembiule-albero-lucido-oro-rosso-o90cm-xmasfest-1133954","status":"publish","type":"product","link":"https:\/\/gadgettravellers.eu\/it\/shop\/grembiule-albero-lucido-oro-rosso-o90cm-xmasfest-1133954\/","title":{"rendered":"Grembiule Albero Lucido Oro-Rosso \u00f890cm Xmasfest 1133954"},"content":{"rendered":"<p>Grembiule per albero \u00f890cm<\/p>\n<div class='aiseo-faq-section' style='margin-top:30px; border-top:1px solid #eee; padding-top:20px;'>\n<h3>Domande Frequenti<\/h3>\n<details style='margin-bottom:10px; padding:10px; background:#f9f9f9; border-radius:5px;'>\n<summary style='font-weight:bold; cursor:pointer;'>Qual \u00e8 la dimensione del grembiule?<\/summary>\n<div style='margin-top:10px; color:#555;'>Diametro \u00f890cm.<\/div>\n<\/details>\n<details style='margin-bottom:10px; padding:10px; background:#f9f9f9; border-radius:5px;'>\n<summary style='font-weight:bold; cursor:pointer;'>Che finitura ha il grembiule?<\/summary>\n<div style='margin-top:10px; color:#555;'>Ha una finitura lucida oro-rossa.<\/div>\n<\/details>\n<details style='margin-bottom:10px; padding:10px; background:#f9f9f9; border-radius:5px;'>\n<summary style='font-weight:bold; cursor:pointer;'>Come si indossa il grembiule?<\/summary>\n<div style='margin-top:10px; color:#555;'>Si posiziona intorno alla base dell&#8217;albero di Natale e offre una copertura e un&#8217;installazione facili.<\/div>\n<\/details>\n<\/div>\n","protected":false},"excerpt":{"rendered":"<p>Grembiule per albero \u00f890cm Domande Frequenti Qual \u00e8 la dimensione del grembiule? Diametro \u00f890cm. Che finitura ha il grembiule? Ha una finitura lucida oro-rossa. Come si indossa il grembiule? Si posiziona intorno alla base dell&#8217;albero di Natale e offre una copertura e un&#8217;installazione facili.<\/p>\n","protected":false},"featured_media":5184805,"comment_status":"closed","ping_status":"open","template":"","meta":[],"product_brand":[],"product_cat":[],"product_tag":[15],"class_list":{"0":"post-5317897","1":"product","2":"type-product","3":"status-publish","4":"has-post-thumbnail","6":"product_tag-uncategorized","8":"first","9":"onbackorder","10":"purchasable","11":"product-type-simple"},"jetpack_sharing_enabled":true,"_links":{"self":[{"href":"https:\/\/gadgettravellers.eu\/it\/wp-json\/wp\/v2\/product\/5317897","targetHints":{"allow":["GET"]}}],"collection":[{"href":"https:\/\/gadgettravellers.eu\/it\/wp-json\/wp\/v2\/product"}],"about":[{"href":"https:\/\/gadgettravellers.eu\/it\/wp-json\/wp\/v2\/types\/product"}],"replies":[{"embeddable":true,"href":"https:\/\/gadgettravellers.eu\/it\/wp-json\/wp\/v2\/comments?post=5317897"}],"wp:featuredmedia":[{"embeddable":true,"href":"https:\/\/gadgettravellers.eu\/it\/wp-json\/wp\/v2\/media\/5184805"}],"wp:attachment":[{"href":"https:\/\/gadgettravellers.eu\/it\/wp-json\/wp\/v2\/media?parent=5317897"}],"wp:term":[{"taxonomy":"product_brand","embeddable":true,"href":"https:\/\/gadgettravellers.eu\/it\/wp-json\/wp\/v2\/product_brand?post=5317897"},{"taxonomy":"product_cat","embeddable":true,"href":"https:\/\/gadgettravellers.eu\/it\/wp-json\/wp\/v2\/product_cat?post=5317897"},{"taxonomy":"product_tag","embeddable":true,"href":"https:\/\/gadgettravellers.eu\/it\/wp-json\/wp\/v2\/product_tag?post=5317897"}],"curies":[{"name":"wp","href":"https:\/\/api.w.org\/{rel}","templated":true}]}}