{"id":5317898,"date":"2026-01-19T14:57:23","date_gmt":"2026-01-19T12:57:23","guid":{"rendered":"https:\/\/gadgettravellers.eu\/shop\/copertura-schienale-sedia-in-juta-gnome-58x47cm-xmasfest-1133956\/"},"modified":"2026-04-22T22:58:33","modified_gmt":"2026-04-22T20:58:33","slug":"copertura-schienale-sedia-in-juta-gnome-58x47cm-xmasfest-1133956","status":"publish","type":"product","link":"https:\/\/gadgettravellers.eu\/it\/shop\/copertura-schienale-sedia-in-juta-gnome-58x47cm-xmasfest-1133956\/","title":{"rendered":"Copertura Schienale Sedia in Juta Gnome 58x47cm Xmasfest 1133956"},"content":{"rendered":"<p>Copertura schienale sedia 58x47cm<\/p>\n<div class='aiseo-faq-section' style='margin-top:30px; border-top:1px solid #eee; padding-top:20px;'>\n<h3>Domande Frequenti<\/h3>\n<details style='margin-bottom:10px; padding:10px; background:#f9f9f9; border-radius:5px;'>\n<summary style='font-weight:bold; cursor:pointer;'>Qual \u00e8 la dimensione della copertura?<\/summary>\n<div style='margin-top:10px; color:#555;'>La copertura ha dimensioni 58&#215;47 cm.<\/div>\n<\/details>\n<details style='margin-bottom:10px; padding:10px; background:#f9f9f9; border-radius:5px;'>\n<summary style='font-weight:bold; cursor:pointer;'>Di che materiale \u00e8 la copertura?<\/summary>\n<div style='margin-top:10px; color:#555;'>\u00c8 di juta (tessuto di juta).<\/div>\n<\/details>\n<details style='margin-bottom:10px; padding:10px; background:#f9f9f9; border-radius:5px;'>\n<summary style='font-weight:bold; cursor:pointer;'>Ha un motivo natalizio?<\/summary>\n<div style='margin-top:10px; color:#555;'>S\u00ec, ha un design natalizio festivo.<\/div>\n<\/details>\n<details style='margin-bottom:10px; padding:10px; background:#f9f9f9; border-radius:5px;'>\n<summary style='font-weight:bold; cursor:pointer;'>Pu\u00f2 essere usato come regalo?<\/summary>\n<div style='margin-top:10px; color:#555;'>S\u00ec, \u00e8 un&#8217;idea regalo pratica per la stagione.<\/div>\n<\/details>\n<details style='margin-bottom:10px; padding:10px; background:#f9f9f9; border-radius:5px;'>\n<summary style='font-weight:bold; cursor:pointer;'>Si adatta a tutte le sedie?<\/summary>\n<div style='margin-top:10px; color:#555;'>Si adatta a sedie con uno schienale di circa 58&#215;47 cm.<\/div>\n<\/details>\n<\/div>\n","protected":false},"excerpt":{"rendered":"<p>Copertura schienale sedia 58x47cm Domande Frequenti Qual \u00e8 la dimensione della copertura? La copertura ha dimensioni 58&#215;47 cm. Di che materiale \u00e8 la copertura? \u00c8 di juta (tessuto di juta). Ha un motivo natalizio? S\u00ec, ha un design natalizio festivo. Pu\u00f2 essere usato come regalo? S\u00ec, \u00e8 un&#8217;idea regalo pratica per la stagione. Si adatta [&hellip;]<\/p>\n","protected":false},"featured_media":5184813,"comment_status":"closed","ping_status":"open","template":"","meta":[],"product_brand":[],"product_cat":[],"product_tag":[15],"class_list":{"0":"post-5317898","1":"product","2":"type-product","3":"status-publish","4":"has-post-thumbnail","6":"product_tag-uncategorized","8":"first","9":"onbackorder","10":"purchasable","11":"product-type-simple"},"jetpack_sharing_enabled":true,"_links":{"self":[{"href":"https:\/\/gadgettravellers.eu\/it\/wp-json\/wp\/v2\/product\/5317898","targetHints":{"allow":["GET"]}}],"collection":[{"href":"https:\/\/gadgettravellers.eu\/it\/wp-json\/wp\/v2\/product"}],"about":[{"href":"https:\/\/gadgettravellers.eu\/it\/wp-json\/wp\/v2\/types\/product"}],"replies":[{"embeddable":true,"href":"https:\/\/gadgettravellers.eu\/it\/wp-json\/wp\/v2\/comments?post=5317898"}],"wp:featuredmedia":[{"embeddable":true,"href":"https:\/\/gadgettravellers.eu\/it\/wp-json\/wp\/v2\/media\/5184813"}],"wp:attachment":[{"href":"https:\/\/gadgettravellers.eu\/it\/wp-json\/wp\/v2\/media?parent=5317898"}],"wp:term":[{"taxonomy":"product_brand","embeddable":true,"href":"https:\/\/gadgettravellers.eu\/it\/wp-json\/wp\/v2\/product_brand?post=5317898"},{"taxonomy":"product_cat","embeddable":true,"href":"https:\/\/gadgettravellers.eu\/it\/wp-json\/wp\/v2\/product_cat?post=5317898"},{"taxonomy":"product_tag","embeddable":true,"href":"https:\/\/gadgettravellers.eu\/it\/wp-json\/wp\/v2\/product_tag?post=5317898"}],"curies":[{"name":"wp","href":"https:\/\/api.w.org\/{rel}","templated":true}]}}