{"id":5317899,"date":"2026-01-19T14:57:23","date_gmt":"2026-01-19T12:57:23","guid":{"rendered":"https:\/\/gadgettravellers.eu\/shop\/copertura-per-schienale-sedia-in-juta-con-3d-giglio-54x49cm-xmasfest-1133957\/"},"modified":"2026-04-22T22:58:33","modified_gmt":"2026-04-22T20:58:33","slug":"copertura-per-schienale-sedia-in-juta-con-3d-giglio-54x49cm-xmasfest-1133957","status":"publish","type":"product","link":"https:\/\/gadgettravellers.eu\/it\/shop\/copertura-per-schienale-sedia-in-juta-con-3d-giglio-54x49cm-xmasfest-1133957\/","title":{"rendered":"Copertura per Schienale Sedia in Juta con 3D Giglio 54x49cm Xmasfest 1133957"},"content":{"rendered":"<p>Copertura schienale sedia 54x49cm<\/p>\n<div class='aiseo-faq-section' style='margin-top:30px; border-top:1px solid #eee; padding-top:20px;'>\n<h3>Domande Frequenti<\/h3>\n<details style='margin-bottom:10px; padding:10px; background:#f9f9f9; border-radius:5px;'>\n<summary style='font-weight:bold; cursor:pointer;'>Quali sono le dimensioni della copertura?<\/summary>\n<div style='margin-top:10px; color:#555;'>Le dimensioni sono 54&#215;49 cm.<\/div>\n<\/details>\n<details style='margin-bottom:10px; padding:10px; background:#f9f9f9; border-radius:5px;'>\n<summary style='font-weight:bold; cursor:pointer;'>Di che materiale \u00e8 fatto?<\/summary>\n<div style='margin-top:10px; color:#555;'>\u00c8 in juta con motivo in rilievo 3D.<\/div>\n<\/details>\n<details style='margin-bottom:10px; padding:10px; background:#f9f9f9; border-radius:5px;'>\n<summary style='font-weight:bold; cursor:pointer;'>\u00c8 adatto per la decorazione natalizia?<\/summary>\n<div style='margin-top:10px; color:#555;'>S\u00ec, \u00e8 ideale per la decorazione natalizia.<\/div>\n<\/details>\n<details style='margin-bottom:10px; padding:10px; background:#f9f9f9; border-radius:5px;'>\n<summary style='font-weight:bold; cursor:pointer;'>Protegge e come si installa?<\/summary>\n<div style='margin-top:10px; color:#555;'>Protegge lo schienale della sedia e si posiziona facilmente sulla sedia per un rinnovo immediato.<\/div>\n<\/details>\n<\/div>\n","protected":false},"excerpt":{"rendered":"<p>Copertura schienale sedia 54x49cm Domande Frequenti Quali sono le dimensioni della copertura? Le dimensioni sono 54&#215;49 cm. Di che materiale \u00e8 fatto? \u00c8 in juta con motivo in rilievo 3D. \u00c8 adatto per la decorazione natalizia? S\u00ec, \u00e8 ideale per la decorazione natalizia. Protegge e come si installa? Protegge lo schienale della sedia e si [&hellip;]<\/p>\n","protected":false},"featured_media":5184820,"comment_status":"closed","ping_status":"open","template":"","meta":[],"product_brand":[],"product_cat":[],"product_tag":[15],"class_list":{"0":"post-5317899","1":"product","2":"type-product","3":"status-publish","4":"has-post-thumbnail","6":"product_tag-uncategorized","8":"first","9":"onbackorder","10":"purchasable","11":"product-type-simple"},"jetpack_sharing_enabled":true,"_links":{"self":[{"href":"https:\/\/gadgettravellers.eu\/it\/wp-json\/wp\/v2\/product\/5317899","targetHints":{"allow":["GET"]}}],"collection":[{"href":"https:\/\/gadgettravellers.eu\/it\/wp-json\/wp\/v2\/product"}],"about":[{"href":"https:\/\/gadgettravellers.eu\/it\/wp-json\/wp\/v2\/types\/product"}],"replies":[{"embeddable":true,"href":"https:\/\/gadgettravellers.eu\/it\/wp-json\/wp\/v2\/comments?post=5317899"}],"wp:featuredmedia":[{"embeddable":true,"href":"https:\/\/gadgettravellers.eu\/it\/wp-json\/wp\/v2\/media\/5184820"}],"wp:attachment":[{"href":"https:\/\/gadgettravellers.eu\/it\/wp-json\/wp\/v2\/media?parent=5317899"}],"wp:term":[{"taxonomy":"product_brand","embeddable":true,"href":"https:\/\/gadgettravellers.eu\/it\/wp-json\/wp\/v2\/product_brand?post=5317899"},{"taxonomy":"product_cat","embeddable":true,"href":"https:\/\/gadgettravellers.eu\/it\/wp-json\/wp\/v2\/product_cat?post=5317899"},{"taxonomy":"product_tag","embeddable":true,"href":"https:\/\/gadgettravellers.eu\/it\/wp-json\/wp\/v2\/product_tag?post=5317899"}],"curies":[{"name":"wp","href":"https:\/\/api.w.org\/{rel}","templated":true}]}}