{"id":5317906,"date":"2026-01-19T14:57:27","date_gmt":"2026-01-19T12:57:27","guid":{"rendered":"https:\/\/gadgettravellers.eu\/shop\/runner-per-decorazione-tavolo-con-gnomi-sacri-180x35cm-xmasfest-1133963\/"},"modified":"2026-04-22T22:58:36","modified_gmt":"2026-04-22T20:58:36","slug":"runner-per-decorazione-tavolo-con-gnomi-sacri-180x35cm-xmasfest-1133963","status":"publish","type":"product","link":"https:\/\/gadgettravellers.eu\/it\/shop\/runner-per-decorazione-tavolo-con-gnomi-sacri-180x35cm-xmasfest-1133963\/","title":{"rendered":"Runner per Decorazione Tavolo con Gnomi Sacri 180x35cm Xmasfest 1133963"},"content":{"rendered":"<p>Runner per decorazione tavolo 180x35cm<\/p>\n<div class='aiseo-faq-section' style='margin-top:30px; border-top:1px solid #eee; padding-top:20px;'>\n<h3>Domande Frequenti<\/h3>\n<details style='margin-bottom:10px; padding:10px; background:#f9f9f9; border-radius:5px;'>\n<summary style='font-weight:bold; cursor:pointer;'>Quali sono le dimensioni del runner?<\/summary>\n<div style='margin-top:10px; color:#555;'>Le dimensioni sono 180x35cm.<\/div>\n<\/details>\n<details style='margin-bottom:10px; padding:10px; background:#f9f9f9; border-radius:5px;'>\n<summary style='font-weight:bold; cursor:pointer;'>Qual \u00e8 il design del prodotto?<\/summary>\n<div style='margin-top:10px; color:#555;'>Ha un motivo natalizio con gnomi di Babbo Natale.<\/div>\n<\/details>\n<details style='margin-bottom:10px; padding:10px; background:#f9f9f9; border-radius:5px;'>\n<summary style='font-weight:bold; cursor:pointer;'>\u00c8 adatto per la decorazione della tavola durante le feste?<\/summary>\n<div style='margin-top:10px; color:#555;'>S\u00ec, \u00e8 ideale per decorare la tavola durante le feste e aggiunge un&#8217;atmosfera calda e festosa.<\/div>\n<\/details>\n<details style='margin-bottom:10px; padding:10px; background:#f9f9f9; border-radius:5px;'>\n<summary style='font-weight:bold; cursor:pointer;'>Protegge la superficie del tavolo?<\/summary>\n<div style='margin-top:10px; color:#555;'>S\u00ec, il prodotto protegge la superficie del tavolo.<\/div>\n<\/details>\n<\/div>\n","protected":false},"excerpt":{"rendered":"<p>Runner per decorazione tavolo 180x35cm Domande Frequenti Quali sono le dimensioni del runner? Le dimensioni sono 180x35cm. Qual \u00e8 il design del prodotto? Ha un motivo natalizio con gnomi di Babbo Natale. \u00c8 adatto per la decorazione della tavola durante le feste? S\u00ec, \u00e8 ideale per decorare la tavola durante le feste e aggiunge un&#8217;atmosfera [&hellip;]<\/p>\n","protected":false},"featured_media":5184854,"comment_status":"closed","ping_status":"open","template":"","meta":[],"product_brand":[],"product_cat":[],"product_tag":[15],"class_list":{"0":"post-5317906","1":"product","2":"type-product","3":"status-publish","4":"has-post-thumbnail","6":"product_tag-uncategorized","8":"first","9":"onbackorder","10":"purchasable","11":"product-type-simple"},"jetpack_sharing_enabled":true,"_links":{"self":[{"href":"https:\/\/gadgettravellers.eu\/it\/wp-json\/wp\/v2\/product\/5317906","targetHints":{"allow":["GET"]}}],"collection":[{"href":"https:\/\/gadgettravellers.eu\/it\/wp-json\/wp\/v2\/product"}],"about":[{"href":"https:\/\/gadgettravellers.eu\/it\/wp-json\/wp\/v2\/types\/product"}],"replies":[{"embeddable":true,"href":"https:\/\/gadgettravellers.eu\/it\/wp-json\/wp\/v2\/comments?post=5317906"}],"wp:featuredmedia":[{"embeddable":true,"href":"https:\/\/gadgettravellers.eu\/it\/wp-json\/wp\/v2\/media\/5184854"}],"wp:attachment":[{"href":"https:\/\/gadgettravellers.eu\/it\/wp-json\/wp\/v2\/media?parent=5317906"}],"wp:term":[{"taxonomy":"product_brand","embeddable":true,"href":"https:\/\/gadgettravellers.eu\/it\/wp-json\/wp\/v2\/product_brand?post=5317906"},{"taxonomy":"product_cat","embeddable":true,"href":"https:\/\/gadgettravellers.eu\/it\/wp-json\/wp\/v2\/product_cat?post=5317906"},{"taxonomy":"product_tag","embeddable":true,"href":"https:\/\/gadgettravellers.eu\/it\/wp-json\/wp\/v2\/product_tag?post=5317906"}],"curies":[{"name":"wp","href":"https:\/\/api.w.org\/{rel}","templated":true}]}}