{"id":5317907,"date":"2026-01-19T14:57:28","date_gmt":"2026-01-19T12:57:28","guid":{"rendered":"https:\/\/gadgettravellers.eu\/shop\/runner-decorativo-per-tavolo-in-lino-santa-car-180x35cm-xmasfest-1133964\/"},"modified":"2026-04-22T22:58:36","modified_gmt":"2026-04-22T20:58:36","slug":"runner-decorativo-per-tavolo-in-lino-santa-car-180x35cm-xmasfest-1133964","status":"publish","type":"product","link":"https:\/\/gadgettravellers.eu\/it\/shop\/runner-decorativo-per-tavolo-in-lino-santa-car-180x35cm-xmasfest-1133964\/","title":{"rendered":"Runner Decorativo per Tavolo in Lino Santa car 180x35cm Xmasfest 1133964"},"content":{"rendered":"<p>Runner per decorazione tavolo 180x35cm<\/p>\n<div class='aiseo-faq-section' style='margin-top:30px; border-top:1px solid #eee; padding-top:20px;'>\n<h3>Domande Frequenti<\/h3>\n<details style='margin-bottom:10px; padding:10px; background:#f9f9f9; border-radius:5px;'>\n<summary style='font-weight:bold; cursor:pointer;'>Quali sono le dimensioni del runner?<\/summary>\n<div style='margin-top:10px; color:#555;'>Le dimensioni sono 180&#215;35 cm.<\/div>\n<\/details>\n<details style='margin-bottom:10px; padding:10px; background:#f9f9f9; border-radius:5px;'>\n<summary style='font-weight:bold; cursor:pointer;'>Di quale materiale \u00e8 fatto?<\/summary>\n<div style='margin-top:10px; color:#555;'>\u00c8 un runner di iuta.<\/div>\n<\/details>\n<details style='margin-bottom:10px; padding:10px; background:#f9f9f9; border-radius:5px;'>\n<summary style='font-weight:bold; cursor:pointer;'>Qual \u00e8 il design del prodotto?<\/summary>\n<div style='margin-top:10px; color:#555;'>Ha un design natalizio tipo \u00abSanta car\u00bb.<\/div>\n<\/details>\n<details style='margin-bottom:10px; padding:10px; background:#f9f9f9; border-radius:5px;'>\n<summary style='font-weight:bold; cursor:pointer;'>Dove si consiglia di utilizzare?<\/summary>\n<div style='margin-top:10px; color:#555;'>Ideale per la decorazione della tavola, aggiunge un&#8217;atmosfera rustica e festosa all&#8217;ambiente.<\/div>\n<\/details>\n<\/div>\n","protected":false},"excerpt":{"rendered":"<p>Runner per decorazione tavolo 180x35cm Domande Frequenti Quali sono le dimensioni del runner? Le dimensioni sono 180&#215;35 cm. Di quale materiale \u00e8 fatto? \u00c8 un runner di iuta. Qual \u00e8 il design del prodotto? Ha un design natalizio tipo \u00abSanta car\u00bb. Dove si consiglia di utilizzare? Ideale per la decorazione della tavola, aggiunge un&#8217;atmosfera rustica [&hellip;]<\/p>\n","protected":false},"featured_media":5184858,"comment_status":"closed","ping_status":"open","template":"","meta":[],"product_brand":[],"product_cat":[],"product_tag":[15],"class_list":{"0":"post-5317907","1":"product","2":"type-product","3":"status-publish","4":"has-post-thumbnail","6":"product_tag-uncategorized","8":"first","9":"onbackorder","10":"purchasable","11":"product-type-simple"},"jetpack_sharing_enabled":true,"_links":{"self":[{"href":"https:\/\/gadgettravellers.eu\/it\/wp-json\/wp\/v2\/product\/5317907","targetHints":{"allow":["GET"]}}],"collection":[{"href":"https:\/\/gadgettravellers.eu\/it\/wp-json\/wp\/v2\/product"}],"about":[{"href":"https:\/\/gadgettravellers.eu\/it\/wp-json\/wp\/v2\/types\/product"}],"replies":[{"embeddable":true,"href":"https:\/\/gadgettravellers.eu\/it\/wp-json\/wp\/v2\/comments?post=5317907"}],"wp:featuredmedia":[{"embeddable":true,"href":"https:\/\/gadgettravellers.eu\/it\/wp-json\/wp\/v2\/media\/5184858"}],"wp:attachment":[{"href":"https:\/\/gadgettravellers.eu\/it\/wp-json\/wp\/v2\/media?parent=5317907"}],"wp:term":[{"taxonomy":"product_brand","embeddable":true,"href":"https:\/\/gadgettravellers.eu\/it\/wp-json\/wp\/v2\/product_brand?post=5317907"},{"taxonomy":"product_cat","embeddable":true,"href":"https:\/\/gadgettravellers.eu\/it\/wp-json\/wp\/v2\/product_cat?post=5317907"},{"taxonomy":"product_tag","embeddable":true,"href":"https:\/\/gadgettravellers.eu\/it\/wp-json\/wp\/v2\/product_tag?post=5317907"}],"curies":[{"name":"wp","href":"https:\/\/api.w.org\/{rel}","templated":true}]}}