{"id":5317909,"date":"2026-01-19T14:57:29","date_gmt":"2026-01-19T12:57:29","guid":{"rendered":"https:\/\/gadgettravellers.eu\/shop\/decorazione-scultura-in-legno-xmas-22x13cm-xmasfest-1133968\/"},"modified":"2026-04-22T22:58:37","modified_gmt":"2026-04-22T20:58:37","slug":"decorazione-scultura-in-legno-xmas-22x13cm-xmasfest-1133968","status":"publish","type":"product","link":"https:\/\/gadgettravellers.eu\/it\/shop\/decorazione-scultura-in-legno-xmas-22x13cm-xmasfest-1133968\/","title":{"rendered":"Decorazione Scultura in Legno Xmas 22x13cm Xmasfest 1133968"},"content":{"rendered":"<p>22x13cm<\/p>\n<div class='aiseo-faq-section' style='margin-top:30px; border-top:1px solid #eee; padding-top:20px;'>\n<h3>Domande Frequenti<\/h3>\n<details style='margin-bottom:10px; padding:10px; background:#f9f9f9; border-radius:5px;'>\n<summary style='font-weight:bold; cursor:pointer;'>Di che materiale \u00e8 il gioiello?<\/summary>\n<div style='margin-top:10px; color:#555;'>Realizzato in legno naturale.<\/div>\n<\/details>\n<details style='margin-bottom:10px; padding:10px; background:#f9f9f9; border-radius:5px;'>\n<summary style='font-weight:bold; cursor:pointer;'>Quali sono le dimensioni del prodotto?<\/summary>\n<div style='margin-top:10px; color:#555;'>Le dimensioni sono 22&#215;13 cm.<\/div>\n<\/details>\n<details style='margin-bottom:10px; padding:10px; background:#f9f9f9; border-radius:5px;'>\n<summary style='font-weight:bold; cursor:pointer;'>Dove pu\u00f2 essere utilizzato questo ornamento?<\/summary>\n<div style='margin-top:10px; color:#555;'>Pu\u00f2 essere appeso all&#8217;albero di Natale, alla finestra, alla corona o posizionato in una vetrina e in casa o in ufficio.<\/div>\n<\/details>\n<details style='margin-bottom:10px; padding:10px; background:#f9f9f9; border-radius:5px;'>\n<summary style='font-weight:bold; cursor:pointer;'>\u00c8 adatto per un uso ripetuto?<\/summary>\n<div style='margin-top:10px; color:#555;'>S\u00ec \u2014 \u00e8 resistente e pu\u00f2 essere utilizzato per le prossime festivit\u00e0.<\/div>\n<\/details>\n<\/div>\n","protected":false},"excerpt":{"rendered":"<p>22x13cm Domande Frequenti Di che materiale \u00e8 il gioiello? Realizzato in legno naturale. Quali sono le dimensioni del prodotto? Le dimensioni sono 22&#215;13 cm. Dove pu\u00f2 essere utilizzato questo ornamento? Pu\u00f2 essere appeso all&#8217;albero di Natale, alla finestra, alla corona o posizionato in una vetrina e in casa o in ufficio. \u00c8 adatto per un [&hellip;]<\/p>\n","protected":false},"featured_media":5184877,"comment_status":"closed","ping_status":"open","template":"","meta":[],"product_brand":[],"product_cat":[],"product_tag":[15],"class_list":{"0":"post-5317909","1":"product","2":"type-product","3":"status-publish","4":"has-post-thumbnail","6":"product_tag-uncategorized","8":"first","9":"onbackorder","10":"purchasable","11":"product-type-simple"},"jetpack_sharing_enabled":true,"_links":{"self":[{"href":"https:\/\/gadgettravellers.eu\/it\/wp-json\/wp\/v2\/product\/5317909","targetHints":{"allow":["GET"]}}],"collection":[{"href":"https:\/\/gadgettravellers.eu\/it\/wp-json\/wp\/v2\/product"}],"about":[{"href":"https:\/\/gadgettravellers.eu\/it\/wp-json\/wp\/v2\/types\/product"}],"replies":[{"embeddable":true,"href":"https:\/\/gadgettravellers.eu\/it\/wp-json\/wp\/v2\/comments?post=5317909"}],"wp:featuredmedia":[{"embeddable":true,"href":"https:\/\/gadgettravellers.eu\/it\/wp-json\/wp\/v2\/media\/5184877"}],"wp:attachment":[{"href":"https:\/\/gadgettravellers.eu\/it\/wp-json\/wp\/v2\/media?parent=5317909"}],"wp:term":[{"taxonomy":"product_brand","embeddable":true,"href":"https:\/\/gadgettravellers.eu\/it\/wp-json\/wp\/v2\/product_brand?post=5317909"},{"taxonomy":"product_cat","embeddable":true,"href":"https:\/\/gadgettravellers.eu\/it\/wp-json\/wp\/v2\/product_cat?post=5317909"},{"taxonomy":"product_tag","embeddable":true,"href":"https:\/\/gadgettravellers.eu\/it\/wp-json\/wp\/v2\/product_tag?post=5317909"}],"curies":[{"name":"wp","href":"https:\/\/api.w.org\/{rel}","templated":true}]}}