{"id":5317911,"date":"2026-01-19T14:57:30","date_gmt":"2026-01-19T12:57:30","guid":{"rendered":"https:\/\/gadgettravellers.eu\/shop\/borsetta-in-lino-sacchetto-xmas-xmasfest-1133970\/"},"modified":"2026-04-22T22:58:38","modified_gmt":"2026-04-22T20:58:38","slug":"borsetta-in-lino-sacchetto-xmas-xmasfest-1133970","status":"publish","type":"product","link":"https:\/\/gadgettravellers.eu\/it\/shop\/borsetta-in-lino-sacchetto-xmas-xmasfest-1133970\/","title":{"rendered":"Borsetta in Lino Sacchetto Xmas  Xmasfest 1133970"},"content":{"rendered":"<div class='aiseo-faq-section' style='margin-top:30px; border-top:1px solid #eee; padding-top:20px;'>\n<h3>Domande Frequenti<\/h3>\n<details style='margin-bottom:10px; padding:10px; background:#f9f9f9; border-radius:5px;'>\n<summary style='font-weight:bold; cursor:pointer;'>Di che materiale \u00e8 fatto il portamonete?<\/summary>\n<div style='margin-top:10px; color:#555;'>\u00c8 realizzato in tela di lino naturale, che offre resistenza e un aspetto naturale.<\/div>\n<\/details>\n<details style='margin-bottom:10px; padding:10px; background:#f9f9f9; border-radius:5px;'>\n<summary style='font-weight:bold; cursor:pointer;'>Quali tipi di oggetti pu\u00f2 contenere?<\/summary>\n<div style='margin-top:10px; color:#555;'>Adatto per oggetti piccoli e medi come gioielli, dolci, decorazioni o carte.<\/div>\n<\/details>\n<details style='margin-bottom:10px; padding:10px; background:#f9f9f9; border-radius:5px;'>\n<summary style='font-weight:bold; cursor:pointer;'>Pu\u00f2 essere riutilizzato?<\/summary>\n<div style='margin-top:10px; color:#555;'>S\u00ec, la sacca \u00e8 riutilizzabile e rispettosa dell&#8217;ambiente.<\/div>\n<\/details>\n<details style='margin-bottom:10px; padding:10px; background:#f9f9f9; border-radius:5px;'>\n<summary style='font-weight:bold; cursor:pointer;'>Come si chiude la borsetta?<\/summary>\n<div style='margin-top:10px; color:#555;'>Si chiude facilmente con un laccio che offre una chiusura stabile e rapida.<\/div>\n<\/details>\n<\/div>\n","protected":false},"excerpt":{"rendered":"<p>Domande Frequenti Di che materiale \u00e8 fatto il portamonete? \u00c8 realizzato in tela di lino naturale, che offre resistenza e un aspetto naturale. Quali tipi di oggetti pu\u00f2 contenere? Adatto per oggetti piccoli e medi come gioielli, dolci, decorazioni o carte. Pu\u00f2 essere riutilizzato? S\u00ec, la sacca \u00e8 riutilizzabile e rispettosa dell&#8217;ambiente. Come si chiude [&hellip;]<\/p>\n","protected":false},"featured_media":5184895,"comment_status":"closed","ping_status":"open","template":"","meta":[],"product_brand":[],"product_cat":[],"product_tag":[15],"class_list":{"0":"post-5317911","1":"product","2":"type-product","3":"status-publish","4":"has-post-thumbnail","6":"product_tag-uncategorized","8":"first","9":"onbackorder","10":"purchasable","11":"product-type-simple"},"jetpack_sharing_enabled":true,"_links":{"self":[{"href":"https:\/\/gadgettravellers.eu\/it\/wp-json\/wp\/v2\/product\/5317911","targetHints":{"allow":["GET"]}}],"collection":[{"href":"https:\/\/gadgettravellers.eu\/it\/wp-json\/wp\/v2\/product"}],"about":[{"href":"https:\/\/gadgettravellers.eu\/it\/wp-json\/wp\/v2\/types\/product"}],"replies":[{"embeddable":true,"href":"https:\/\/gadgettravellers.eu\/it\/wp-json\/wp\/v2\/comments?post=5317911"}],"wp:featuredmedia":[{"embeddable":true,"href":"https:\/\/gadgettravellers.eu\/it\/wp-json\/wp\/v2\/media\/5184895"}],"wp:attachment":[{"href":"https:\/\/gadgettravellers.eu\/it\/wp-json\/wp\/v2\/media?parent=5317911"}],"wp:term":[{"taxonomy":"product_brand","embeddable":true,"href":"https:\/\/gadgettravellers.eu\/it\/wp-json\/wp\/v2\/product_brand?post=5317911"},{"taxonomy":"product_cat","embeddable":true,"href":"https:\/\/gadgettravellers.eu\/it\/wp-json\/wp\/v2\/product_cat?post=5317911"},{"taxonomy":"product_tag","embeddable":true,"href":"https:\/\/gadgettravellers.eu\/it\/wp-json\/wp\/v2\/product_tag?post=5317911"}],"curies":[{"name":"wp","href":"https:\/\/api.w.org\/{rel}","templated":true}]}}