{"id":5317914,"date":"2026-01-19T14:57:31","date_gmt":"2026-01-19T12:57:31","guid":{"rendered":"https:\/\/gadgettravellers.eu\/shop\/corona-di-natale-con-agrifoglio-o40cm-xmasfest-1133973\/"},"modified":"2026-04-22T22:58:39","modified_gmt":"2026-04-22T20:58:39","slug":"corona-di-natale-con-agrifoglio-o40cm-xmasfest-1133973","status":"publish","type":"product","link":"https:\/\/gadgettravellers.eu\/it\/shop\/corona-di-natale-con-agrifoglio-o40cm-xmasfest-1133973\/","title":{"rendered":"Corona di Natale con agrifoglio \u00f840cm Xmasfest 1133973"},"content":{"rendered":"<p>\u00f840cm<\/p>\n<div class='aiseo-faq-section' style='margin-top:30px; border-top:1px solid #eee; padding-top:20px;'>\n<h3>Domande Frequenti<\/h3>\n<details style='margin-bottom:10px; padding:10px; background:#f9f9f9; border-radius:5px;'>\n<summary style='font-weight:bold; cursor:pointer;'>Pu\u00f2 essere installato su una porta e su una parete?<\/summary>\n<div style='margin-top:10px; color:#555;'>S\u00ec, \u00e8 adatto per porte e pareti interne.<\/div>\n<\/details>\n<details style='margin-bottom:10px; padding:10px; background:#f9f9f9; border-radius:5px;'>\n<summary style='font-weight:bold; cursor:pointer;'>Di che materiale \u00e8 fatto?<\/summary>\n<div style='margin-top:10px; color:#555;'>\u00c8 realizzato con materiali sintetici resistenti che mantengono la forma e il colore.<\/div>\n<\/details>\n<details style='margin-bottom:10px; padding:10px; background:#f9f9f9; border-radius:5px;'>\n<summary style='font-weight:bold; cursor:pointer;'>Qual \u00e8 il diametro della corona?<\/summary>\n<div style='margin-top:10px; color:#555;'>Il diametro \u00e8 di 40 cm.<\/div>\n<\/details>\n<details style='margin-bottom:10px; padding:10px; background:#f9f9f9; border-radius:5px;'>\n<summary style='font-weight:bold; cursor:pointer;'>Pu\u00f2 essere salvato e riutilizzato?<\/summary>\n<div style='margin-top:10px; color:#555;'>S\u00ec, \u00e8 facile da installare e conservare ed \u00e8 destinato all&#8217;uso ripetuto ogni stagione.<\/div>\n<\/details>\n<\/div>\n","protected":false},"excerpt":{"rendered":"<p>\u00f840cm Domande Frequenti Pu\u00f2 essere installato su una porta e su una parete? S\u00ec, \u00e8 adatto per porte e pareti interne. Di che materiale \u00e8 fatto? \u00c8 realizzato con materiali sintetici resistenti che mantengono la forma e il colore. Qual \u00e8 il diametro della corona? Il diametro \u00e8 di 40 cm. Pu\u00f2 essere salvato e [&hellip;]<\/p>\n","protected":false},"featured_media":5184907,"comment_status":"closed","ping_status":"open","template":"","meta":[],"product_brand":[],"product_cat":[],"product_tag":[15],"class_list":{"0":"post-5317914","1":"product","2":"type-product","3":"status-publish","4":"has-post-thumbnail","6":"product_tag-uncategorized","8":"first","9":"onbackorder","10":"purchasable","11":"product-type-simple"},"jetpack_sharing_enabled":true,"_links":{"self":[{"href":"https:\/\/gadgettravellers.eu\/it\/wp-json\/wp\/v2\/product\/5317914","targetHints":{"allow":["GET"]}}],"collection":[{"href":"https:\/\/gadgettravellers.eu\/it\/wp-json\/wp\/v2\/product"}],"about":[{"href":"https:\/\/gadgettravellers.eu\/it\/wp-json\/wp\/v2\/types\/product"}],"replies":[{"embeddable":true,"href":"https:\/\/gadgettravellers.eu\/it\/wp-json\/wp\/v2\/comments?post=5317914"}],"wp:featuredmedia":[{"embeddable":true,"href":"https:\/\/gadgettravellers.eu\/it\/wp-json\/wp\/v2\/media\/5184907"}],"wp:attachment":[{"href":"https:\/\/gadgettravellers.eu\/it\/wp-json\/wp\/v2\/media?parent=5317914"}],"wp:term":[{"taxonomy":"product_brand","embeddable":true,"href":"https:\/\/gadgettravellers.eu\/it\/wp-json\/wp\/v2\/product_brand?post=5317914"},{"taxonomy":"product_cat","embeddable":true,"href":"https:\/\/gadgettravellers.eu\/it\/wp-json\/wp\/v2\/product_cat?post=5317914"},{"taxonomy":"product_tag","embeddable":true,"href":"https:\/\/gadgettravellers.eu\/it\/wp-json\/wp\/v2\/product_tag?post=5317914"}],"curies":[{"name":"wp","href":"https:\/\/api.w.org\/{rel}","templated":true}]}}