{"id":5317916,"date":"2026-01-19T14:57:32","date_gmt":"2026-01-19T12:57:32","guid":{"rendered":"https:\/\/gadgettravellers.eu\/shop\/corona-di-natale-o30cm-xmasfest-1133974\/"},"modified":"2026-04-22T22:58:40","modified_gmt":"2026-04-22T20:58:40","slug":"corona-di-natale-o30cm-xmasfest-1133974","status":"publish","type":"product","link":"https:\/\/gadgettravellers.eu\/it\/shop\/corona-di-natale-o30cm-xmasfest-1133974\/","title":{"rendered":"Corona di Natale \u00f830cm Xmasfest 1133974"},"content":{"rendered":"<p>\u00f830cm<\/p>\n<div class='aiseo-faq-section' style='margin-top:30px; border-top:1px solid #eee; padding-top:20px;'>\n<h3>Domande Frequenti<\/h3>\n<details style='margin-bottom:10px; padding:10px; background:#f9f9f9; border-radius:5px;'>\n<summary style='font-weight:bold; cursor:pointer;'>Qual \u00e8 il diametro della corona?<\/summary>\n<div style='margin-top:10px; color:#555;'>Il diametro \u00e8 di 30 cm.<\/div>\n<\/details>\n<details style='margin-bottom:10px; padding:10px; background:#f9f9f9; border-radius:5px;'>\n<summary style='font-weight:bold; cursor:pointer;'>Pu\u00f2 essere appeso a porte e pareti?<\/summary>\n<div style='margin-top:10px; color:#555;'>S\u00ec, \u00e8 pronto per essere appeso ed \u00e8 adatto per porte e pareti.<\/div>\n<\/details>\n<details style='margin-bottom:10px; padding:10px; background:#f9f9f9; border-radius:5px;'>\n<summary style='font-weight:bold; cursor:pointer;'>\u00c8 necessaria un&#8217;installazione speciale per il montaggio?<\/summary>\n<div style='margin-top:10px; color:#555;'>No, l&#8217;installazione \u00e8 facile e non richiede un&#8217;installazione speciale.<\/div>\n<\/details>\n<details style='margin-bottom:10px; padding:10px; background:#f9f9f9; border-radius:5px;'>\n<summary style='font-weight:bold; cursor:pointer;'>Pu\u00f2 essere riutilizzato per le prossime festivit\u00e0?<\/summary>\n<div style='margin-top:10px; color:#555;'>S\u00ec, \u00e8 leggero e riutilizzabile per le prossime feste.<\/div>\n<\/details>\n<\/div>\n","protected":false},"excerpt":{"rendered":"<p>\u00f830cm Domande Frequenti Qual \u00e8 il diametro della corona? Il diametro \u00e8 di 30 cm. Pu\u00f2 essere appeso a porte e pareti? S\u00ec, \u00e8 pronto per essere appeso ed \u00e8 adatto per porte e pareti. \u00c8 necessaria un&#8217;installazione speciale per il montaggio? No, l&#8217;installazione \u00e8 facile e non richiede un&#8217;installazione speciale. Pu\u00f2 essere riutilizzato per [&hellip;]<\/p>\n","protected":false},"featured_media":5184911,"comment_status":"closed","ping_status":"open","template":"","meta":[],"product_brand":[],"product_cat":[],"product_tag":[15],"class_list":{"0":"post-5317916","1":"product","2":"type-product","3":"status-publish","4":"has-post-thumbnail","6":"product_tag-uncategorized","8":"first","9":"onbackorder","10":"purchasable","11":"product-type-simple"},"jetpack_sharing_enabled":true,"_links":{"self":[{"href":"https:\/\/gadgettravellers.eu\/it\/wp-json\/wp\/v2\/product\/5317916","targetHints":{"allow":["GET"]}}],"collection":[{"href":"https:\/\/gadgettravellers.eu\/it\/wp-json\/wp\/v2\/product"}],"about":[{"href":"https:\/\/gadgettravellers.eu\/it\/wp-json\/wp\/v2\/types\/product"}],"replies":[{"embeddable":true,"href":"https:\/\/gadgettravellers.eu\/it\/wp-json\/wp\/v2\/comments?post=5317916"}],"wp:featuredmedia":[{"embeddable":true,"href":"https:\/\/gadgettravellers.eu\/it\/wp-json\/wp\/v2\/media\/5184911"}],"wp:attachment":[{"href":"https:\/\/gadgettravellers.eu\/it\/wp-json\/wp\/v2\/media?parent=5317916"}],"wp:term":[{"taxonomy":"product_brand","embeddable":true,"href":"https:\/\/gadgettravellers.eu\/it\/wp-json\/wp\/v2\/product_brand?post=5317916"},{"taxonomy":"product_cat","embeddable":true,"href":"https:\/\/gadgettravellers.eu\/it\/wp-json\/wp\/v2\/product_cat?post=5317916"},{"taxonomy":"product_tag","embeddable":true,"href":"https:\/\/gadgettravellers.eu\/it\/wp-json\/wp\/v2\/product_tag?post=5317916"}],"curies":[{"name":"wp","href":"https:\/\/api.w.org\/{rel}","templated":true}]}}