{"id":5317918,"date":"2026-01-19T14:57:33","date_gmt":"2026-01-19T12:57:33","guid":{"rendered":"https:\/\/gadgettravellers.eu\/shop\/ghirlanda-con-vischio-filoma-175cm-xmasfest-1133976\/"},"modified":"2026-04-22T22:58:41","modified_gmt":"2026-04-22T20:58:41","slug":"ghirlanda-con-vischio-filoma-175cm-xmasfest-1133976","status":"publish","type":"product","link":"https:\/\/gadgettravellers.eu\/it\/shop\/ghirlanda-con-vischio-filoma-175cm-xmasfest-1133976\/","title":{"rendered":"Ghirlanda con vischio &#038; Filoma 175cm Xmasfest 1133976"},"content":{"rendered":"<p>Ghirlanda 175cm<\/p>\n<div class='aiseo-faq-section' style='margin-top:30px; border-top:1px solid #eee; padding-top:20px;'>\n<h3>Domande Frequenti<\/h3>\n<details style='margin-bottom:10px; padding:10px; background:#f9f9f9; border-radius:5px;'>\n<summary style='font-weight:bold; cursor:pointer;'>Qual \u00e8 la lunghezza della ghirlanda?<\/summary>\n<div style='margin-top:10px; color:#555;'>La ghirlanda ha una lunghezza di 175 cm.<\/div>\n<\/details>\n<details style='margin-bottom:10px; padding:10px; background:#f9f9f9; border-radius:5px;'>\n<summary style='font-weight:bold; cursor:pointer;'>In quali ambienti \u00e8 adatta la ghirlanda?<\/summary>\n<div style='margin-top:10px; color:#555;'>\u00c8 ideale per porte, caminetti, ringhiere e tavoli per interni.<\/div>\n<\/details>\n<details style='margin-bottom:10px; padding:10px; background:#f9f9f9; border-radius:5px;'>\n<summary style='font-weight:bold; cursor:pointer;'>\u00c8 necessaria l&#8217;illuminazione per un aspetto naturale?<\/summary>\n<div style='margin-top:10px; color:#555;'>No, le foglie sintetiche hanno un aspetto naturale senza bisogno di illuminazione.<\/div>\n<\/details>\n<details style='margin-bottom:10px; padding:10px; background:#f9f9f9; border-radius:5px;'>\n<summary style='font-weight:bold; cursor:pointer;'>Pu\u00f2 essere riutilizzato e quanto \u00e8 facile da installare?<\/summary>\n<div style='margin-top:10px; color:#555;'>S\u00ec, \u00e8 riutilizzabile e facile da modellare e fissare.<\/div>\n<\/details>\n<\/div>\n","protected":false},"excerpt":{"rendered":"<p>Ghirlanda 175cm Domande Frequenti Qual \u00e8 la lunghezza della ghirlanda? La ghirlanda ha una lunghezza di 175 cm. In quali ambienti \u00e8 adatta la ghirlanda? \u00c8 ideale per porte, caminetti, ringhiere e tavoli per interni. \u00c8 necessaria l&#8217;illuminazione per un aspetto naturale? No, le foglie sintetiche hanno un aspetto naturale senza bisogno di illuminazione. Pu\u00f2 [&hellip;]<\/p>\n","protected":false},"featured_media":5184919,"comment_status":"closed","ping_status":"open","template":"","meta":[],"product_brand":[],"product_cat":[],"product_tag":[15],"class_list":{"0":"post-5317918","1":"product","2":"type-product","3":"status-publish","4":"has-post-thumbnail","6":"product_tag-uncategorized","8":"first","9":"onbackorder","10":"purchasable","11":"product-type-simple"},"jetpack_sharing_enabled":true,"_links":{"self":[{"href":"https:\/\/gadgettravellers.eu\/it\/wp-json\/wp\/v2\/product\/5317918","targetHints":{"allow":["GET"]}}],"collection":[{"href":"https:\/\/gadgettravellers.eu\/it\/wp-json\/wp\/v2\/product"}],"about":[{"href":"https:\/\/gadgettravellers.eu\/it\/wp-json\/wp\/v2\/types\/product"}],"replies":[{"embeddable":true,"href":"https:\/\/gadgettravellers.eu\/it\/wp-json\/wp\/v2\/comments?post=5317918"}],"wp:featuredmedia":[{"embeddable":true,"href":"https:\/\/gadgettravellers.eu\/it\/wp-json\/wp\/v2\/media\/5184919"}],"wp:attachment":[{"href":"https:\/\/gadgettravellers.eu\/it\/wp-json\/wp\/v2\/media?parent=5317918"}],"wp:term":[{"taxonomy":"product_brand","embeddable":true,"href":"https:\/\/gadgettravellers.eu\/it\/wp-json\/wp\/v2\/product_brand?post=5317918"},{"taxonomy":"product_cat","embeddable":true,"href":"https:\/\/gadgettravellers.eu\/it\/wp-json\/wp\/v2\/product_cat?post=5317918"},{"taxonomy":"product_tag","embeddable":true,"href":"https:\/\/gadgettravellers.eu\/it\/wp-json\/wp\/v2\/product_tag?post=5317918"}],"curies":[{"name":"wp","href":"https:\/\/api.w.org\/{rel}","templated":true}]}}